{"id":887,"date":"2021-08-07T23:11:42","date_gmt":"2021-08-07T21:11:42","guid":{"rendered":"http:\/\/nspj.wroclaw.pl\/new\/?page_id=887"},"modified":"2024-08-17T22:21:10","modified_gmt":"2024-08-17T20:21:10","slug":"grupy-parafialne-2","status":"publish","type":"page","link":"https:\/\/nspj.wroclaw.pl\/new\/grupy-parafialne-2\/","title":{"rendered":"Grupy parafialne"},"content":{"rendered":"\t\t<div data-elementor-type=\"wp-page\" data-elementor-id=\"887\" class=\"elementor elementor-887\">\n\t\t\t\t\t\t\t\t\t<section class=\"elementor-section elementor-top-section elementor-element elementor-element-bd5a142 elementor-section-boxed elementor-section-height-default elementor-section-height-default\" data-id=\"bd5a142\" data-element_type=\"section\">\n\t\t\t\t\t\t<div class=\"elementor-container elementor-column-gap-default\">\n\t\t\t\t\t<div class=\"elementor-column elementor-col-100 elementor-top-column elementor-element elementor-element-8902654\" data-id=\"8902654\" data-element_type=\"column\">\n\t\t\t<div class=\"elementor-widget-wrap elementor-element-populated\">\n\t\t\t\t\t\t\t\t<div class=\"elementor-element elementor-element-1ecf366 elementor-widget elementor-widget-heading\" data-id=\"1ecf366\" data-element_type=\"widget\" data-widget_type=\"heading.default\">\n\t\t\t\t<div class=\"elementor-widget-container\">\n\t\t\t<style>\/*! elementor - v3.14.0 - 26-06-2023 *\/\n.elementor-heading-title{padding:0;margin:0;line-height:1}.elementor-widget-heading .elementor-heading-title[class*=elementor-size-]>a{color:inherit;font-size:inherit;line-height:inherit}.elementor-widget-heading .elementor-heading-title.elementor-size-small{font-size:15px}.elementor-widget-heading .elementor-heading-title.elementor-size-medium{font-size:19px}.elementor-widget-heading .elementor-heading-title.elementor-size-large{font-size:29px}.elementor-widget-heading .elementor-heading-title.elementor-size-xl{font-size:39px}.elementor-widget-heading .elementor-heading-title.elementor-size-xxl{font-size:59px}<\/style><h3 class=\"elementor-heading-title elementor-size-default\">Wsp\u00f3lnoty i grupy dzia\u0142aj\u0105ce na terenie parafii NSPJ Wroc\u0142aw - Paw\u0142owice<br><br><\/h3>\t\t<\/div>\n\t\t\t\t<\/div>\n\t\t\t\t\t<\/div>\n\t\t<\/div>\n\t\t\t\t\t\t\t<\/div>\n\t\t<\/section>\n\t\t\t\t<section class=\"elementor-section elementor-top-section elementor-element elementor-element-f5670a9 elementor-section-boxed elementor-section-height-default elementor-section-height-default\" data-id=\"f5670a9\" data-element_type=\"section\">\n\t\t\t\t\t\t<div class=\"elementor-container elementor-column-gap-default\">\n\t\t\t\t\t<div class=\"elementor-column elementor-col-100 elementor-top-column elementor-element elementor-element-498e793\" data-id=\"498e793\" data-element_type=\"column\">\n\t\t\t<div class=\"elementor-widget-wrap elementor-element-populated\">\n\t\t\t\t\t\t\t\t<div class=\"elementor-element elementor-element-2b13050 elementor-align-center elementor-widget elementor-widget-button\" data-id=\"2b13050\" data-element_type=\"widget\" data-widget_type=\"button.default\">\n\t\t\t\t<div class=\"elementor-widget-container\">\n\t\t\t\t\t<div class=\"elementor-button-wrapper\">\n\t\t\t<a class=\"elementor-button elementor-button-link elementor-size-xl\" href=\"https:\/\/nspj.wroclaw.pl\/new\/grupy-parafialne-2\/caritas-parafialny\/\">\n\t\t\t\t\t\t<span class=\"elementor-button-content-wrapper\">\n\t\t\t\t\t\t<span class=\"elementor-button-text\">caritas parafialny<\/span>\n\t\t<\/span>\n\t\t\t\t\t<\/a>\n\t\t<\/div>\n\t\t\t\t<\/div>\n\t\t\t\t<\/div>\n\t\t\t\t<div class=\"elementor-element elementor-element-532215f elementor-align-center elementor-widget elementor-widget-button\" data-id=\"532215f\" data-element_type=\"widget\" data-widget_type=\"button.default\">\n\t\t\t\t<div class=\"elementor-widget-container\">\n\t\t\t\t\t<div class=\"elementor-button-wrapper\">\n\t\t\t<a class=\"elementor-button elementor-button-link elementor-size-xl\" href=\"https:\/\/nspj.wroclaw.pl\/new\/grupy-parafialne-2\/chor-parafialny-laudate-dominum\/\">\n\t\t\t\t\t\t<span class=\"elementor-button-content-wrapper\">\n\t\t\t\t\t\t<span class=\"elementor-button-text\">CH\u00d3R PARAFIALNY LAUDATE DOMINUM\u200b<\/span>\n\t\t<\/span>\n\t\t\t\t\t<\/a>\n\t\t<\/div>\n\t\t\t\t<\/div>\n\t\t\t\t<\/div>\n\t\t\t\t<div class=\"elementor-element elementor-element-775847c elementor-align-center elementor-widget elementor-widget-button\" data-id=\"775847c\" data-element_type=\"widget\" data-widget_type=\"button.default\">\n\t\t\t\t<div class=\"elementor-widget-container\">\n\t\t\t\t\t<div class=\"elementor-button-wrapper\">\n\t\t\t<a class=\"elementor-button elementor-button-link elementor-size-xl\" href=\"https:\/\/nspj.wroclaw.pl\/new\/grupy-parafialne\/kolo-przyjaciol-radia-maryja\/\">\n\t\t\t\t\t\t<span class=\"elementor-button-content-wrapper\">\n\t\t\t\t\t\t<span class=\"elementor-button-text\">Ko\u0142o Przyjaci\u00f3\u0142 Radia maryja<\/span>\n\t\t<\/span>\n\t\t\t\t\t<\/a>\n\t\t<\/div>\n\t\t\t\t<\/div>\n\t\t\t\t<\/div>\n\t\t\t\t<div class=\"elementor-element elementor-element-acb597f elementor-align-center elementor-widget elementor-widget-button\" data-id=\"acb597f\" data-element_type=\"widget\" data-widget_type=\"button.default\">\n\t\t\t\t<div class=\"elementor-widget-container\">\n\t\t\t\t\t<div class=\"elementor-button-wrapper\">\n\t\t\t<a class=\"elementor-button elementor-button-link elementor-size-xl\" href=\"https:\/\/nspj.wroclaw.pl\/new\/grupy-parafialne-2\/kosciol-domowy\/\">\n\t\t\t\t\t\t<span class=\"elementor-button-content-wrapper\">\n\t\t\t\t\t\t<span class=\"elementor-button-text\">ko\u015bci\u00f3\u0142 domowy<\/span>\n\t\t<\/span>\n\t\t\t\t\t<\/a>\n\t\t<\/div>\n\t\t\t\t<\/div>\n\t\t\t\t<\/div>\n\t\t\t\t<div class=\"elementor-element elementor-element-317d2e3 elementor-align-center elementor-widget elementor-widget-button\" data-id=\"317d2e3\" data-element_type=\"widget\" data-widget_type=\"button.default\">\n\t\t\t\t<div class=\"elementor-widget-container\">\n\t\t\t\t\t<div class=\"elementor-button-wrapper\">\n\t\t\t<a class=\"elementor-button elementor-button-link elementor-size-xl\" href=\"https:\/\/nspj.wroclaw.pl\/new\/lso\/\">\n\t\t\t\t\t\t<span class=\"elementor-button-content-wrapper\">\n\t\t\t\t\t\t<span class=\"elementor-button-text\">liturgiczna s\u0142u\u017cba o\u0142tarza<\/span>\n\t\t<\/span>\n\t\t\t\t\t<\/a>\n\t\t<\/div>\n\t\t\t\t<\/div>\n\t\t\t\t<\/div>\n\t\t\t\t<div class=\"elementor-element elementor-element-34755f6 elementor-align-center elementor-widget elementor-widget-button\" data-id=\"34755f6\" data-element_type=\"widget\" data-widget_type=\"button.default\">\n\t\t\t\t<div class=\"elementor-widget-container\">\n\t\t\t\t\t<div class=\"elementor-button-wrapper\">\n\t\t\t<a class=\"elementor-button elementor-button-link elementor-size-xl\" href=\"https:\/\/nspj.wroclaw.pl\/new\/rozaniec-rodzicow\/\">\n\t\t\t\t\t\t<span class=\"elementor-button-content-wrapper\">\n\t\t\t\t\t\t<span class=\"elementor-button-text\">R\u00f3\u017caniec Rodzic\u00f3w<\/span>\n\t\t<\/span>\n\t\t\t\t\t<\/a>\n\t\t<\/div>\n\t\t\t\t<\/div>\n\t\t\t\t<\/div>\n\t\t\t\t<div class=\"elementor-element elementor-element-35b000f elementor-align-center elementor-widget elementor-widget-button\" data-id=\"35b000f\" data-element_type=\"widget\" data-widget_type=\"button.default\">\n\t\t\t\t<div class=\"elementor-widget-container\">\n\t\t\t\t\t<div class=\"elementor-button-wrapper\">\n\t\t\t<a class=\"elementor-button elementor-button-link elementor-size-xl\" href=\"https:\/\/nspj.wroclaw.pl\/new\/grupy-parafialne\/zywy-rozaniec\/\">\n\t\t\t\t\t\t<span class=\"elementor-button-content-wrapper\">\n\t\t\t\t\t\t<span class=\"elementor-button-text\">\u017bywy R\u00f3\u017canieC<\/span>\n\t\t<\/span>\n\t\t\t\t\t<\/a>\n\t\t<\/div>\n\t\t\t\t<\/div>\n\t\t\t\t<\/div>\n\t\t\t\t\t<\/div>\n\t\t<\/div>\n\t\t\t\t\t\t\t<\/div>\n\t\t<\/section>\n\t\t\t\t\t\t\t<\/div>\n\t\t","protected":false},"excerpt":{"rendered":"<p>Wsp\u00f3lnoty i grupy dzia\u0142aj\u0105ce na terenie parafii NSPJ Wroc\u0142aw &#8211; Paw\u0142owice caritas parafialny CH\u00d3R PARAFIALNY LAUDATE DOMINUM\u200b Ko\u0142o Przyjaci\u00f3\u0142 Radia maryja ko\u015bci\u00f3\u0142 domowy liturgiczna s\u0142u\u017cba o\u0142tarza R\u00f3\u017caniec Rodzic\u00f3w \u017bywy R\u00f3\u017canieC<\/p>\n","protected":false},"author":1,"featured_media":2022,"parent":0,"menu_order":0,"comment_status":"closed","ping_status":"closed","template":"","meta":{"ngg_post_thumbnail":0,"footnotes":""},"class_list":["post-887","page","type-page","status-publish","has-post-thumbnail","hentry"],"aioseo_notices":[],"_links":{"self":[{"href":"https:\/\/nspj.wroclaw.pl\/new\/wp-json\/wp\/v2\/pages\/887","targetHints":{"allow":["GET"]}}],"collection":[{"href":"https:\/\/nspj.wroclaw.pl\/new\/wp-json\/wp\/v2\/pages"}],"about":[{"href":"https:\/\/nspj.wroclaw.pl\/new\/wp-json\/wp\/v2\/types\/page"}],"author":[{"embeddable":true,"href":"https:\/\/nspj.wroclaw.pl\/new\/wp-json\/wp\/v2\/users\/1"}],"replies":[{"embeddable":true,"href":"https:\/\/nspj.wroclaw.pl\/new\/wp-json\/wp\/v2\/comments?post=887"}],"version-history":[{"count":152,"href":"https:\/\/nspj.wroclaw.pl\/new\/wp-json\/wp\/v2\/pages\/887\/revisions"}],"predecessor-version":[{"id":8312,"href":"https:\/\/nspj.wroclaw.pl\/new\/wp-json\/wp\/v2\/pages\/887\/revisions\/8312"}],"wp:featuredmedia":[{"embeddable":true,"href":"https:\/\/nspj.wroclaw.pl\/new\/wp-json\/wp\/v2\/media\/2022"}],"wp:attachment":[{"href":"https:\/\/nspj.wroclaw.pl\/new\/wp-json\/wp\/v2\/media?parent=887"}],"curies":[{"name":"wp","href":"https:\/\/api.w.org\/{rel}","templated":true}]}}