{"id":8397,"date":"2024-09-22T14:17:02","date_gmt":"2024-09-22T12:17:02","guid":{"rendered":"https:\/\/nspj.wroclaw.pl\/new\/?page_id=8397"},"modified":"2025-01-16T21:05:08","modified_gmt":"2025-01-16T20:05:08","slug":"nowenna-do-matki-boskiej-nieustajacej-pomocy","status":"publish","type":"page","link":"https:\/\/nspj.wroclaw.pl\/new\/nowenna-do-matki-boskiej-nieustajacej-pomocy\/","title":{"rendered":"Nowenna do Matki Boskiej Nieustaj\u0105cej Pomocy"},"content":{"rendered":"<p><img loading=\"lazy\" decoding=\"async\" class=\"aligncenter wp-image-8401\" src=\"https:\/\/nspj.wroclaw.pl\/new\/wp-content\/uploads\/2024\/09\/Matka-Boska-NP-239x300.jpg\" alt=\"\" width=\"300\" height=\"377\" srcset=\"https:\/\/nspj.wroclaw.pl\/new\/wp-content\/uploads\/2024\/09\/Matka-Boska-NP-239x300.jpg 239w, https:\/\/nspj.wroclaw.pl\/new\/wp-content\/uploads\/2024\/09\/Matka-Boska-NP-478x600.jpg 478w, https:\/\/nspj.wroclaw.pl\/new\/wp-content\/uploads\/2024\/09\/Matka-Boska-NP-127x160.jpg 127w, https:\/\/nspj.wroclaw.pl\/new\/wp-content\/uploads\/2024\/09\/Matka-Boska-NP.jpg 500w\" sizes=\"auto, (max-width: 300px) 100vw, 300px\" \/><\/p>\n<p><span style=\"color: #000000;\"><strong>W naszym ko\u015bciele w ka\u017cd\u0105 \u015brod\u0119 o godzinie 18:00 odprawiana jest Nowenna do Matki Bo\u017cej Nieustaj\u0105cej Pomocy.<\/strong> Nabo\u017ce\u0144stwo po\u0142\u0105czone z Msz\u0105 \u015awi\u0119t\u0105 jest wielkim \u017ar\u00f3d\u0142em potrzebnych \u0142ask. Modl\u0105c si\u0119 przed obrazem Matki Bo\u017cej Nieustaj\u0105cej Pomocy, wierzymy g\u0142\u0119boko, \u017ce Maryja nigdy nie opuszcza tych, kt\u00f3rzy przez Ni\u0105, z g\u0142\u0119bok\u0105 wiar\u0105, zanosz\u0105 modlitwy do Boga.<\/span><\/p>\n<p><span style=\"color: #000000;\"><span class=\"JCzEY tNxQIb\" style=\"color: #808080;\"><span class=\"CSkcDe\">Jak si\u0119 odmawia Nowenn\u0119 do Matki Bo\u017cej Nieustaj\u0105cej Pomocy?<\/span><\/span><br \/>\n<\/span><span style=\"color: #000000;\">Do istoty tego nabo\u017ce\u0144stwa nale\u017cy tzw. Modlitwa Rzymska i odczytywanie prywatnych pr\u00f3\u015bb i podzi\u0119kowa\u0144.<\/span><\/p>\n<p><strong><span style=\"color: #000000;\">Modlitwa Rzymska<\/span><\/strong><\/p>\n<p><span style=\"color: #000000;\">O Matko Nieustaj\u0105cej Pomocy, z najwi\u0119ksz\u0105 ufno\u015bci\u0105 przychodz\u0119 dzisiaj przed Tw\u00f3j \u015bwi\u0119ty obraz, aby b\u0142aga\u0107 o pomoc Twoj\u0105. Nie licz\u0119 na moje zas\u0142ugi, ani na moje dobre uczynki, ale tylko na niesko\u0144czone zas\u0142ugi Pana Jezusa i na Twoj\u0105 niezr\u00f3wnan\u0105 mi\u0142o\u015b\u0107 macierzy\u0144sk\u0105. Ty\u015b patrzy\u0142a, o Matko, na rany Odkupiciela i na krew Jego wylan\u0105 na krzy\u017cu dla naszego zbawienia. Ten\u017ce Syn Tw\u00f3j umieraj\u0105c da\u0142 nam Ciebie za Matk\u0119. Czy\u017c wi\u0119c nie b\u0119dziesz dla nas, jak g\u0142osi Tw\u00f3j s\u0142odki tytu\u0142: Nieustaj\u0105c\u0105 Wspomo\u017cycielk\u0105? Ciebie wi\u0119c o Matko Nieustaj\u0105cej Pomocy, przez bolesn\u0105 m\u0119k\u0119 i \u015bmier\u0107 Twego Boskiego Syna, przez niewypowiedziane cierpienia Twego Serca, o Wsp\u00f3\u0142odkupicielko, b\u0142agam najgor\u0119cej, aby\u015b wyprosi\u0142a mi u Syna Twego t\u0105 \u0142ask\u0119, kt\u00f3rej tak bardzo pragn\u0119 i tak bardzo potrzebuj\u0119&#8230;<\/span><\/p>\n<p><em><span style=\"color: #000000;\">Chwila ciszy<\/span><\/em><\/p>\n<p><span style=\"color: #000000;\">Ty wiesz o Matko Przeb\u0142ogos\u0142awiona, jak bardzo Jezus Odkupiciel nasz pragnie udziela\u0107 nam wszelkich owoc\u00f3w Odkupienia. Ty wiesz, ze skarby te zosta\u0142y z\u0142o\u017cone w Twoje r\u0119ce, aby\u015b je nam rozdziela\u0142a Wyjednaj mi przeto o Naj\u0142askawsza Matko, u Serca Jezusowego t\u0119 \u0142ask\u0119, o kt\u00f3r\u0105 w tej nowennie pokornie prosz\u0119, a ja z rado\u015bci wychwala\u0107 b\u0119d\u0119 Twoje mi\u0142osierdzie przez ca\u0142\u0105 wieczno\u015b\u0107. Amen.<\/span><\/p>\n<p>&nbsp;<\/p>\n<p><span style=\"color: #000000;\"><strong>Wezwania do Matki Bo\u017cej Nieustaj\u0105cej Pomocy<\/strong><\/span><\/p>\n<p><span style=\"color: #000000;\">K: O Matko Boska, za nami wstawiaj si\u0119!<\/span><\/p>\n<p><span style=\"color: #000000;\">W: O Matko Boska, za nami wstawiaj si\u0119!<\/span><\/p>\n<p>&nbsp;<\/p>\n<p><span style=\"color: #000000;\"><em>Ksi\u0105dz \u015bpiewa wezwania:<\/em><\/span><\/p>\n<p><span style=\"color: #000000;\">K: Jutrzenko zaranna na niebie!<\/span><\/p>\n<p>&nbsp;<\/p>\n<p><span style=\"color: #000000;\"><em>Pozostali odpowiadaj\u0105 po ka\u017cdym z nich:<\/em><\/span><\/p>\n<p><span style=\"color: #000000;\">W: O Maryjo, b\u0142agamy Ci\u0119!<\/span><\/p>\n<p>&nbsp;<\/p>\n<p><span style=\"color: #000000;\">K: Pi\u0119kniejsza nad s\u0142o\u0144ce i gwiazdy!<\/span><\/p>\n<p><span style=\"color: #000000;\">\u015aliczniejsza nad cedry Libanu!<\/span><\/p>\n<p><span style=\"color: #000000;\">Cudniejsza nad per\u0142y i z\u0142oto!<\/span><\/p>\n<p><span style=\"color: #000000;\">Przez Serce Twe niepokalane!<\/span><\/p>\n<p>&nbsp;<\/p>\n<p><span style=\"color: #000000;\">K: O Matko Boska, za nami wstawiaj si\u0119!<\/span><\/p>\n<p><span style=\"color: #000000;\">W: O Matko Boska, za nami wstawiaj si\u0119!<\/span><\/p>\n<p>&nbsp;<\/p>\n<p><span style=\"color: #000000;\">K: Panno, \u0142ask Bo\u017cych pe\u0142na!<\/span><\/p>\n<p><span style=\"color: #000000;\">W: Ho\u0142d Ci oddaje wierny Tw\u00f3j lud!<\/span><\/p>\n<p><span style=\"color: #000000;\">K: Panno, ksi\u0119\u017cno niebieska!<\/span><\/p>\n<p><span style=\"color: #000000;\">Panno, niepokalana!<\/span><\/p>\n<p><span style=\"color: #000000;\">Panno, cn\u00f3t wszelkich kwiecie!<\/span><\/p>\n<p><span style=\"color: #000000;\">Panno, ucieczko nasza!<\/span><\/p>\n<p>&nbsp;<\/p>\n<p><span style=\"color: #000000;\">K: O Matko Boska, za nami wstawiaj si\u0119!<\/span><\/p>\n<p><span style=\"color: #000000;\">W: O Matko Boska, za nami wstawiaj si\u0119!<\/span><\/p>\n<p>&nbsp;<\/p>\n<p><span style=\"color: #000000;\">K: Ty\u015b pierwsz\u0105 po Bogu ozdob\u0105!<\/span><\/p>\n<p><span style=\"color: #000000;\">W: O Maryjo, b\u0142agamy Ci\u0119!<\/span><\/p>\n<p><span style=\"color: #000000;\">K: Ty\u015b chwa\u0142\u0105 Ko\u015bcio\u0142a \u015bwi\u0119tego!<\/span><\/p>\n<p><span style=\"color: #000000;\">Ty\u015b wszystkich zbawionych rado\u015bci\u0105!<\/span><\/p>\n<p><span style=\"color: #000000;\">Ty\u015b ludu grzesznego ucieczk\u0105!<\/span><\/p>\n<p><span style=\"color: #000000;\">Przez Serce Twe niepokalane!<\/span><\/p>\n<p>&nbsp;<\/p>\n<p><span style=\"color: #000000;\">K: O Matko Boska, za nami wstawiaj si\u0119!<\/span><\/p>\n<p><span style=\"color: #000000;\">W: O Matko Boska, za nami wstawiaj si\u0119!<\/span><\/p>\n<p>&nbsp;<\/p>\n<p><span style=\"color: #000000;\">K: Matko Odkupiciela!<\/span><\/p>\n<p><span style=\"color: #000000;\">W: Ho\u0142d Ci oddaje wierny Tw\u00f3j lud!<\/span><\/p>\n<p><span style=\"color: #000000;\">K: Matko pi\u0119knej mi\u0142o\u015bci!<\/span><\/p>\n<p><span style=\"color: #000000;\">Matko nienaruszona!<\/span><\/p>\n<p><span style=\"color: #000000;\">Matko Bo\u017cej m\u0105dro\u015bci!<\/span><\/p>\n<p><span style=\"color: #000000;\">Matko nasza naj\u015bwi\u0119tsza!<\/span><\/p>\n<p>&nbsp;<\/p>\n<p><span style=\"color: #000000;\">K: O Matko Boska, za nami wstawiaj si\u0119!<\/span><\/p>\n<p><span style=\"color: #000000;\">W: O Matko Boska, za nami wstawiaj si\u0119!<\/span><\/p>\n<p>&nbsp;<\/p>\n<p><span style=\"color: #000000;\">K: Kr\u00f3lowo Zast\u0119p\u00f3w Anielskich!<\/span><\/p>\n<p><span style=\"color: #000000;\">W: O Maryjo, b\u0142agamy Ci\u0119!<\/span><\/p>\n<p><span style=\"color: #000000;\">K: Kr\u00f3lowo Wyznawc\u00f3w i \u015awi\u0119tych!<\/span><\/p>\n<p><span style=\"color: #000000;\">Kr\u00f3lowo R\u00f3\u017ca\u0144ca \u015awi\u0119tego!<\/span><\/p>\n<p><span style=\"color: #000000;\">Kr\u00f3lowo trwa\u0142ego pokoju!<\/span><\/p>\n<p><span style=\"color: #000000;\">Przez Serce Twe niepokalane!<\/span><\/p>\n<p>&nbsp;<\/p>\n<p><span style=\"color: #000000;\">K: O Matko Boska, za nami wstawiaj si\u0119!<\/span><\/p>\n<p><span style=\"color: #000000;\">W: O Matko Boska, za nami wstawiaj si\u0119!<\/span><\/p>\n<p>&nbsp;<\/p>\n<p><span style=\"color: #000000;\">K: Witaj Bogarodzico!<\/span><\/p>\n<p><span style=\"color: #000000;\">W: Ho\u0142d Ci oddaje wierny Tw\u00f3j lud!<\/span><\/p>\n<p><span style=\"color: #000000;\">K: Witaj \u0142ask po\u015bredniczko!<\/span><\/p>\n<p><span style=\"color: #000000;\">Witaj wiary przyk\u0142adzie!<\/span><\/p>\n<p><span style=\"color: #000000;\">Witaj nadziejo nasza!<\/span><\/p>\n<p><span style=\"color: #000000;\">Witaj kwiecie mi\u0142o\u015bci!<\/span><\/p>\n<p>&nbsp;<\/p>\n<p><span style=\"color: #000000;\">K: O Matko Boska, za nami wstawiaj si\u0119!<\/span><\/p>\n<p><span style=\"color: #000000;\">W: O Matko Boska, za nami wstawiaj si\u0119!<\/span><\/p>\n","protected":false},"excerpt":{"rendered":"<p>W naszym ko\u015bciele w ka\u017cd\u0105 \u015brod\u0119 o godzinie 18:00 odprawiana jest Nowenna do Matki Bo\u017cej Nieustaj\u0105cej Pomocy. Nabo\u017ce\u0144stwo po\u0142\u0105czone z Msz\u0105 \u015awi\u0119t\u0105 jest wielkim \u017ar\u00f3d\u0142em potrzebnych \u0142ask. Modl\u0105c si\u0119 przed obrazem Matki Bo\u017cej Nieustaj\u0105cej Pomocy, wierzymy g\u0142\u0119boko, \u017ce Maryja nigdy nie opuszcza tych, kt\u00f3rzy przez Ni\u0105, z g\u0142\u0119bok\u0105 wiar\u0105, zanosz\u0105 modlitwy do Boga. Jak si\u0119&hellip; <br \/> <a class=\"read-more\" href=\"https:\/\/nspj.wroclaw.pl\/new\/nowenna-do-matki-boskiej-nieustajacej-pomocy\/\">Dowiedz si\u0119 wi\u0119cej<\/a><\/p>\n","protected":false},"author":1,"featured_media":8401,"parent":0,"menu_order":0,"comment_status":"closed","ping_status":"closed","template":"","meta":{"ngg_post_thumbnail":0,"footnotes":""},"class_list":["post-8397","page","type-page","status-publish","has-post-thumbnail","hentry"],"aioseo_notices":[],"_links":{"self":[{"href":"https:\/\/nspj.wroclaw.pl\/new\/wp-json\/wp\/v2\/pages\/8397","targetHints":{"allow":["GET"]}}],"collection":[{"href":"https:\/\/nspj.wroclaw.pl\/new\/wp-json\/wp\/v2\/pages"}],"about":[{"href":"https:\/\/nspj.wroclaw.pl\/new\/wp-json\/wp\/v2\/types\/page"}],"author":[{"embeddable":true,"href":"https:\/\/nspj.wroclaw.pl\/new\/wp-json\/wp\/v2\/users\/1"}],"replies":[{"embeddable":true,"href":"https:\/\/nspj.wroclaw.pl\/new\/wp-json\/wp\/v2\/comments?post=8397"}],"version-history":[{"count":12,"href":"https:\/\/nspj.wroclaw.pl\/new\/wp-json\/wp\/v2\/pages\/8397\/revisions"}],"predecessor-version":[{"id":8933,"href":"https:\/\/nspj.wroclaw.pl\/new\/wp-json\/wp\/v2\/pages\/8397\/revisions\/8933"}],"wp:featuredmedia":[{"embeddable":true,"href":"https:\/\/nspj.wroclaw.pl\/new\/wp-json\/wp\/v2\/media\/8401"}],"wp:attachment":[{"href":"https:\/\/nspj.wroclaw.pl\/new\/wp-json\/wp\/v2\/media?parent=8397"}],"curies":[{"name":"wp","href":"https:\/\/api.w.org\/{rel}","templated":true}]}}