{"id":837,"date":"2021-08-05T23:33:57","date_gmt":"2021-08-05T21:33:57","guid":{"rendered":"http:\/\/nspj.wroclaw.pl\/new\/?page_id=837"},"modified":"2021-09-05T21:09:38","modified_gmt":"2021-09-05T19:09:38","slug":"kolo-przyjaciol-radia-maryja","status":"publish","type":"page","link":"https:\/\/nspj.wroclaw.pl\/new\/grupy-parafialne-2\/kolo-przyjaciol-radia-maryja\/","title":{"rendered":"Ko\u0142o Przyjaci\u00f3\u0142 Radia Maryja"},"content":{"rendered":"<p><img loading=\"lazy\" decoding=\"async\" class=\"aligncenter wp-image-838 size-full\" src=\"https:\/\/nspj.wroclaw.pl\/new\/wp-content\/uploads\/2021\/08\/radio-maryja.jpg\" alt=\"\" width=\"350\" height=\"143\" srcset=\"https:\/\/nspj.wroclaw.pl\/new\/wp-content\/uploads\/2021\/08\/radio-maryja.jpg 350w, https:\/\/nspj.wroclaw.pl\/new\/wp-content\/uploads\/2021\/08\/radio-maryja-300x123.jpg 300w\" sizes=\"auto, (max-width: 350px) 100vw, 350px\" \/><\/p>\n<p style=\"text-align: center;\"><span style=\"color: #000000;\"><strong>Spotkania<\/strong>: Msza \u015awi\u0119ta poranna w pierwsz\u0105 sobot\u0119 miesi\u0105ca, nast\u0119pnie kr\u00f3tkie spotkanie integracyjno-informacyjne, zako\u0144czone wsp\u00f3ln\u0105 modlitw\u0105.<\/span><\/p>\n<p><span style=\"color: #000000;\">Ko\u0142o zawi\u0105za\u0142o si\u0119 w styczniu 2012 r. z inicjatywy ks. Proboszcza, dr. Micha\u0142a Macha\u0142a. Naczelnym zadaniem Ko\u0142a jest wspieranie modlitw\u0105 i dobrowolnymi datkami Radio Maryja i Telewizj\u0119 Trwam. Ponadto \u2013 organizowanie wsp\u00f3lnych wyjazd\u00f3w pielgrzymkowych oraz aktywne modlitewne w\u0142\u0105czanie si\u0119 w \u017cycie Parafii p .w. NSPJ na osiedlu Paw\u0142owice.<\/span><\/p>\n<p>&nbsp;<\/p>\n","protected":false},"excerpt":{"rendered":"<p>Spotkania: Msza \u015awi\u0119ta poranna w pierwsz\u0105 sobot\u0119 miesi\u0105ca, nast\u0119pnie kr\u00f3tkie spotkanie integracyjno-informacyjne, zako\u0144czone wsp\u00f3ln\u0105 modlitw\u0105. Ko\u0142o zawi\u0105za\u0142o si\u0119 w styczniu 2012 r. z inicjatywy ks. Proboszcza, dr. Micha\u0142a Macha\u0142a. Naczelnym zadaniem Ko\u0142a jest wspieranie modlitw\u0105 i dobrowolnymi datkami Radio Maryja i Telewizj\u0119 Trwam. Ponadto \u2013 organizowanie wsp\u00f3lnych wyjazd\u00f3w pielgrzymkowych oraz aktywne modlitewne w\u0142\u0105czanie si\u0119 w&hellip; <br \/> <a class=\"read-more\" href=\"https:\/\/nspj.wroclaw.pl\/new\/grupy-parafialne-2\/kolo-przyjaciol-radia-maryja\/\">Dowiedz si\u0119 wi\u0119cej<\/a><\/p>\n","protected":false},"author":1,"featured_media":0,"parent":887,"menu_order":0,"comment_status":"closed","ping_status":"closed","template":"","meta":{"ngg_post_thumbnail":0,"footnotes":""},"class_list":["post-837","page","type-page","status-publish","hentry"],"aioseo_notices":[],"_links":{"self":[{"href":"https:\/\/nspj.wroclaw.pl\/new\/wp-json\/wp\/v2\/pages\/837","targetHints":{"allow":["GET"]}}],"collection":[{"href":"https:\/\/nspj.wroclaw.pl\/new\/wp-json\/wp\/v2\/pages"}],"about":[{"href":"https:\/\/nspj.wroclaw.pl\/new\/wp-json\/wp\/v2\/types\/page"}],"author":[{"embeddable":true,"href":"https:\/\/nspj.wroclaw.pl\/new\/wp-json\/wp\/v2\/users\/1"}],"replies":[{"embeddable":true,"href":"https:\/\/nspj.wroclaw.pl\/new\/wp-json\/wp\/v2\/comments?post=837"}],"version-history":[{"count":5,"href":"https:\/\/nspj.wroclaw.pl\/new\/wp-json\/wp\/v2\/pages\/837\/revisions"}],"predecessor-version":[{"id":1809,"href":"https:\/\/nspj.wroclaw.pl\/new\/wp-json\/wp\/v2\/pages\/837\/revisions\/1809"}],"up":[{"embeddable":true,"href":"https:\/\/nspj.wroclaw.pl\/new\/wp-json\/wp\/v2\/pages\/887"}],"wp:attachment":[{"href":"https:\/\/nspj.wroclaw.pl\/new\/wp-json\/wp\/v2\/media?parent=837"}],"curies":[{"name":"wp","href":"https:\/\/api.w.org\/{rel}","templated":true}]}}