{"id":8215,"date":"2024-06-22T16:19:22","date_gmt":"2024-06-22T14:19:22","guid":{"rendered":"https:\/\/nspj.wroclaw.pl\/new\/?page_id=8215"},"modified":"2024-06-23T22:28:54","modified_gmt":"2024-06-23T20:28:54","slug":"wymiana-nawierzchni-wokol-kosciola-w-pawlowicach-i-pruszowicach","status":"publish","type":"page","link":"https:\/\/nspj.wroclaw.pl\/new\/wymiana-nawierzchni-wokol-kosciola-w-pawlowicach-i-pruszowicach\/","title":{"rendered":"Wymiana nawierzchni na Paw\u0142owicach i Pruszowicach"},"content":{"rendered":"<p style=\"text-align: left;\"><span style=\"color: #000000;\">&#8221; Zgodnie z umow\u0105 nr PPB\/000004\/01\/D z dnia 20.12.2023 roku podpisanej z PFRON w ramach programu &#8222;Dost\u0119pna przestrze\u0144 publiczna&#8221; parafia otrzyma\u0142a 179 088,00 z\u0142 dofinansowania na wykonanie nawierzchni z kostki brukowej wok\u00f3\u0142 Ko\u015bcio\u0142a filialnego w Pruszowicach oraz na Paw\u0142owicach. Dzi\u0119ki realizacji projektu Zaj\u0119cia prowadzone w Domu Parafialnym im \u015bw. Jana Paw\u0142a II sta\u0142y si\u0119 dost\u0119pne dla os\u00f3b starszych oraz z problemami w poruszaniu si\u0119. Wykonana nawierzchnia w Pruszowicach umo\u017cliwi\u0142a osobom starszym oraz osobom z problemami w poruszaniu si\u0119 uczestnictwo w Mszach \u015bw. oraz Nabo\u017ce\u0144stwach.<\/span><\/p>\n<p style=\"text-align: left;\"><span style=\"color: #000000;\">Projekt realizowany by\u0142 w terminie 02.10.2023-30.05.2024.<\/span><\/p>\n<p style=\"text-align: left;\"><span style=\"color: #000000;\">Prace wykonane zosta\u0142y przez firm\u0119 &#8222;DrogiM Marcin Myjkowski&#8221;&#8221;<\/span><\/p>\n<p><span style=\"color: #000000;\"><strong>Paw\u0142owice<\/strong><\/span><\/p>\n<p><img loading=\"lazy\" decoding=\"async\" class=\"alignnone size-full wp-image-8220\" src=\"https:\/\/nspj.wroclaw.pl\/new\/wp-content\/uploads\/2024\/06\/IMG_8853.jpg\" alt=\"\" width=\"640\" height=\"480\" srcset=\"https:\/\/nspj.wroclaw.pl\/new\/wp-content\/uploads\/2024\/06\/IMG_8853.jpg 640w, https:\/\/nspj.wroclaw.pl\/new\/wp-content\/uploads\/2024\/06\/IMG_8853-300x225.jpg 300w, https:\/\/nspj.wroclaw.pl\/new\/wp-content\/uploads\/2024\/06\/IMG_8853-600x450.jpg 600w, https:\/\/nspj.wroclaw.pl\/new\/wp-content\/uploads\/2024\/06\/IMG_8853-213x160.jpg 213w\" sizes=\"auto, (max-width: 640px) 100vw, 640px\" \/><img loading=\"lazy\" decoding=\"async\" class=\"alignnone size-full wp-image-8217\" src=\"https:\/\/nspj.wroclaw.pl\/new\/wp-content\/uploads\/2024\/06\/IMG_8861.jpg\" alt=\"\" width=\"640\" height=\"480\" srcset=\"https:\/\/nspj.wroclaw.pl\/new\/wp-content\/uploads\/2024\/06\/IMG_8861.jpg 640w, https:\/\/nspj.wroclaw.pl\/new\/wp-content\/uploads\/2024\/06\/IMG_8861-300x225.jpg 300w, https:\/\/nspj.wroclaw.pl\/new\/wp-content\/uploads\/2024\/06\/IMG_8861-600x450.jpg 600w, https:\/\/nspj.wroclaw.pl\/new\/wp-content\/uploads\/2024\/06\/IMG_8861-213x160.jpg 213w\" sizes=\"auto, (max-width: 640px) 100vw, 640px\" \/> <img loading=\"lazy\" decoding=\"async\" class=\"alignnone size-large wp-image-8218\" src=\"https:\/\/nspj.wroclaw.pl\/new\/wp-content\/uploads\/2024\/06\/IMG_8858.jpg\" alt=\"\" width=\"640\" height=\"480\" srcset=\"https:\/\/nspj.wroclaw.pl\/new\/wp-content\/uploads\/2024\/06\/IMG_8858.jpg 640w, https:\/\/nspj.wroclaw.pl\/new\/wp-content\/uploads\/2024\/06\/IMG_8858-300x225.jpg 300w, https:\/\/nspj.wroclaw.pl\/new\/wp-content\/uploads\/2024\/06\/IMG_8858-600x450.jpg 600w, https:\/\/nspj.wroclaw.pl\/new\/wp-content\/uploads\/2024\/06\/IMG_8858-213x160.jpg 213w\" sizes=\"auto, (max-width: 640px) 100vw, 640px\" \/> <img loading=\"lazy\" decoding=\"async\" class=\"alignnone size-large wp-image-8219\" src=\"https:\/\/nspj.wroclaw.pl\/new\/wp-content\/uploads\/2024\/06\/IMG_8856.jpg\" alt=\"\" width=\"640\" height=\"480\" srcset=\"https:\/\/nspj.wroclaw.pl\/new\/wp-content\/uploads\/2024\/06\/IMG_8856.jpg 640w, https:\/\/nspj.wroclaw.pl\/new\/wp-content\/uploads\/2024\/06\/IMG_8856-300x225.jpg 300w, https:\/\/nspj.wroclaw.pl\/new\/wp-content\/uploads\/2024\/06\/IMG_8856-600x450.jpg 600w, https:\/\/nspj.wroclaw.pl\/new\/wp-content\/uploads\/2024\/06\/IMG_8856-213x160.jpg 213w\" sizes=\"auto, (max-width: 640px) 100vw, 640px\" \/>&nbsp; <img loading=\"lazy\" decoding=\"async\" class=\"alignnone size-large wp-image-8221\" src=\"https:\/\/nspj.wroclaw.pl\/new\/wp-content\/uploads\/2024\/06\/IMG_8854.jpg\" alt=\"\" width=\"640\" height=\"480\" srcset=\"https:\/\/nspj.wroclaw.pl\/new\/wp-content\/uploads\/2024\/06\/IMG_8854.jpg 640w, https:\/\/nspj.wroclaw.pl\/new\/wp-content\/uploads\/2024\/06\/IMG_8854-300x225.jpg 300w, https:\/\/nspj.wroclaw.pl\/new\/wp-content\/uploads\/2024\/06\/IMG_8854-600x450.jpg 600w, https:\/\/nspj.wroclaw.pl\/new\/wp-content\/uploads\/2024\/06\/IMG_8854-213x160.jpg 213w\" sizes=\"auto, (max-width: 640px) 100vw, 640px\" \/>&nbsp;<img loading=\"lazy\" decoding=\"async\" class=\"alignnone wp-image-8225\" src=\"https:\/\/nspj.wroclaw.pl\/new\/wp-content\/uploads\/2024\/06\/2024-06-22-o-16.24.25_195c2621-1024x768.jpg\" alt=\"\" width=\"640\" height=\"480\" srcset=\"https:\/\/nspj.wroclaw.pl\/new\/wp-content\/uploads\/2024\/06\/2024-06-22-o-16.24.25_195c2621-1024x768.jpg 1024w, https:\/\/nspj.wroclaw.pl\/new\/wp-content\/uploads\/2024\/06\/2024-06-22-o-16.24.25_195c2621-300x225.jpg 300w, https:\/\/nspj.wroclaw.pl\/new\/wp-content\/uploads\/2024\/06\/2024-06-22-o-16.24.25_195c2621-768x576.jpg 768w, https:\/\/nspj.wroclaw.pl\/new\/wp-content\/uploads\/2024\/06\/2024-06-22-o-16.24.25_195c2621-1536x1152.jpg 1536w, https:\/\/nspj.wroclaw.pl\/new\/wp-content\/uploads\/2024\/06\/2024-06-22-o-16.24.25_195c2621-600x450.jpg 600w, https:\/\/nspj.wroclaw.pl\/new\/wp-content\/uploads\/2024\/06\/2024-06-22-o-16.24.25_195c2621-213x160.jpg 213w, https:\/\/nspj.wroclaw.pl\/new\/wp-content\/uploads\/2024\/06\/2024-06-22-o-16.24.25_195c2621-1440x1080.jpg 1440w, https:\/\/nspj.wroclaw.pl\/new\/wp-content\/uploads\/2024\/06\/2024-06-22-o-16.24.25_195c2621.jpg 1631w\" sizes=\"auto, (max-width: 640px) 100vw, 640px\" \/><\/p>\n<p><strong><span style=\"color: #000000;\">Pruszowice<\/span><br \/>\n<img loading=\"lazy\" decoding=\"async\" class=\"alignnone wp-image-8232\" src=\"https:\/\/nspj.wroclaw.pl\/new\/wp-content\/uploads\/2024\/06\/2024-06-23-o-21.00.53_0e72fb5f-1024x575.jpg\" alt=\"\" width=\"640\" height=\"360\" srcset=\"https:\/\/nspj.wroclaw.pl\/new\/wp-content\/uploads\/2024\/06\/2024-06-23-o-21.00.53_0e72fb5f-1024x575.jpg 1024w, https:\/\/nspj.wroclaw.pl\/new\/wp-content\/uploads\/2024\/06\/2024-06-23-o-21.00.53_0e72fb5f-300x169.jpg 300w, https:\/\/nspj.wroclaw.pl\/new\/wp-content\/uploads\/2024\/06\/2024-06-23-o-21.00.53_0e72fb5f-768x432.jpg 768w, https:\/\/nspj.wroclaw.pl\/new\/wp-content\/uploads\/2024\/06\/2024-06-23-o-21.00.53_0e72fb5f-1536x863.jpg 1536w, https:\/\/nspj.wroclaw.pl\/new\/wp-content\/uploads\/2024\/06\/2024-06-23-o-21.00.53_0e72fb5f-600x337.jpg 600w, https:\/\/nspj.wroclaw.pl\/new\/wp-content\/uploads\/2024\/06\/2024-06-23-o-21.00.53_0e72fb5f-280x157.jpg 280w, https:\/\/nspj.wroclaw.pl\/new\/wp-content\/uploads\/2024\/06\/2024-06-23-o-21.00.53_0e72fb5f.jpg 1600w\" sizes=\"auto, (max-width: 640px) 100vw, 640px\" \/> <img loading=\"lazy\" decoding=\"async\" class=\"alignnone wp-image-8233\" src=\"https:\/\/nspj.wroclaw.pl\/new\/wp-content\/uploads\/2024\/06\/2024-06-23-o-21.00.53_b175fea9-1024x575.jpg\" alt=\"\" width=\"640\" height=\"360\" srcset=\"https:\/\/nspj.wroclaw.pl\/new\/wp-content\/uploads\/2024\/06\/2024-06-23-o-21.00.53_b175fea9-1024x575.jpg 1024w, https:\/\/nspj.wroclaw.pl\/new\/wp-content\/uploads\/2024\/06\/2024-06-23-o-21.00.53_b175fea9-300x169.jpg 300w, https:\/\/nspj.wroclaw.pl\/new\/wp-content\/uploads\/2024\/06\/2024-06-23-o-21.00.53_b175fea9-768x432.jpg 768w, https:\/\/nspj.wroclaw.pl\/new\/wp-content\/uploads\/2024\/06\/2024-06-23-o-21.00.53_b175fea9-1536x863.jpg 1536w, https:\/\/nspj.wroclaw.pl\/new\/wp-content\/uploads\/2024\/06\/2024-06-23-o-21.00.53_b175fea9-600x337.jpg 600w, https:\/\/nspj.wroclaw.pl\/new\/wp-content\/uploads\/2024\/06\/2024-06-23-o-21.00.53_b175fea9-280x157.jpg 280w, https:\/\/nspj.wroclaw.pl\/new\/wp-content\/uploads\/2024\/06\/2024-06-23-o-21.00.53_b175fea9.jpg 1600w\" sizes=\"auto, (max-width: 640px) 100vw, 640px\" \/> <img loading=\"lazy\" decoding=\"async\" class=\"alignnone wp-image-8234\" src=\"https:\/\/nspj.wroclaw.pl\/new\/wp-content\/uploads\/2024\/06\/2024-06-23-o-21.00.53_bddfd56d-1024x575.jpg\" alt=\"\" width=\"640\" height=\"360\" srcset=\"https:\/\/nspj.wroclaw.pl\/new\/wp-content\/uploads\/2024\/06\/2024-06-23-o-21.00.53_bddfd56d-1024x575.jpg 1024w, https:\/\/nspj.wroclaw.pl\/new\/wp-content\/uploads\/2024\/06\/2024-06-23-o-21.00.53_bddfd56d-300x169.jpg 300w, https:\/\/nspj.wroclaw.pl\/new\/wp-content\/uploads\/2024\/06\/2024-06-23-o-21.00.53_bddfd56d-768x432.jpg 768w, https:\/\/nspj.wroclaw.pl\/new\/wp-content\/uploads\/2024\/06\/2024-06-23-o-21.00.53_bddfd56d-1536x863.jpg 1536w, https:\/\/nspj.wroclaw.pl\/new\/wp-content\/uploads\/2024\/06\/2024-06-23-o-21.00.53_bddfd56d-600x337.jpg 600w, https:\/\/nspj.wroclaw.pl\/new\/wp-content\/uploads\/2024\/06\/2024-06-23-o-21.00.53_bddfd56d-280x157.jpg 280w, https:\/\/nspj.wroclaw.pl\/new\/wp-content\/uploads\/2024\/06\/2024-06-23-o-21.00.53_bddfd56d.jpg 1600w\" sizes=\"auto, (max-width: 640px) 100vw, 640px\" \/><\/strong><\/p>\n","protected":false},"excerpt":{"rendered":"<p>&#8221; Zgodnie z umow\u0105 nr PPB\/000004\/01\/D z dnia 20.12.2023 roku podpisanej z PFRON w ramach programu &#8222;Dost\u0119pna przestrze\u0144 publiczna&#8221; parafia otrzyma\u0142a 179 088,00 z\u0142 dofinansowania na wykonanie nawierzchni z kostki brukowej wok\u00f3\u0142 Ko\u015bcio\u0142a filialnego w Pruszowicach oraz na Paw\u0142owicach. Dzi\u0119ki realizacji projektu Zaj\u0119cia prowadzone w Domu Parafialnym im \u015bw. Jana Paw\u0142a II sta\u0142y si\u0119 dost\u0119pne&hellip; <br \/> <a class=\"read-more\" href=\"https:\/\/nspj.wroclaw.pl\/new\/wymiana-nawierzchni-wokol-kosciola-w-pawlowicach-i-pruszowicach\/\">Dowiedz si\u0119 wi\u0119cej<\/a><\/p>\n","protected":false},"author":1,"featured_media":8220,"parent":0,"menu_order":0,"comment_status":"closed","ping_status":"closed","template":"","meta":{"ngg_post_thumbnail":0,"footnotes":""},"class_list":["post-8215","page","type-page","status-publish","has-post-thumbnail","hentry"],"aioseo_notices":[],"_links":{"self":[{"href":"https:\/\/nspj.wroclaw.pl\/new\/wp-json\/wp\/v2\/pages\/8215","targetHints":{"allow":["GET"]}}],"collection":[{"href":"https:\/\/nspj.wroclaw.pl\/new\/wp-json\/wp\/v2\/pages"}],"about":[{"href":"https:\/\/nspj.wroclaw.pl\/new\/wp-json\/wp\/v2\/types\/page"}],"author":[{"embeddable":true,"href":"https:\/\/nspj.wroclaw.pl\/new\/wp-json\/wp\/v2\/users\/1"}],"replies":[{"embeddable":true,"href":"https:\/\/nspj.wroclaw.pl\/new\/wp-json\/wp\/v2\/comments?post=8215"}],"version-history":[{"count":9,"href":"https:\/\/nspj.wroclaw.pl\/new\/wp-json\/wp\/v2\/pages\/8215\/revisions"}],"predecessor-version":[{"id":8236,"href":"https:\/\/nspj.wroclaw.pl\/new\/wp-json\/wp\/v2\/pages\/8215\/revisions\/8236"}],"wp:featuredmedia":[{"embeddable":true,"href":"https:\/\/nspj.wroclaw.pl\/new\/wp-json\/wp\/v2\/media\/8220"}],"wp:attachment":[{"href":"https:\/\/nspj.wroclaw.pl\/new\/wp-json\/wp\/v2\/media?parent=8215"}],"curies":[{"name":"wp","href":"https:\/\/api.w.org\/{rel}","templated":true}]}}