{"id":806,"date":"2021-08-05T22:27:35","date_gmt":"2021-08-05T20:27:35","guid":{"rendered":"http:\/\/nspj.wroclaw.pl\/new\/?page_id=806"},"modified":"2026-03-31T22:27:57","modified_gmt":"2026-03-31T20:27:57","slug":"kosciol-filialny-w-pruszowicach-pw-sw-jana-pawla-ii","status":"publish","type":"page","link":"https:\/\/nspj.wroclaw.pl\/new\/kosciol-filialny-w-pruszowicach-pw-sw-jana-pawla-ii\/","title":{"rendered":"Pruszowice"},"content":{"rendered":"<h2 style=\"text-align: center;\">Ko\u015bci\u00f3\u0142 filialny w Pruszowicach<br \/>\npw. \u015bw. Jana Paw\u0142a II<\/h2>\n<p><img loading=\"lazy\" decoding=\"async\" class=\"aligncenter wp-image-2239\" src=\"https:\/\/nspj.wroclaw.pl\/new\/wp-content\/uploads\/2021\/10\/pruszowice_kosciol-300x213.jpg\" alt=\"\" width=\"600\" height=\"426\" srcset=\"https:\/\/nspj.wroclaw.pl\/new\/wp-content\/uploads\/2021\/10\/pruszowice_kosciol-300x213.jpg 300w, https:\/\/nspj.wroclaw.pl\/new\/wp-content\/uploads\/2021\/10\/pruszowice_kosciol-1024x727.jpg 1024w, https:\/\/nspj.wroclaw.pl\/new\/wp-content\/uploads\/2021\/10\/pruszowice_kosciol-768x545.jpg 768w, https:\/\/nspj.wroclaw.pl\/new\/wp-content\/uploads\/2021\/10\/pruszowice_kosciol.jpg 1119w\" sizes=\"auto, (max-width: 600px) 100vw, 600px\" \/><\/p>\n<h3 style=\"text-align: center;\"><span style=\"color: #000000;\">Msze \u015awi\u0119te:<\/span><\/h3>\n<h4 style=\"text-align: center;\"><span style=\"color: #000000;\">Niedziela godz. 11:00<\/span><\/h4>\n<p style=\"text-align: center;\"><span style=\"color: #000000;\">I pi\u0105tek miesi\u0105ca godz. 18:00<\/span><\/p>\n<h4 style=\"text-align: center;\"><a href=\"https:\/\/nspj.wroclaw.pl\/new\/triduum-sacrum-w-kosciele-w-pruszowicach\/\"><span style=\"color: #800000;\"><strong>&nbsp;<\/strong><strong>TRIDUUM SACRUM w ko\u015bciele w Pruszowicach<\/strong><\/span><\/a><\/h4>\n<p><img loading=\"lazy\" decoding=\"async\" class=\"aligncenter wp-image-9479\" src=\"https:\/\/nspj.wroclaw.pl\/new\/wp-content\/uploads\/2025\/05\/pruszowice-krag-biblijny-209x300.jpg\" alt=\"\" width=\"500\" height=\"717\" srcset=\"https:\/\/nspj.wroclaw.pl\/new\/wp-content\/uploads\/2025\/05\/pruszowice-krag-biblijny-209x300.jpg 209w, https:\/\/nspj.wroclaw.pl\/new\/wp-content\/uploads\/2025\/05\/pruszowice-krag-biblijny-714x1024.jpg 714w, https:\/\/nspj.wroclaw.pl\/new\/wp-content\/uploads\/2025\/05\/pruszowice-krag-biblijny-768x1101.jpg 768w, https:\/\/nspj.wroclaw.pl\/new\/wp-content\/uploads\/2025\/05\/pruszowice-krag-biblijny-418x600.jpg 418w, https:\/\/nspj.wroclaw.pl\/new\/wp-content\/uploads\/2025\/05\/pruszowice-krag-biblijny-112x160.jpg 112w, https:\/\/nspj.wroclaw.pl\/new\/wp-content\/uploads\/2025\/05\/pruszowice-krag-biblijny-753x1080.jpg 753w, https:\/\/nspj.wroclaw.pl\/new\/wp-content\/uploads\/2025\/05\/pruszowice-krag-biblijny.jpg 1000w\" sizes=\"auto, (max-width: 500px) 100vw, 500px\" \/><\/p>\n<p>&nbsp;<\/p>\n<p>&nbsp;<\/p>\n<p><img loading=\"lazy\" decoding=\"async\" class=\"aligncenter wp-image-8772\" src=\"https:\/\/nspj.wroclaw.pl\/new\/wp-content\/uploads\/2024\/12\/Pruszowice-Kosciol-Dron-300x169.jpg\" alt=\"\" width=\"500\" height=\"281\" srcset=\"https:\/\/nspj.wroclaw.pl\/new\/wp-content\/uploads\/2024\/12\/Pruszowice-Kosciol-Dron-300x169.jpg 300w, https:\/\/nspj.wroclaw.pl\/new\/wp-content\/uploads\/2024\/12\/Pruszowice-Kosciol-Dron-1024x576.jpg 1024w, https:\/\/nspj.wroclaw.pl\/new\/wp-content\/uploads\/2024\/12\/Pruszowice-Kosciol-Dron-768x432.jpg 768w, https:\/\/nspj.wroclaw.pl\/new\/wp-content\/uploads\/2024\/12\/Pruszowice-Kosciol-Dron-1536x864.jpg 1536w, https:\/\/nspj.wroclaw.pl\/new\/wp-content\/uploads\/2024\/12\/Pruszowice-Kosciol-Dron-600x338.jpg 600w, https:\/\/nspj.wroclaw.pl\/new\/wp-content\/uploads\/2024\/12\/Pruszowice-Kosciol-Dron-280x158.jpg 280w, https:\/\/nspj.wroclaw.pl\/new\/wp-content\/uploads\/2024\/12\/Pruszowice-Kosciol-Dron.jpg 1600w\" sizes=\"auto, (max-width: 500px) 100vw, 500px\" \/><\/p>\n<hr>\n<h5 style=\"text-align: center;\"><span style=\"color: #000000;\"><strong>Konsekracja Ko\u015bcio\u0142a 18.09.2021<br \/>\nGaleria<\/strong><\/span><br \/>\n<a href=\"https:\/\/nspj.wroclaw.pl\/new\/konsekracja-kosciola-w-pruszowicach\/\"><img loading=\"lazy\" decoding=\"async\" class=\"alignnone size-medium wp-image-2330\" src=\"https:\/\/nspj.wroclaw.pl\/new\/wp-content\/uploads\/2021\/10\/konskeracja_galeria-300x200.jpg\" alt=\"\" width=\"300\" height=\"200\" srcset=\"https:\/\/nspj.wroclaw.pl\/new\/wp-content\/uploads\/2021\/10\/konskeracja_galeria-300x200.jpg 300w, https:\/\/nspj.wroclaw.pl\/new\/wp-content\/uploads\/2021\/10\/konskeracja_galeria-272x182.jpg 272w, https:\/\/nspj.wroclaw.pl\/new\/wp-content\/uploads\/2021\/10\/konskeracja_galeria.jpg 500w\" sizes=\"auto, (max-width: 300px) 100vw, 300px\" \/><\/a><\/h5>\n<p>&nbsp;<\/p>\n<p style=\"text-align: center;\"><iframe loading=\"lazy\" style=\"border: 0;\" src=\"https:\/\/www.google.com\/maps\/embed?pb=!1m18!1m12!1m3!1d10002.771204191815!2d17.12209513114388!3d51.18788472333997!2m3!1f0!2f0!3f0!3m2!1i1024!2i768!4f13.1!3m3!1m2!1s0x470fef369657e367%3A0x8f87f755168fb260!2sKo%C5%9Bci%C3%B3%C5%82%20filialny%20Rzymsko-Katolickiej%20Parafii%20Naj%C5%9Bwi%C4%99tszego%20Serca%20Pana%20Jezusa%20Wroc%C5%82aw%20Paw%C5%82owice%20w%20Pruszowicach%2C%20Parkowa%2C%2051-217%20Pruszowice!5e0!3m2!1spl!2spl!4v1628200286989!5m2!1spl!2spl\" width=\"600\" height=\"450\" allowfullscreen=\"allowfullscreen\"><\/iframe><\/p>\n<p>&nbsp;<\/p>\n","protected":false},"excerpt":{"rendered":"<p>Ko\u015bci\u00f3\u0142 filialny w Pruszowicach pw. \u015bw. Jana Paw\u0142a II Msze \u015awi\u0119te: Niedziela godz. 11:00 I pi\u0105tek miesi\u0105ca godz. 18:00 &nbsp;TRIDUUM SACRUM w ko\u015bciele w Pruszowicach &nbsp; &nbsp; Konsekracja Ko\u015bcio\u0142a 18.09.2021 Galeria &nbsp; &nbsp;<\/p>\n","protected":false},"author":1,"featured_media":0,"parent":0,"menu_order":0,"comment_status":"closed","ping_status":"closed","template":"","meta":{"ngg_post_thumbnail":0,"footnotes":""},"class_list":["post-806","page","type-page","status-publish","hentry"],"aioseo_notices":[],"_links":{"self":[{"href":"https:\/\/nspj.wroclaw.pl\/new\/wp-json\/wp\/v2\/pages\/806","targetHints":{"allow":["GET"]}}],"collection":[{"href":"https:\/\/nspj.wroclaw.pl\/new\/wp-json\/wp\/v2\/pages"}],"about":[{"href":"https:\/\/nspj.wroclaw.pl\/new\/wp-json\/wp\/v2\/types\/page"}],"author":[{"embeddable":true,"href":"https:\/\/nspj.wroclaw.pl\/new\/wp-json\/wp\/v2\/users\/1"}],"replies":[{"embeddable":true,"href":"https:\/\/nspj.wroclaw.pl\/new\/wp-json\/wp\/v2\/comments?post=806"}],"version-history":[{"count":31,"href":"https:\/\/nspj.wroclaw.pl\/new\/wp-json\/wp\/v2\/pages\/806\/revisions"}],"predecessor-version":[{"id":10701,"href":"https:\/\/nspj.wroclaw.pl\/new\/wp-json\/wp\/v2\/pages\/806\/revisions\/10701"}],"wp:attachment":[{"href":"https:\/\/nspj.wroclaw.pl\/new\/wp-json\/wp\/v2\/media?parent=806"}],"curies":[{"name":"wp","href":"https:\/\/api.w.org\/{rel}","templated":true}]}}