{"id":794,"date":"2024-04-29T21:42:43","date_gmt":"2024-04-29T19:42:43","guid":{"rendered":"http:\/\/nspj.wroclaw.pl\/new\/?page_id=794"},"modified":"2026-05-11T21:19:06","modified_gmt":"2026-05-11T19:19:06","slug":"intencje-mszalne-nspj","status":"publish","type":"page","link":"https:\/\/nspj.wroclaw.pl\/new\/intencje-mszalne-nspj\/","title":{"rendered":"Intencje mszalne"},"content":{"rendered":"<p style=\"text-align: center; padding-left: 40px;\"><span style=\"color: #000000;\"><strong>INTENCJE MSZALNE<br \/>\n<\/strong><strong>PAW\u0141OWICE<br \/>\n10 &#8211; 17 maja 2026 r.<\/strong><\/span><\/p>\n<table width=\"694\">\n<tbody>\n<tr>\n<td colspan=\"2\" width=\"694\">\n<p style=\"text-align: left;\"><span style=\"color: #ff0000;\"><strong>NIEDZIELA \u2013 10 maja &#8211; 6. Niedziela Wielkanocna<\/strong><\/span><\/p>\n<\/td>\n<\/tr>\n<tr>\n<td width=\"78\">\n<p style=\"text-align: center;\"><span style=\"color: #ff0000;\"><strong>8.00<\/strong><\/span><\/p>\n<\/td>\n<td width=\"616\">\n<p style=\"text-align: left;\"><span style=\"color: #000000;\">+ Olga Raczy\u0144ska \u2013 10. greg.<\/span><\/p>\n<\/td>\n<\/tr>\n<tr>\n<td width=\"78\">\n<p style=\"text-align: center;\"><span style=\"color: #ff0000;\"><strong>9.30<\/strong><\/span><\/p>\n<\/td>\n<td width=\"616\">\n<p style=\"text-align: left;\"><span style=\"color: #000000;\">1) Do Bo\u017cego Mi\u0142osierdzia o szcz\u0119\u015bliw\u0105 wieczno\u015b\u0107 dla + Anieli T\u0119cza \u2013 int. od s\u0105siad\u00f3w Aleksandry i Micha\u0142a z rodzin\u0105<\/span><\/p>\n<\/td>\n<\/tr>\n<tr>\n<td width=\"78\"><span style=\"color: #000000;\"><strong>\u00a0<\/strong><\/span><\/td>\n<td width=\"616\">\n<p style=\"text-align: left;\"><span style=\"color: #000000;\">2) ++ Rodzice: Maria i W\u0142adys\u0142aw Hrynda, Bo\u017cena i Tadeusz Jakubik\u00a0 oraz ++ z rodziny<\/span><\/p>\n<\/td>\n<\/tr>\n<tr>\n<td width=\"78\"><span style=\"color: #000000;\"><strong>\u00a0<\/strong><\/span><\/td>\n<td width=\"616\">\n<p style=\"text-align: left;\"><span style=\"color: #000000;\">3) Intencja dzi\u0119kczynna Pielgrzym\u00f3w do Francji<\/span><\/p>\n<\/td>\n<\/tr>\n<tr>\n<td width=\"78\">\n<p style=\"text-align: center;\"><span style=\"color: #ff0000;\"><strong>12.30<\/strong><\/span><\/p>\n<\/td>\n<td width=\"616\">\n<p style=\"text-align: left;\"><span style=\"color: #000000;\">Int. imieninowa: o pok\u00f3j Duszy + Stanis\u0142awa Ma\u0142aczy\u0144skiego oraz Rodzic\u00f3w Zmar\u0142ego i Najbli\u017cszych z rodziny<\/span><\/p>\n<\/td>\n<\/tr>\n<tr>\n<td width=\"78\">\n<p style=\"text-align: center;\"><span style=\"color: #ff0000;\"><strong>18.00<\/strong><\/span><\/p>\n<\/td>\n<td width=\"616\">\n<p style=\"text-align: left;\"><span style=\"color: #000000;\">O \u015awiat\u0142o Ducha \u015awi\u0119tego dla Uczni\u00f3w klas \u00d3smych na czas zdawania egzamin\u00f3w<\/span><\/p>\n<\/td>\n<\/tr>\n<tr>\n<td colspan=\"2\" width=\"694\">\n<p style=\"text-align: left;\"><span style=\"color: #000000;\"><strong>PONIEDZIA\u0141EK \u2013 11 maja<\/strong><\/span><\/p>\n<\/td>\n<\/tr>\n<tr>\n<td width=\"78\">\n<p style=\"text-align: center;\"><span style=\"color: #000000;\"><strong>18.00<\/strong><\/span><\/p>\n<\/td>\n<td width=\"616\">\n<p style=\"text-align: left;\"><span style=\"color: #000000;\">+ Olga Raczy\u0144ska \u2013 11. greg.<\/span><\/p>\n<\/td>\n<\/tr>\n<tr>\n<td colspan=\"2\" width=\"694\">\n<p style=\"text-align: left;\"><span style=\"color: #000000;\"><strong>WTOREK \u2013 12 maja<\/strong><\/span><\/p>\n<\/td>\n<\/tr>\n<tr>\n<td width=\"78\">\n<p style=\"text-align: center;\"><span style=\"color: #000000;\"><strong>18.00<\/strong><\/span><\/p>\n<\/td>\n<td width=\"616\">\n<p style=\"text-align: left;\"><span style=\"color: #000000;\">+ Olga Raczy\u0144ska \u2013 12. greg.<\/span><\/p>\n<\/td>\n<\/tr>\n<tr>\n<td colspan=\"2\" width=\"694\">\n<p style=\"text-align: left;\"><span style=\"color: #000000;\"><strong>\u015aRODA \u2013 13 maja<\/strong><\/span><\/p>\n<\/td>\n<\/tr>\n<tr>\n<td width=\"78\">\n<p style=\"text-align: center;\"><span style=\"color: #000000;\"><strong>18.00<\/strong><\/span><\/p>\n<\/td>\n<td width=\"616\">\n<p style=\"text-align: left;\"><span style=\"color: #000000;\">+ Olga Raczy\u0144ska \u2013 13. greg.<\/span><\/p>\n<\/td>\n<\/tr>\n<tr>\n<td colspan=\"2\" width=\"694\">\n<p style=\"text-align: left;\"><span style=\"color: #000000;\"><strong>CZWARTEK \u2013 14 maja<\/strong><\/span><\/p>\n<\/td>\n<\/tr>\n<tr>\n<td width=\"78\">\n<p style=\"text-align: center;\"><span style=\"color: #000000;\"><strong>18.00<\/strong><\/span><\/p>\n<\/td>\n<td width=\"616\">\n<p style=\"text-align: left;\"><span style=\"color: #000000;\">1) + Olga Raczy\u0144ska \u2013 14. greg.<\/span><\/p>\n<\/td>\n<\/tr>\n<tr>\n<td width=\"78\"><span style=\"color: #000000;\"><strong>\u00a0<\/strong><\/span><\/td>\n<td width=\"616\">\n<p style=\"text-align: left;\"><span style=\"color: #000000;\">2) O \u0141ask\u0119 Nieba dla + Zbigniewa<\/span><\/p>\n<\/td>\n<\/tr>\n<tr>\n<td colspan=\"2\" width=\"694\">\n<p style=\"text-align: left;\"><span style=\"color: #000000;\"><strong>PI\u0104TEK \u2013 15 maja<\/strong><\/span><\/p>\n<\/td>\n<\/tr>\n<tr>\n<td width=\"78\">\n<p style=\"text-align: center;\"><span style=\"color: #000000;\"><strong>18.00<\/strong><\/span><\/p>\n<\/td>\n<td width=\"616\">\n<p style=\"text-align: left;\"><span style=\"color: #000000;\">1) + Olga Raczy\u0144ska \u2013 15. greg.<\/span><\/p>\n<\/td>\n<\/tr>\n<tr>\n<td width=\"78\"><span style=\"color: #000000;\"><strong>\u00a0<\/strong><\/span><\/td>\n<td width=\"616\">\n<p style=\"text-align: left;\"><span style=\"color: #000000;\">2) + Ludwika (ona), + Maria, + Stanis\u0142aw i + Kazimierz<\/span><\/p>\n<\/td>\n<\/tr>\n<tr>\n<td colspan=\"2\" width=\"694\">\n<p style=\"text-align: left;\"><span style=\"color: #000000;\"><strong>SOBOTA \u2013 16 maja<\/strong><\/span><\/p>\n<\/td>\n<\/tr>\n<tr>\n<td width=\"78\">\n<p style=\"text-align: center;\"><span style=\"color: #000000;\"><strong>9.00<\/strong><\/span><\/p>\n<\/td>\n<td width=\"616\">\n<p style=\"text-align: left;\"><span style=\"color: #000000;\">1) + Bronis\u0142awa (ona), + Stanis\u0142aw, + Irena Groszek oraz + Janina i + Pawe\u0142 Szabaciuk<\/span><\/p>\n<\/td>\n<\/tr>\n<tr>\n<td width=\"78\">\n<p style=\"text-align: center;\"><span style=\"color: #000000;\"><strong>\u00a0<\/strong><\/span><\/p>\n<\/td>\n<td width=\"616\">\n<p style=\"text-align: left;\"><span style=\"color: #000000;\">2) + Krystyna Zo\u0142ote\u0144ko \u2013 int. od uczestnik\u00f3w Pogrzebu (09.04.2026)<\/span><\/p>\n<\/td>\n<\/tr>\n<tr>\n<td width=\"78\">\n<p style=\"text-align: center;\"><span style=\"color: #000000;\"><strong>18.00<\/strong><\/span><\/p>\n<\/td>\n<td width=\"616\">\n<p style=\"text-align: left;\"><span style=\"color: #000000;\">+ Olga Raczy\u0144ska \u2013 16. greg.<\/span><\/p>\n<\/td>\n<\/tr>\n<tr>\n<td colspan=\"2\" width=\"694\">\n<p style=\"text-align: left;\"><span style=\"color: #ff0000;\"><strong>NIEDZIELA \u2013 17 maja &#8211; Uroczysto\u015b\u0107 Wniebowst\u0105pienia Pa\u0144skiego<\/strong><\/span><\/p>\n<\/td>\n<\/tr>\n<tr>\n<td width=\"78\">\n<p style=\"text-align: center;\"><span style=\"color: #ff0000;\"><strong>8.00<\/strong><\/span><\/p>\n<\/td>\n<td width=\"616\">\n<p style=\"text-align: left;\"><span style=\"color: #000000;\">1) + Olga Raczy\u0144ska \u2013 17. greg.<\/span><\/p>\n<\/td>\n<\/tr>\n<tr>\n<td width=\"78\">\n<p style=\"text-align: center;\"><span style=\"color: #000000;\"><strong>\u00a0<\/strong><\/span><\/p>\n<\/td>\n<td width=\"616\">\n<p style=\"text-align: left;\"><span style=\"color: #000000;\">2) \u201eO Bo\u017ce B\u0142ogos\u0142awie\u0144stwo i opiek\u0119 Matki Bo\u017cej dla naszych Dzieci i ich rodzin: Ma\u0107ka, Wojtka, \u0141ukasza i Kasi\u201d<\/span><\/p>\n<\/td>\n<\/tr>\n<tr>\n<td width=\"78\">\n<p style=\"text-align: center;\"><span style=\"color: #ff0000;\"><strong>9.30<\/strong><\/span><\/p>\n<\/td>\n<td width=\"616\">\n<p style=\"text-align: left;\"><span style=\"color: #000000;\">+ Zofia Parzyd\u0142o \u2013 int. imieninowa<\/span><\/p>\n<\/td>\n<\/tr>\n<tr>\n<td width=\"78\">\n<p style=\"text-align: center;\"><span style=\"color: #ff0000;\"><strong>12.30<\/strong><\/span><\/p>\n<\/td>\n<td width=\"616\">\n<p style=\"text-align: left;\"><span style=\"color: #000000;\">Int. dz. w 5. R. ur. Zosi, o wiele \u0141ask Bo\u017cych w dalszym \u017cyciu \u2013 int. od Babci<\/span><\/p>\n<\/td>\n<\/tr>\n<tr>\n<td width=\"78\">\n<p style=\"text-align: center;\"><span style=\"color: #ff0000;\"><strong>18.00<\/strong><\/span><\/p>\n<\/td>\n<td width=\"616\">\n<p style=\"text-align: left;\"><span style=\"color: #000000;\">+ Zofia Bana\u015b \u2013 int. imieninowa<\/span><\/p>\n<\/td>\n<\/tr>\n<\/tbody>\n<\/table>\n<p>&nbsp;<\/p>\n<p style=\"text-align: center;\"><span style=\"color: #000000;\"><strong>INTENCJE MSZALNE<br \/>\nPRUSZOWICE<br \/>\n<u>maj 2026<\/u><\/strong><\/span><\/p>\n<table>\n<tbody>\n<tr>\n<td style=\"text-align: left;\" colspan=\"2\" width=\"694\"><strong><span style=\"color: #000000;\">1 maja &#8211; I pi\u0105tek miesi\u0105ca<\/span><\/strong><\/td>\n<\/tr>\n<tr>\n<td width=\"74\">\n<p style=\"text-align: center;\"><span style=\"color: #000000;\"><strong>19.00<\/strong><\/span><\/p>\n<\/td>\n<td width=\"620\">\n<p style=\"text-align: left;\"><span style=\"color: #000000;\">Int. wynagradzaj\u0105ca NSPJ<\/span><\/p>\n<\/td>\n<\/tr>\n<tr>\n<td colspan=\"2\" width=\"694\">\n<p style=\"text-align: left;\"><span style=\"color: #ff0000;\"><strong>3 <\/strong><strong>maja<\/strong><strong> \u2013 5<\/strong><strong>. Niedziela Wielkanocna<\/strong><\/span><\/p>\n<\/td>\n<\/tr>\n<tr>\n<td width=\"74\">\n<p style=\"text-align: center;\"><span style=\"color: #ff0000;\"><strong>11.00<\/strong><\/span><\/p>\n<\/td>\n<td width=\"620\">\n<p style=\"text-align: left;\"><span style=\"color: #000000;\">Int. dz.-b\u0142. w 18. R. ur. Wiktorii<\/span><\/p>\n<\/td>\n<\/tr>\n<tr>\n<td colspan=\"2\" width=\"694\">\n<p style=\"text-align: left;\"><span style=\"color: #000000;\"><strong>6 maja \u2013 \u015broda<\/strong><\/span><\/p>\n<\/td>\n<\/tr>\n<tr>\n<td width=\"74\">\n<p style=\"text-align: center;\"><span style=\"color: #000000;\"><strong>11.00<\/strong><\/span><\/p>\n<\/td>\n<td width=\"620\">\n<p style=\"text-align: left;\"><span style=\"color: #000000;\">Int. dz.-b\u0142. w 1. R. ur. Nikodema<\/span><\/p>\n<\/td>\n<\/tr>\n<tr>\n<td colspan=\"2\" width=\"694\">\n<p style=\"text-align: left;\"><span style=\"color: #ff0000;\"><strong>10 maja \u2013 6. <\/strong><strong>N<\/strong><strong>iedziela Wielkanocna<\/strong><\/span><\/p>\n<\/td>\n<\/tr>\n<tr>\n<td width=\"74\">\n<p style=\"text-align: center;\"><span style=\"color: #ff0000;\"><strong>11.00<\/strong><\/span><\/p>\n<\/td>\n<td width=\"620\">\n<p style=\"text-align: left;\"><span style=\"color: #000000;\">++ Babcie i Dziadkowie z rodz. \u0106wiek, Kita, Wierzchowskich <\/span><span style=\"color: #000000;\">i Hornickich, aby dobry B\u00f3g odpu\u015bci\u0142 im grzechy, otoczy\u0142 wieczn\u0105 chwa\u0142\u0105 w Kr\u00f3lestwie Niebieskim i da\u0142 im \u017cycie wieczne<\/span><\/p>\n<\/td>\n<\/tr>\n<tr>\n<td colspan=\"2\" width=\"694\">\n<p style=\"text-align: left;\"><span style=\"color: #000000;\"><strong>13 maja \u2013 \u015broda<\/strong><\/span><\/p>\n<\/td>\n<\/tr>\n<tr>\n<td width=\"74\">\n<p style=\"text-align: center;\"><span style=\"color: #000000;\"><strong>19.00<\/strong><\/span><\/p>\n<\/td>\n<td width=\"620\">\n<p style=\"text-align: left;\"><span style=\"color: #000000;\">+ Teresa, + Alfreda, + Jerzy<\/span><\/p>\n<\/td>\n<\/tr>\n<tr>\n<td colspan=\"2\" width=\"694\">\n<p style=\"text-align: left;\"><span style=\"color: #ff0000;\"><strong>17 maja \u2013 Uroczysto\u015b\u0107 Wniebowst\u0105pienia Pa\u0144skiego<\/strong><\/span><\/p>\n<\/td>\n<\/tr>\n<tr>\n<td rowspan=\"2\" width=\"74\">\n<p style=\"text-align: center;\"><span style=\"color: #ff0000;\"><strong>11.00<\/strong><\/span><\/p>\n<\/td>\n<td width=\"620\">\n<p style=\"text-align: left;\"><span style=\"color: #000000;\">1) Int. dz.-b\u0142. za Stanis\u0142aw\u0119 K\u0119dziora \u2013 int. imieninowa od Teresy <\/span><span style=\"color: #000000;\">i Marysi<\/span><\/p>\n<\/td>\n<\/tr>\n<tr>\n<td width=\"620\">\n<p style=\"text-align: left;\"><span style=\"color: #000000;\">\u00a0 \u00a0 2) + Stefania, + Wac\u0142aw Kijak, ++ z rodz. Kula, Kijak i + Karolina Ragan<\/span><\/p>\n<\/td>\n<\/tr>\n<tr>\n<td colspan=\"2\" width=\"694\">\n<p style=\"text-align: left;\"><span style=\"color: #000000;\"><strong>20 maja \u2013 \u015broda<\/strong><\/span><\/p>\n<\/td>\n<\/tr>\n<tr>\n<td width=\"74\">\n<p style=\"text-align: center;\"><span style=\"color: #000000;\"><strong>19.00<\/strong><\/span><\/p>\n<\/td>\n<td width=\"620\">\n<p style=\"text-align: left;\"><span style=\"color: #000000;\">Int. wynagradzaj\u0105ca Bogu za grzechy<\/span><\/p>\n<\/td>\n<\/tr>\n<tr>\n<td colspan=\"2\" width=\"694\">\n<p style=\"text-align: left;\"><span style=\"color: #ff0000;\"><strong>24 maja \u2013 Uroczysto\u015b\u0107 Zes\u0142ania Ducha \u015awi\u0119tego<\/strong><\/span><\/p>\n<\/td>\n<\/tr>\n<tr>\n<td width=\"74\">\n<p style=\"text-align: center;\"><span style=\"color: #ff0000;\"><strong>11.00<\/strong><\/span><\/p>\n<\/td>\n<td width=\"620\">\n<p style=\"text-align: left;\"><span style=\"color: #000000;\">Int. dz.-b\u0142. w 3. R. \u015alubu Wiktorii i Krystiana<\/span><\/p>\n<\/td>\n<\/tr>\n<tr>\n<td colspan=\"2\" width=\"694\">\n<p style=\"text-align: left;\"><span style=\"color: #000000;\"><strong>27 maja \u2013 \u015broda<\/strong><\/span><\/p>\n<\/td>\n<\/tr>\n<tr>\n<td width=\"74\">\n<p style=\"text-align: center;\"><span style=\"color: #000000;\"><strong>19.00<\/strong><\/span><\/p>\n<\/td>\n<td width=\"620\">\n<p style=\"text-align: left;\"><span style=\"color: #000000;\">Int. dz.-b\u0142. za Rodzic\u00f3w z obu stron \u2013 od Moniki i Roberta<\/span><\/p>\n<\/td>\n<\/tr>\n<tr>\n<td colspan=\"2\" width=\"694\">\n<p style=\"text-align: left;\"><span style=\"color: #ff0000;\"><strong>31 maja \u2013 Uroczysto\u015b\u0107 Naj\u015bwi\u0119tszej Tr\u00f3jcy<\/strong><\/span><\/p>\n<\/td>\n<\/tr>\n<tr>\n<td width=\"74\">\n<p style=\"text-align: center;\"><span style=\"color: #ff0000;\"><strong>11.00<\/strong><\/span><\/p>\n<\/td>\n<td width=\"620\">\n<p style=\"text-align: left;\"><span style=\"color: #000000;\">Int. dz.-b\u0142. za Wnucz\u0119ta i Prawnucz\u0119ta<\/span><\/p>\n<\/td>\n<\/tr>\n<\/tbody>\n<\/table>\n","protected":false},"excerpt":{"rendered":"<p>INTENCJE MSZALNE PAW\u0141OWICE 10 &#8211; 17 maja 2026 r. NIEDZIELA \u2013 10 maja &#8211; 6. Niedziela Wielkanocna 8.00 + Olga Raczy\u0144ska \u2013 10. greg. 9.30 1) Do Bo\u017cego Mi\u0142osierdzia o szcz\u0119\u015bliw\u0105 wieczno\u015b\u0107 dla + Anieli T\u0119cza \u2013 int. od s\u0105siad\u00f3w Aleksandry i Micha\u0142a z rodzin\u0105 \u00a0 2) ++ Rodzice: Maria i W\u0142adys\u0142aw Hrynda, Bo\u017cena i&hellip; <br \/> <a class=\"read-more\" href=\"https:\/\/nspj.wroclaw.pl\/new\/intencje-mszalne-nspj\/\">Dowiedz si\u0119 wi\u0119cej<\/a><\/p>\n","protected":false},"author":1,"featured_media":589,"parent":0,"menu_order":0,"comment_status":"closed","ping_status":"closed","template":"","meta":{"ngg_post_thumbnail":0,"footnotes":""},"class_list":["post-794","page","type-page","status-publish","has-post-thumbnail","hentry"],"aioseo_notices":[],"_links":{"self":[{"href":"https:\/\/nspj.wroclaw.pl\/new\/wp-json\/wp\/v2\/pages\/794","targetHints":{"allow":["GET"]}}],"collection":[{"href":"https:\/\/nspj.wroclaw.pl\/new\/wp-json\/wp\/v2\/pages"}],"about":[{"href":"https:\/\/nspj.wroclaw.pl\/new\/wp-json\/wp\/v2\/types\/page"}],"author":[{"embeddable":true,"href":"https:\/\/nspj.wroclaw.pl\/new\/wp-json\/wp\/v2\/users\/1"}],"replies":[{"embeddable":true,"href":"https:\/\/nspj.wroclaw.pl\/new\/wp-json\/wp\/v2\/comments?post=794"}],"version-history":[{"count":766,"href":"https:\/\/nspj.wroclaw.pl\/new\/wp-json\/wp\/v2\/pages\/794\/revisions"}],"predecessor-version":[{"id":10870,"href":"https:\/\/nspj.wroclaw.pl\/new\/wp-json\/wp\/v2\/pages\/794\/revisions\/10870"}],"wp:featuredmedia":[{"embeddable":true,"href":"https:\/\/nspj.wroclaw.pl\/new\/wp-json\/wp\/v2\/media\/589"}],"wp:attachment":[{"href":"https:\/\/nspj.wroclaw.pl\/new\/wp-json\/wp\/v2\/media?parent=794"}],"curies":[{"name":"wp","href":"https:\/\/api.w.org\/{rel}","templated":true}]}}