{"id":6888,"date":"2023-11-13T18:43:31","date_gmt":"2023-11-13T17:43:31","guid":{"rendered":"https:\/\/nspj.wroclaw.pl\/new\/?page_id=6888"},"modified":"2024-02-03T20:31:43","modified_gmt":"2024-02-03T19:31:43","slug":"ii-czytania-maj-2021","status":"publish","type":"page","link":"https:\/\/nspj.wroclaw.pl\/new\/czytanie-dziel-sw-jana-pawla-ii\/ii-czytania-maj-2021\/","title":{"rendered":"II Czytanie Maj 2021"},"content":{"rendered":"<p>&nbsp;<\/p>\n<p><strong><span style=\"color: #800000;\">1 maja<\/span><\/strong><\/p>\n<p><span style=\"color: #800000;\"><strong><span style=\"color: #000000;\">Audiencja generalna, 1 maja 2002 roku na placu \u015bw. Piotra<\/span><\/strong><em><span style=\"color: #000000;\"><br \/>\nW dniu 1 maja, w kt\u00f3rym czcimy \u015bw. J\u00f3zefa Rzemie\u015blnika, w szczeg\u00f3lny spos\u00f3b obejmuj\u0119<br \/>\nmy\u015bl\u0105 i modlitw\u0105 ludzi pracy. Psalmista napisa\u0142: \u00abZ pracy r\u0105k swoich b\u0119dziesz po\u017cywa\u0142,<br \/>\nszcz\u0119\u015bcie osi\u0105gniesz i dobrze ci b\u0119dzie\u00bb. Prosz\u0119 Pana Boga, aby \u2014 mimo narastaj\u0105cych<br \/>\ntrudno\u015bci i bezrobocia \u2014 to b\u0142ogos\u0142awie\u0144stwo owocnej pracy sta\u0142o si\u0119 udzia\u0142em wszystkich<br \/>\nPolak\u00f3w. Niech godna praca b\u0119dzie dla ka\u017cdego \u017ar\u00f3d\u0142em dobra i szcz\u0119\u015bcia! &#8230;.<\/span><\/em><\/span><br \/>\n<a href=\"https:\/\/nspj.wroclaw.pl\/new\/wp-content\/uploads\/2023\/11\/1-maja.pdf\">(kliknij \u017ceby pobra\u0107 ca\u0142y tekst)<\/a><\/p>\n<p><strong><span style=\"color: #800000;\"><br \/>\n2 maja<\/span><\/strong><\/p>\n<p><span style=\"color: #000000;\">Polskie bia\u0142o-czerwone barwy narodowe pochodz\u0105ce od dw\u00f3ch herb\u00f3w Polski i Litwy <\/span><br \/>\n<span style=\"color: #000000;\">symbolizuj\u0105 wielkie wsp\u00f3lne dzie\u0142o naszych przodk\u00f3w &#8211; tradycje Rzeczypospolitej Obojga Narod\u00f3w. <\/span><br \/>\n<span style=\"color: #000000;\">Pa\u0144stwa, kt\u00f3re na obszarze oko\u0142o miliona kilometr\u00f3w kwadratowych umo\u017cliwia\u0142o godny byt ludziom <\/span><br \/>\n<span style=\"color: #000000;\">m\u00f3wi\u0105cym kilkunastoma j\u0119zykami, wyznaj\u0105cych kilkana\u015bcie religii. Pa\u0144stwo to nie by\u0142o terenem 30-letniej <\/span><br \/>\n<span style=\"color: #000000;\">wojny religijnej, kt\u00f3ra przeora\u0142a Europ\u0119 w XVII wieku, ani nocy \u015bw. Bart\u0142omieja. Pa\u0144stwo to wytworzy\u0142o <\/span><br \/>\n<span style=\"color: #000000;\">now\u0105 jako\u015b\u0107 &#8222;polsko\u015bci&#8221; o kt\u00f3rej tak pisa\u0142 w swej ksi\u0105\u017cce &#8222;Pami\u0119\u0107 i to\u017csamo\u015b\u0107&#8221; Ojciec \u015awi\u0119ty Jan Pawe\u0142 II &#8230;<\/span><br \/>\n<a href=\"https:\/\/nspj.wroclaw.pl\/new\/wp-content\/uploads\/2023\/11\/2-maja.pdf\">(kliknij \u017ceby pobra\u0107 ca\u0142y tekst)<\/a><\/p>\n<p><span style=\"color: #800000;\"><strong><br \/>\n3 maja<\/strong><\/span><br \/>\n<a href=\"https:\/\/nspj.wroclaw.pl\/new\/wp-content\/uploads\/2023\/11\/3-maja.pdf\">(kliknij \u017ceby pobra\u0107)<\/a><\/p>\n<p><strong><span style=\"color: #800000;\">4 maja<br \/>\n<\/span><\/strong><span style=\"color: #800000;\"><a href=\"https:\/\/nspj.wroclaw.pl\/new\/wp-content\/uploads\/2023\/11\/4-maja.pdf\">(kliknij \u017ceby pobra\u0107)<\/a><\/span><\/p>\n<p><strong><span style=\"color: #800000;\">5 maja<br \/>\n<\/span><\/strong><span style=\"color: #800000;\"><a href=\"https:\/\/nspj.wroclaw.pl\/new\/wp-content\/uploads\/2023\/11\/5-maja.pdf\">(kliknij \u017ceby pobra\u0107)<\/a><\/span><\/p>\n<p><strong><span style=\"color: #800000;\">6 maja<br \/>\n<\/span><\/strong><span style=\"color: #800000;\"><a href=\"https:\/\/nspj.wroclaw.pl\/new\/wp-content\/uploads\/2023\/11\/6-maja.pdf\">(kliknij \u017ceby pobra\u0107)<\/a><\/span><strong><span style=\"color: #800000;\"><br \/>\n<\/span><\/strong><\/p>\n<p><span style=\"color: #800000;\"><strong>7 maja<br \/>\n<\/strong><a href=\"https:\/\/nspj.wroclaw.pl\/new\/wp-content\/uploads\/2023\/11\/7-maja.pdf\">(kliknij \u017ceby pobra\u0107)<\/a><strong><br \/>\n<\/strong><\/span><\/p>\n<p><span style=\"color: #800000;\"><strong>8 maja<br \/>\n<\/strong><a href=\"https:\/\/nspj.wroclaw.pl\/new\/wp-content\/uploads\/2023\/11\/8-maja.pdf\">(kliknij \u017ceby pobra\u0107)<\/a><\/span><\/p>\n<p><span style=\"color: #800000;\"><strong>9 maja<br \/>\n<\/strong><a href=\"https:\/\/nspj.wroclaw.pl\/new\/wp-content\/uploads\/2023\/11\/9-maja.pdf\">(kliknij<\/a><a href=\"https:\/\/nspj.wroclaw.pl\/new\/wp-content\/uploads\/2023\/11\/6-maja.pdf\"> \u017ceb<\/a><a href=\"https:\/\/nspj.wroclaw.pl\/new\/wp-content\/uploads\/2023\/11\/9-maja.pdf\">y<\/a><a href=\"https:\/\/nspj.wroclaw.pl\/new\/wp-content\/uploads\/2023\/11\/6-maja.pdf\"> pobra\u0107)<\/a><\/span><\/p>\n<p><span style=\"color: #800000;\"><strong>10 maja<br \/>\n<\/strong><a href=\"https:\/\/nspj.wroclaw.pl\/new\/wp-content\/uploads\/2023\/11\/10-maja.pdf\">(kliknij \u017ceby pobra\u0107)<\/a><\/span><\/p>\n<p><span style=\"color: #800000;\"><strong>11 maja<\/strong><\/span><br \/>\n<a href=\"https:\/\/nspj.wroclaw.pl\/new\/wp-content\/uploads\/2023\/11\/11-maja.pdf\">(kliknij \u017ceby pobra\u0107)<\/a><\/p>\n<p><span style=\"color: #800000;\"><strong>12 maja<\/strong><\/span><br \/>\n<a href=\"https:\/\/nspj.wroclaw.pl\/new\/wp-content\/uploads\/2023\/11\/12-maja.pdf\">(kliknij \u017ceby pobra\u0107)<\/a><\/p>\n<p><span style=\"color: #800000;\"><strong>13 maja<\/strong><\/span><br \/>\n<a href=\"https:\/\/nspj.wroclaw.pl\/new\/wp-content\/uploads\/2023\/11\/13-maja.pdf\">(kliknij \u017ceby pobra\u0107)<\/a><\/p>\n<p><strong><span style=\"color: #800000;\">14 maja<\/span><br \/>\n<\/strong><a href=\"https:\/\/nspj.wroclaw.pl\/new\/wp-content\/uploads\/2023\/11\/14-maja.pdf\">(kliknij \u017ceby pobra\u0107)<\/a><\/p>\n<p><strong><span style=\"color: #800000;\">15 maja<\/span><br \/>\n<\/strong><a href=\"https:\/\/nspj.wroclaw.pl\/new\/wp-content\/uploads\/2023\/11\/15-maja.pdf\">(kliknij \u017ceby pobra\u0107)<\/a><\/p>\n<p><strong><span style=\"color: #800000;\">16 maja<\/span><br \/>\n<\/strong><a href=\"https:\/\/nspj.wroclaw.pl\/new\/wp-content\/uploads\/2023\/11\/16-maja.pdf\">(kliknij \u017ceby pobra\u0107)<\/a><strong><br \/>\n<\/strong><\/p>\n<p><strong><span style=\"color: #800000;\">17 maja<\/span><br \/>\n<\/strong><a href=\"https:\/\/nspj.wroclaw.pl\/new\/wp-content\/uploads\/2023\/11\/17-maja.pdf\">(kliknij \u017ceby pobra\u0107)<\/a><strong><br \/>\n<\/strong><\/p>\n<p><strong><span style=\"color: #800000;\">18 maja<\/span><br \/>\n<\/strong><a href=\"https:\/\/nspj.wroclaw.pl\/new\/wp-content\/uploads\/2023\/11\/18-maja.pdf\">(kliknij \u017ceby pobra\u0107)<\/a><\/p>\n<p><strong><span style=\"color: #800000;\">19 maja<\/span><br \/>\n<\/strong><a href=\"https:\/\/nspj.wroclaw.pl\/new\/wp-content\/uploads\/2023\/11\/19-maja.pdf\">(kliknij<\/a><a href=\"https:\/\/nspj.wroclaw.pl\/new\/wp-content\/uploads\/2023\/11\/6-maja.pdf\"> \u017ceb<\/a><a href=\"https:\/\/nspj.wroclaw.pl\/new\/wp-content\/uploads\/2023\/11\/19-maja.pdf\">y<\/a><a href=\"https:\/\/nspj.wroclaw.pl\/new\/wp-content\/uploads\/2023\/11\/6-maja.pdf\"> pobra\u0107)<\/a><\/p>\n<p><strong><span style=\"color: #800000;\">20 maja<\/span><br \/>\n<\/strong><a href=\"https:\/\/nspj.wroclaw.pl\/new\/wp-content\/uploads\/2023\/11\/20-maja.pdf\">(kliknij \u017ceby pobra\u0107)<\/a><\/p>\n<p><span style=\"color: #800000;\"><strong>21 maja<\/strong><\/span><br \/>\n<a href=\"https:\/\/nspj.wroclaw.pl\/new\/wp-content\/uploads\/2023\/11\/21-maja.pdf\">(kliknij \u017ceby pobra\u0107)<\/a><\/p>\n<p><span style=\"color: #800000;\"><strong>22 maja<\/strong><\/span><br \/>\n<a href=\"https:\/\/nspj.wroclaw.pl\/new\/wp-content\/uploads\/2023\/11\/22-maja.pdf\">(kliknij \u017ceby pobra\u0107)<\/a><\/p>\n<p><span style=\"color: #800000;\"><strong>23 maja<\/strong><\/span><br \/>\n<a href=\"https:\/\/nspj.wroclaw.pl\/new\/wp-content\/uploads\/2023\/11\/23-maja.pdf\">(kliknij \u017ceby pobra\u0107)<\/a><\/p>\n<p><strong><span style=\"color: #800000;\">24 maja<\/span><br \/>\n<\/strong><a href=\"https:\/\/nspj.wroclaw.pl\/new\/wp-content\/uploads\/2023\/11\/24-maja.pdf\">(kliknij \u017ceby pobra\u0107)<\/a><\/p>\n<p><strong><span style=\"color: #800000;\">25 maja<\/span><br \/>\n<\/strong><a href=\"https:\/\/nspj.wroclaw.pl\/new\/wp-content\/uploads\/2023\/11\/25-maja.pdf\">(kliknij \u017ceby pobra\u0107)<\/a><\/p>\n<p><strong><span style=\"color: #800000;\">26 maja<\/span><br \/>\n<\/strong><a href=\"https:\/\/nspj.wroclaw.pl\/new\/wp-content\/uploads\/2023\/11\/26-maja.pdf\">(kliknij \u017ceby pobra\u0107)<\/a><strong><br \/>\n<\/strong><\/p>\n<p><strong><span style=\"color: #800000;\">27 maja<\/span><br \/>\n<\/strong><a href=\"https:\/\/nspj.wroclaw.pl\/new\/wp-content\/uploads\/2023\/11\/27-maja.pdf\">(kliknij \u017ceby pobra\u0107)<\/a><strong><br \/>\n<\/strong><\/p>\n<p><strong><span style=\"color: #800000;\">28 maja<\/span><br \/>\n<\/strong><a href=\"https:\/\/nspj.wroclaw.pl\/new\/wp-content\/uploads\/2023\/11\/28-maja.pdf\">(kliknij \u017ceby pobra\u0107)<\/a><\/p>\n<p><strong><span style=\"color: #800000;\">29 maja<\/span><br \/>\n<\/strong><a href=\"https:\/\/nspj.wroclaw.pl\/new\/wp-content\/uploads\/2023\/11\/19-maja.pdf\">(kliknij<\/a><a href=\"https:\/\/nspj.wroclaw.pl\/new\/wp-content\/uploads\/2023\/11\/29-maja.pdf\"> \u017ceb<\/a><a href=\"https:\/\/nspj.wroclaw.pl\/new\/wp-content\/uploads\/2023\/11\/6-maja.pdf\">y<\/a><a href=\"https:\/\/nspj.wroclaw.pl\/new\/wp-content\/uploads\/2023\/11\/6-maja.pdf\"> pobra\u0107)<\/a><\/p>\n<p><strong><span style=\"color: #800000;\">30 maja<\/span><br \/>\n<\/strong><a href=\"https:\/\/nspj.wroclaw.pl\/new\/wp-content\/uploads\/2023\/11\/30-maja.pdf\">(kliknij \u017ceby pobra\u0107)<\/a><\/p>\n<p><strong><span style=\"color: #800000;\">31 maja<\/span><br \/>\n<\/strong><a href=\"https:\/\/nspj.wroclaw.pl\/new\/wp-content\/uploads\/2023\/11\/31-maja.pdf\">(kliknij \u017ceby pobra\u0107)<\/a><\/p>\n<p>&nbsp;<\/p>\n<p>&nbsp;<\/p>\n<p>&nbsp;<\/p>\n<p>&nbsp;<\/p>\n","protected":false},"excerpt":{"rendered":"<p>&nbsp; 1 maja Audiencja generalna, 1 maja 2002 roku na placu \u015bw. Piotra W dniu 1 maja, w kt\u00f3rym czcimy \u015bw. J\u00f3zefa Rzemie\u015blnika, w szczeg\u00f3lny spos\u00f3b obejmuj\u0119 my\u015bl\u0105 i modlitw\u0105 ludzi pracy. Psalmista napisa\u0142: \u00abZ pracy r\u0105k swoich b\u0119dziesz po\u017cywa\u0142, szcz\u0119\u015bcie osi\u0105gniesz i dobrze ci b\u0119dzie\u00bb. Prosz\u0119 Pana Boga, aby \u2014 mimo narastaj\u0105cych trudno\u015bci i&hellip; <br \/> <a class=\"read-more\" href=\"https:\/\/nspj.wroclaw.pl\/new\/czytanie-dziel-sw-jana-pawla-ii\/ii-czytania-maj-2021\/\">Dowiedz si\u0119 wi\u0119cej<\/a><\/p>\n","protected":false},"author":1,"featured_media":0,"parent":6881,"menu_order":0,"comment_status":"closed","ping_status":"closed","template":"","meta":{"ngg_post_thumbnail":0,"footnotes":""},"class_list":["post-6888","page","type-page","status-publish","hentry"],"aioseo_notices":[],"_links":{"self":[{"href":"https:\/\/nspj.wroclaw.pl\/new\/wp-json\/wp\/v2\/pages\/6888","targetHints":{"allow":["GET"]}}],"collection":[{"href":"https:\/\/nspj.wroclaw.pl\/new\/wp-json\/wp\/v2\/pages"}],"about":[{"href":"https:\/\/nspj.wroclaw.pl\/new\/wp-json\/wp\/v2\/types\/page"}],"author":[{"embeddable":true,"href":"https:\/\/nspj.wroclaw.pl\/new\/wp-json\/wp\/v2\/users\/1"}],"replies":[{"embeddable":true,"href":"https:\/\/nspj.wroclaw.pl\/new\/wp-json\/wp\/v2\/comments?post=6888"}],"version-history":[{"count":23,"href":"https:\/\/nspj.wroclaw.pl\/new\/wp-json\/wp\/v2\/pages\/6888\/revisions"}],"predecessor-version":[{"id":7463,"href":"https:\/\/nspj.wroclaw.pl\/new\/wp-json\/wp\/v2\/pages\/6888\/revisions\/7463"}],"up":[{"embeddable":true,"href":"https:\/\/nspj.wroclaw.pl\/new\/wp-json\/wp\/v2\/pages\/6881"}],"wp:attachment":[{"href":"https:\/\/nspj.wroclaw.pl\/new\/wp-json\/wp\/v2\/media?parent=6888"}],"curies":[{"name":"wp","href":"https:\/\/api.w.org\/{rel}","templated":true}]}}