{"id":669,"date":"2021-07-26T23:11:26","date_gmt":"2021-07-26T21:11:26","guid":{"rendered":"http:\/\/nspj.wroclaw.pl\/new\/?page_id=669"},"modified":"2025-11-29T22:15:31","modified_gmt":"2025-11-29T21:15:31","slug":"kontakt","status":"publish","type":"page","link":"https:\/\/nspj.wroclaw.pl\/new\/kontakt\/","title":{"rendered":"Kontakt"},"content":{"rendered":"\r\n<section id=\"section-6c3d8069-2a2e-4dcd-a145-418c74eacca5\" class=\"wp-block-gutentor-advanced-columns gutentor-section gutentor-advanced-columns has-color-bg has-custom-bg\">\r\n<div class=\"grid-container\">\r\n<div class=\"grid-row\">\r\n<div id=\"section-f600c8e9-7568-4c7e-821e-3d3efc129d63\" class=\"wp-block-gutentor-single-column gutentor-single-column  grid-lg-6 grid-md-12 grid-12\">\r\n<section id=\"section-04a7f809-f362-40d7-a5e4-4e406d9a914e\" class=\"wp-block-gutentor-content-box gutentor-section gutentor-content-box-wrapper content-template1\">\r\n<div class=\"grid-container\">\r\n<div class=\"grid-row gutentor-grid-item-wrap\">\r\n<div class=\"gutentor-grid-column grid-lg-4 grid-md-12 grid-12\">\r\n<div class=\"gutentor-single-item gutentor-single-item-0\">\r\n<div class=\"gutentor-single-item-wrap\">\r\n<div class=\"gutentor-single-item-content\">\r\n<h3 class=\"gutentor-single-item-title\"><span style=\"color: #000000;\">Parafia NSPJ Wroc\u0142aw &#8211; Paw\u0142owice<\/span><\/h3>\r\n<span class=\"gutentor-single-item-desc\" style=\"color: #000000;\"> ul. Starod\u0119bowa 30a<br>51-251 Wroc\u0142aw<br>tel. 71 324-21-21 <\/span><\/div>\r\n<div class=\"gutentor-single-item-content\"><span class=\"gutentor-single-item-desc\"><span style=\"color: #000000;\">kancelaria@nspj.wroclaw.pl<\/span><br><br><a href=\"https:\/\/www.instagram.com\/nspj_wroclaw_pawlowice\/\"><img loading=\"lazy\" decoding=\"async\" class=\"alignnone wp-image-9054\" src=\"https:\/\/nspj.wroclaw.pl\/new\/wp-content\/uploads\/2025\/03\/Instagram_n-150x150.png\" alt=\"\" width=\"50\" height=\"50\"><\/a> <a href=\"https:\/\/www.youtube.com\/channel\/UCf2KZ3COnuAKEdBAx0xTS2w\"><img loading=\"lazy\" decoding=\"async\" class=\"alignnone wp-image-9057\" src=\"https:\/\/nspj.wroclaw.pl\/new\/wp-content\/uploads\/2025\/03\/youtube_n.png\" alt=\"\" width=\"71\" height=\"50\"><\/a><br><\/span><\/div>\r\n<div><span style=\"color: #000000;\">&nbsp;<\/span><\/div>\r\n<\/div>\r\n<\/div>\r\n<\/div>\r\n<div class=\"gutentor-grid-column grid-lg-4 grid-md-12 grid-12\">\r\n<div class=\"gutentor-single-item gutentor-single-item-1\">\r\n<div class=\"gutentor-single-item-wrap\">\r\n<div class=\"gutentor-single-item-content\">\r\n<h3 class=\"gutentor-single-item-title\"><span style=\"color: #000000;\">Kancelaria Parafialna<\/span><\/h3>\r\n<span class=\"gutentor-single-item-desc\"><span class=\"gutentor-single-item-desc\"><span style=\"color: #000000;\"><strong>Czynna w tygodniu:<\/strong><\/span><br><span style=\"color: #000000;\">Po ka\u017cdej Mszy \u015awi\u0119tej poza \u015brod\u0105 oraz I czwartku i I pi\u0105tku miesi\u0105ca.<\/span><br><br><span style=\"color: #000000;\"><strong><strong>W soboty: <\/strong><\/strong><\/span><br><span style=\"color: #000000;\">Po Mszy \u015aw. porannej<\/span><br><br><span style=\"color: #000000;\"><strong><strong>W niedziele i \u015bwi\u0119ta:<\/strong>&nbsp;nieczynna<\/strong><\/span><br><br><span style=\"color: #000000;\">Ponadto w innych porach um\u00f3wionych wcze\u015bniej z Duszpasterzem<\/span><br><br><\/span><\/span>\r\n<h5 class=\"dd-postheader\"><a href=\"https:\/\/nspj.wroclaw.pl\/new\/wykaz-dokumentow-kancelaria\/\" target=\"_blank\" rel=\"noopener\"><span class=\"dd-postheadericon\"><span style=\"color: #000080;\"><em>Wykaz dokument\u00f3w potrzebnych do sakrament\u00f3w \u015bwi\u0119tych i katolickiego pogrzebu<\/em><\/span><\/span><\/a><\/h5>\r\n<\/div>\r\n<div>&nbsp;<\/div>\r\n<div>&nbsp;<\/div>\r\n<\/div>\r\n<\/div>\r\n<\/div>\r\n<div class=\"gutentor-grid-column grid-lg-4 grid-md-12 grid-12\">\r\n<div class=\"gutentor-single-item gutentor-single-item-2\">\r\n<div class=\"gutentor-single-item-wrap\">\r\n<div class=\"gutentor-single-item-content\">\r\n<h3 class=\"gutentor-single-item-title\"><span style=\"color: #000000;\">Konta parafii<\/span><\/h3>\r\n<span class=\"gutentor-single-item-desc\" style=\"color: #000000;\">Je\u017celi pragniesz wesprze\u0107 parafi\u0119, prosimy o&nbsp;wp\u0142at\u0119 na&nbsp;rachunek:<\/span><\/div>\r\n<div>&nbsp;<\/div>\r\n<div class=\"gutentor-single-item-content\"><span class=\"gutentor-single-item-desc\" style=\"color: #000000;\"><strong>Parafia pw. Naj\u015bwi\u0119tszego Serca Pana Jezusa<\/strong><br><br><strong>Konto parafii:<\/strong> Santander Bank Polska:<br>82 1090 2402 0000 0001 2055 2756<br><br><strong>Konto na Budow\u0119 Centrum JP II: <\/strong>Santander Bank Polska<br>61 1090 2402 0000 0001 2055 2843<br><br><strong>Konto budowy ko\u015bcio\u0142a w Pruszowicach <\/strong>Lukas Bank SA<br>87 1940 1076 3054 1621 0000 0000<\/span><\/div>\r\n<\/div>\r\n<div>&nbsp;<\/div>\r\n<\/div>\r\n<\/div>\r\n<\/div>\r\n<\/div>\r\n<\/section>\r\n\r\n\r\n <iframe loading=\"lazy\" style=\"border: 0;\" src=\"https:\/\/www.google.com\/maps\/embed?pb=!1m18!1m12!1m3!1d2501.7964474964674!2d17.10506531502703!3d51.167541979580704!2m3!1f0!2f0!3f0!3m2!1i1024!2i768!4f13.1!3m3!1m2!1s0x470fe8dd06bb5f29%3A0x90ea056091ddcc5!2sKo%C5%9Bci%C3%B3%C5%82%20Rzymskokatolicki%20pw.%20Naj%C5%9Bwi%C4%99tszego%20Serca%20Pana%20Jezusa!5e0!3m2!1spl!2spl!4v1627336481048!5m2!1spl!2spl\" width=\"1000\" height=\"450\" allowfullscreen=\"allowfullscreen\"><\/iframe> <\/div>\r\n\r\n\r\n\r\n<div id=\"section-bd0c400b-4685-4af4-8e4d-465f0bf6a52b\" class=\"wp-block-gutentor-single-column gutentor-single-column  grid-lg-6 grid-md-12 grid-12\"><\/div>\r\n<\/div>\r\n<\/div>\r\n<\/section>\r\n<p>&nbsp;<\/p>\r\n<p>&nbsp;<\/p>\r\n<div class=\"notranslate\" style=\"all: initial;\">&nbsp;<\/div>","protected":false},"excerpt":{"rendered":"","protected":false},"author":1,"featured_media":0,"parent":0,"menu_order":0,"comment_status":"closed","ping_status":"closed","template":"","meta":{"ngg_post_thumbnail":0,"footnotes":""},"class_list":["post-669","page","type-page","status-publish","hentry"],"aioseo_notices":[],"_links":{"self":[{"href":"https:\/\/nspj.wroclaw.pl\/new\/wp-json\/wp\/v2\/pages\/669","targetHints":{"allow":["GET"]}}],"collection":[{"href":"https:\/\/nspj.wroclaw.pl\/new\/wp-json\/wp\/v2\/pages"}],"about":[{"href":"https:\/\/nspj.wroclaw.pl\/new\/wp-json\/wp\/v2\/types\/page"}],"author":[{"embeddable":true,"href":"https:\/\/nspj.wroclaw.pl\/new\/wp-json\/wp\/v2\/users\/1"}],"replies":[{"embeddable":true,"href":"https:\/\/nspj.wroclaw.pl\/new\/wp-json\/wp\/v2\/comments?post=669"}],"version-history":[{"count":62,"href":"https:\/\/nspj.wroclaw.pl\/new\/wp-json\/wp\/v2\/pages\/669\/revisions"}],"predecessor-version":[{"id":10289,"href":"https:\/\/nspj.wroclaw.pl\/new\/wp-json\/wp\/v2\/pages\/669\/revisions\/10289"}],"wp:attachment":[{"href":"https:\/\/nspj.wroclaw.pl\/new\/wp-json\/wp\/v2\/media?parent=669"}],"curies":[{"name":"wp","href":"https:\/\/api.w.org\/{rel}","templated":true}]}}