{"id":635,"date":"2021-07-26T22:30:41","date_gmt":"2021-07-26T20:30:41","guid":{"rendered":"http:\/\/nspj.wroclaw.pl\/new\/?page_id=635"},"modified":"2024-09-14T21:45:22","modified_gmt":"2024-09-14T19:45:22","slug":"parafia","status":"publish","type":"page","link":"https:\/\/nspj.wroclaw.pl\/new\/parafia\/","title":{"rendered":"Parafia"},"content":{"rendered":"<h4><a href=\"https:\/\/nspj.wroclaw.pl\/new\/parafia\/msze-sw-i-nabozenstwa\/\"><span style=\"color: #000000;\">Msze \u015aw. i Nabo\u017ce\u0144stwa<\/span><\/a><\/h4>\n<h4 class=\"hero-title\"><a href=\"https:\/\/nspj.wroclaw.pl\/new\/duszpasterze\/\"><span style=\"color: #000000;\">Duszpasterze<\/span><\/a><\/h4>\n<h4 class=\"hero-title\"><a href=\"https:\/\/nspj.wroclaw.pl\/new\/parafia\/informacje-ogolne\/\"><span style=\"color: #000000;\">Informacje og\u00f3lne<\/span><\/a><\/h4>\n<h4 class=\"hero-title\"><a href=\"https:\/\/nspj.wroclaw.pl\/new\/parafia\/historia\/\"><span style=\"color: #000000;\">Historia<\/span><\/a><\/h4>\n<h4 class=\"hero-title\"><a href=\"https:\/\/nspj.wroclaw.pl\/new\/category\/galeria\/\"><span style=\"color: #000000;\">Galeria<\/span><\/a><\/h4>\n","protected":false},"excerpt":{"rendered":"<p>Msze \u015aw. i Nabo\u017ce\u0144stwa Duszpasterze Informacje og\u00f3lne Historia Galeria<\/p>\n","protected":false},"author":1,"featured_media":0,"parent":0,"menu_order":0,"comment_status":"closed","ping_status":"closed","template":"","meta":{"ngg_post_thumbnail":0,"footnotes":""},"class_list":["post-635","page","type-page","status-publish","hentry"],"aioseo_notices":[],"_links":{"self":[{"href":"https:\/\/nspj.wroclaw.pl\/new\/wp-json\/wp\/v2\/pages\/635","targetHints":{"allow":["GET"]}}],"collection":[{"href":"https:\/\/nspj.wroclaw.pl\/new\/wp-json\/wp\/v2\/pages"}],"about":[{"href":"https:\/\/nspj.wroclaw.pl\/new\/wp-json\/wp\/v2\/types\/page"}],"author":[{"embeddable":true,"href":"https:\/\/nspj.wroclaw.pl\/new\/wp-json\/wp\/v2\/users\/1"}],"replies":[{"embeddable":true,"href":"https:\/\/nspj.wroclaw.pl\/new\/wp-json\/wp\/v2\/comments?post=635"}],"version-history":[{"count":6,"href":"https:\/\/nspj.wroclaw.pl\/new\/wp-json\/wp\/v2\/pages\/635\/revisions"}],"predecessor-version":[{"id":8390,"href":"https:\/\/nspj.wroclaw.pl\/new\/wp-json\/wp\/v2\/pages\/635\/revisions\/8390"}],"wp:attachment":[{"href":"https:\/\/nspj.wroclaw.pl\/new\/wp-json\/wp\/v2\/media?parent=635"}],"curies":[{"name":"wp","href":"https:\/\/api.w.org\/{rel}","templated":true}]}}