{"id":6018,"date":"2023-06-03T22:25:00","date_gmt":"2023-06-03T20:25:00","guid":{"rendered":"https:\/\/nspj.wroclaw.pl\/new\/?page_id=6018"},"modified":"2024-08-17T22:23:28","modified_gmt":"2024-08-17T20:23:28","slug":"rozaniec-rodzicow","status":"publish","type":"page","link":"https:\/\/nspj.wroclaw.pl\/new\/grupy-parafialne-2\/rozaniec-rodzicow\/","title":{"rendered":"R\u00f3\u017caniec Rodzic\u00f3w"},"content":{"rendered":"<p><img loading=\"lazy\" decoding=\"async\" class=\"aligncenter wp-image-6026 size-medium\" src=\"https:\/\/nspj.wroclaw.pl\/new\/wp-content\/uploads\/2023\/06\/rozaniec_rodzicow-234x300.jpg\" alt=\"\" width=\"234\" height=\"300\" srcset=\"https:\/\/nspj.wroclaw.pl\/new\/wp-content\/uploads\/2023\/06\/rozaniec_rodzicow-234x300.jpg 234w, https:\/\/nspj.wroclaw.pl\/new\/wp-content\/uploads\/2023\/06\/rozaniec_rodzicow-125x160.jpg 125w, https:\/\/nspj.wroclaw.pl\/new\/wp-content\/uploads\/2023\/06\/rozaniec_rodzicow.jpg 468w\" sizes=\"auto, (max-width: 234px) 100vw, 234px\" \/><\/p>\n<p style=\"text-align: left;\"><span style=\"color: #000000;\"><strong>W czerwcu 2023 r. w naszej parafii, zawi\u0105za\u0142a si\u0119 wsp\u00f3lnota R\u00f3\u017caniec Rodzic\u00f3w, za swojego patrona obj\u0119\u0142a \u015bw. J\u00f3zefa.<\/strong><\/span><\/p>\n<p style=\"text-align: left;\"><span style=\"color: #000000;\">R\u00f3\u017caniec Rodzic\u00f3w to modlitwa wsp\u00f3lnotowa oparta na schemacie \u017bywego R\u00f3\u017ca\u0144ca. Podejmujemy modlitw\u0119 w\u0142\u0105czaj\u0105c si\u0119 w 20-sto osobowe grupy rodzic\u00f3w, zwane r\u00f3\u017cami. Uczestnik R\u00f3\u017ca\u0144ca Rodzic\u00f3w podejmuje modlitw\u0119 w intencji swoich dzieci oraz w intencji dzieci pozosta\u0142ych cz\u0142onk\u00f3w danej r\u00f3\u017cy, a w zamian inni rodzice z tej r\u00f3\u017cy modl\u0105 si\u0119 za jego dzieci. Ka\u017cdy z rodzic\u00f3w odmawia codziennie jedn\u0105 dziesi\u0105tk\u0119 R\u00f3\u017ca\u0144ca z przypisan\u0105 mu na dany miesi\u0105c tajemnic\u0105. W ten spos\u00f3b za dzieci tego rodzica odm\u00f3wiony jest codziennie ca\u0142y r\u00f3\u017caniec.<\/span><\/p>\n<p style=\"text-align: left;\"><span style=\"color: #000000;\"><strong>Intencje modlitwy R\u00f3\u017ca\u0144ca Rodzic\u00f3w<\/strong><\/span><br \/>\n<span style=\"color: #000000;\">Od powstania R\u00f3\u017ca\u0144ca Rodzic\u00f3w ukszta\u0142towa\u0142o si\u0119 pi\u0119\u0107 konkretnych intencji og\u00f3lnych naszej modlitwy. Jako rodzice modlimy si\u0119 w intencjach szczeg\u00f3\u0142owych naszych dzieci i wszystkich innych dzieci z danej r\u00f3\u017cy, a intencje og\u00f3lne prowadz\u0105 nas w modlitwie, zw\u0142aszcza w zakresie relacji w rodzinie i \u015brodowisku. Poni\u017cej zamieszczamy te intencje og\u00f3lne:<\/span><br \/>\n<span style=\"color: #000000;\">&nbsp;1. Prosimy Boga, aby moc\u0105 ofiary Jezusa Chrystusa ochroni\u0142 nasze dzieci przed negatywnymi skutkami grzech\u00f3w i zaniedba\u0144 rodzicielskich.<\/span><br \/>\n<span style=\"color: #000000;\">&nbsp;2. Prosimy o b\u0142ogos\u0142awie\u0144stwo dla naszych dzieci, aby ka\u017cdego dnia do\u015bwiadcza\u0142y Bo\u017cej Mi\u0142o\u015bci i aby w ich \u017cyciu wype\u0142nia\u0142a si\u0119 wola Bo\u017ca.<\/span><br \/>\n<span style=\"color: #000000;\">&nbsp;3. Prosimy o \u015brodowisko wspieraj\u0105ce rozw\u00f3j naszych dzieci oraz uzdrowienie zranie\u0144 spowodowanych przez ich otoczenie.<\/span><br \/>\n<span style=\"color: #000000;\">&nbsp;4. Prosimy o rozszerzanie si\u0119 dzie\u0142a R\u00f3\u017ca\u0144ca Rodzic\u00f3w, aby ka\u017cde dziecko otrzymywa\u0142o od swoich rodzic\u00f3w b\u0142ogos\u0142awie\u0144stwo, mi\u0142o\u015b\u0107 oraz nieustann\u0105 modlitw\u0119.<\/span><br \/>\n<span style=\"color: #000000;\">&nbsp;5. Prosimy za Ojca \u015awi\u0119tego, w Jego intencjach i za ca\u0142y Ko\u015bci\u00f3\u0142 .<\/span><\/p>\n<p style=\"text-align: left;\"><span style=\"color: #000000;\">W przypadku, gdy dziecko zmar\u0142o lub do modlitwy przyst\u0119puj\u0105 rodzice dziecka \/ dzieci zmar\u0142ych, intencje w odniesieniu do tych dzieci si\u0119 zmieniaj\u0105, to oznacza, \u017ce modlimy si\u0119 za te dzieci tak, jak za osoby zmar\u0142e &#8211; o \u017cycie wieczne dla nich, o pocieszenie dla rodzic\u00f3w i dla bliskich.<\/span><\/p>\n<p style=\"text-align: left;\"><span style=\"color: #000000;\"><strong>Co zyskujemy ?<\/strong><\/span><\/p>\n<ol style=\"text-align: left;\">\n<li><span style=\"color: #000000;\">Dajemy najpi\u0119kniejszy prezent \/ dar naszym dzieciom &#8211; i to codziennie &#8211; wszystkie \u0142aski zwi\u0105zane z odmawianiem r\u00f3\u017ca\u0144ca w r\u00f3\u017cy (wiele, wiele \u0142ask) &#8211; pe\u0142niej wype\u0142niamy 4 przykazanie.<\/span><\/li>\n<li><span style=\"color: #000000;\">Pewno\u015b\u0107 \u017ce zawsze, ka\u017cdego dnia kto\u015b modli si\u0119 za moje dzieci, nawet wtedy gdy sam zapomn\u0119 &#8211; je\u015bli nikt nie zapomni to codziennie za nasze dzieci odm\u00f3wiony jest ca\u0142y r\u00f3\u017caniec!.<\/span><\/li>\n<li><span style=\"color: #000000;\">Rozw\u00f3j naszej osobistej modlitwy, cz\u0119sto te\u017c rodzice podejmuj\u0105 wsp\u00f3lnie modlitw\u0119 za dzieci, jest to okazja do rozpocz\u0119cia wsp\u00f3lnej modlitwy w rodzinie. ( jak najbardziej zalecane i bardzo owocne!)<br \/>\n<\/span><\/li>\n<\/ol>\n<p style=\"text-align: left;\"><span style=\"color: #000000;\">Wi\u0119cej informacji na stronie: https:\/\/www.rozaniecrodzicow.pl<\/span><\/p>\n<p style=\"text-align: left;\"><span style=\"color: #000000;\">Zapraszamy wszystkich rodzic\u00f3w do tworzenia kolejnych r\u00f3\u017c R\u00f3\u017ca\u0144ca Rodzic\u00f3w. Zg\u0142oszenia ch\u0119ci podj\u0119cia modlitwy za dzieci prosimy kierowa\u0107 do kancelarii parafialnej.<\/span><\/p>\n","protected":false},"excerpt":{"rendered":"<p>W czerwcu 2023 r. w naszej parafii, zawi\u0105za\u0142a si\u0119 wsp\u00f3lnota R\u00f3\u017caniec Rodzic\u00f3w, za swojego patrona obj\u0119\u0142a \u015bw. J\u00f3zefa. R\u00f3\u017caniec Rodzic\u00f3w to modlitwa wsp\u00f3lnotowa oparta na schemacie \u017bywego R\u00f3\u017ca\u0144ca. Podejmujemy modlitw\u0119 w\u0142\u0105czaj\u0105c si\u0119 w 20-sto osobowe grupy rodzic\u00f3w, zwane r\u00f3\u017cami. Uczestnik R\u00f3\u017ca\u0144ca Rodzic\u00f3w podejmuje modlitw\u0119 w intencji swoich dzieci oraz w intencji dzieci pozosta\u0142ych cz\u0142onk\u00f3w danej&hellip; <br \/> <a class=\"read-more\" href=\"https:\/\/nspj.wroclaw.pl\/new\/grupy-parafialne-2\/rozaniec-rodzicow\/\">Dowiedz si\u0119 wi\u0119cej<\/a><\/p>\n","protected":false},"author":1,"featured_media":0,"parent":887,"menu_order":0,"comment_status":"closed","ping_status":"closed","template":"","meta":{"ngg_post_thumbnail":0,"footnotes":""},"class_list":["post-6018","page","type-page","status-publish","hentry"],"aioseo_notices":[],"_links":{"self":[{"href":"https:\/\/nspj.wroclaw.pl\/new\/wp-json\/wp\/v2\/pages\/6018","targetHints":{"allow":["GET"]}}],"collection":[{"href":"https:\/\/nspj.wroclaw.pl\/new\/wp-json\/wp\/v2\/pages"}],"about":[{"href":"https:\/\/nspj.wroclaw.pl\/new\/wp-json\/wp\/v2\/types\/page"}],"author":[{"embeddable":true,"href":"https:\/\/nspj.wroclaw.pl\/new\/wp-json\/wp\/v2\/users\/1"}],"replies":[{"embeddable":true,"href":"https:\/\/nspj.wroclaw.pl\/new\/wp-json\/wp\/v2\/comments?post=6018"}],"version-history":[{"count":9,"href":"https:\/\/nspj.wroclaw.pl\/new\/wp-json\/wp\/v2\/pages\/6018\/revisions"}],"predecessor-version":[{"id":6062,"href":"https:\/\/nspj.wroclaw.pl\/new\/wp-json\/wp\/v2\/pages\/6018\/revisions\/6062"}],"up":[{"embeddable":true,"href":"https:\/\/nspj.wroclaw.pl\/new\/wp-json\/wp\/v2\/pages\/887"}],"wp:attachment":[{"href":"https:\/\/nspj.wroclaw.pl\/new\/wp-json\/wp\/v2\/media?parent=6018"}],"curies":[{"name":"wp","href":"https:\/\/api.w.org\/{rel}","templated":true}]}}