{"id":5359,"date":"2023-04-03T18:59:41","date_gmt":"2023-04-03T16:59:41","guid":{"rendered":"https:\/\/nspj.wroclaw.pl\/new\/?page_id=5359"},"modified":"2025-07-05T15:12:34","modified_gmt":"2025-07-05T13:12:34","slug":"lso","status":"publish","type":"page","link":"https:\/\/nspj.wroclaw.pl\/new\/grupy-parafialne-2\/lso\/","title":{"rendered":"Liturgiczna S\u0142u\u017cba O\u0142tarza"},"content":{"rendered":"<p><span style=\"color: #000000;\">Liturgiczna S\u0142u\u017cba O\u0142tarza <strong>(LSO)<\/strong> przy naszej parafii sk\u0142ada si\u0119 z ministrant\u00f3w, ministrantek, lektor\u00f3w, ceremoniarzy oraz Nadzwyczajnych Szafarzy Komunii \u015awi\u0119tej. S\u0142owo ministrant oznacza s\u0142u\u017cy\u0107, pomaga\u0107 i takie jest nasze zadanie-s\u0142u\u017cy\u0107 Jezusowi przy o\u0142tarzu. LSO w naszej parafii przygotowuje zar\u00f3wno du\u017ce uroczysto\u015bci (np. Triduum Paschalne, \u015awi\u0119ta Bo\u017cego Narodzenia) jak i codzienne liturgie oraz nabo\u017ce\u0144stwa. G\u0142\u00f3wnym zadaniem ministrant\u00f3w jest odpowiednia oprawa Liturgii S\u0142owa, a tak\u017ce przygotowywanie o\u0142tarza i pomaganie Ksi\u0119dzu podczas liturgii. Patronami LSO s\u0105: \u015bw. Dominik Savio, \u015bw. Jan Berchmans (SJ), \u015bw. Stanis\u0142aw Kostka (SJ), \u015bw. Tarsycjusz i \u015bw. Jan Bosco.<br \/>\n<\/span><\/p>\n<p style=\"text-align: center;\"><span style=\"color: #000000;\"><strong>Zbi\u00f3rki Ministranr\u00f3w odbywaj\u0105 si\u0119 w czwartki po wieczornej Mszy \u015awi\u0119tej<\/strong><\/span><\/p>\n<p style=\"text-align: center;\"><strong><span style=\"color: #000000;\">Opiekunem LSO jest Ksi\u0105dz Micha\u0142 Janusiewicz<\/span><\/strong><\/p>\n<p style=\"text-align: center;\"><img loading=\"lazy\" decoding=\"async\" class=\"alignnone wp-image-5381\" src=\"https:\/\/nspj.wroclaw.pl\/new\/wp-content\/uploads\/2023\/04\/lso_m-202x300.png\" alt=\"\" width=\"168\" height=\"250\" srcset=\"https:\/\/nspj.wroclaw.pl\/new\/wp-content\/uploads\/2023\/04\/lso_m-202x300.png 202w, https:\/\/nspj.wroclaw.pl\/new\/wp-content\/uploads\/2023\/04\/lso_m-108x160.png 108w, https:\/\/nspj.wroclaw.pl\/new\/wp-content\/uploads\/2023\/04\/lso_m.png 400w\" sizes=\"auto, (max-width: 168px) 100vw, 168px\" \/><\/p>\n<h3 style=\"text-align: center;\"><span style=\"color: #000000;\">Wigilia Paschalna 2025<\/span><br \/>\n<img loading=\"lazy\" decoding=\"async\" class=\"alignnone wp-image-9772 size-large\" src=\"https:\/\/nspj.wroclaw.pl\/new\/wp-content\/uploads\/2025\/07\/Wielka-Sob_2025-1024x768.jpg\" alt=\"\" width=\"1024\" height=\"768\" srcset=\"https:\/\/nspj.wroclaw.pl\/new\/wp-content\/uploads\/2025\/07\/Wielka-Sob_2025-1024x768.jpg 1024w, https:\/\/nspj.wroclaw.pl\/new\/wp-content\/uploads\/2025\/07\/Wielka-Sob_2025-300x225.jpg 300w, https:\/\/nspj.wroclaw.pl\/new\/wp-content\/uploads\/2025\/07\/Wielka-Sob_2025-768x576.jpg 768w, https:\/\/nspj.wroclaw.pl\/new\/wp-content\/uploads\/2025\/07\/Wielka-Sob_2025-1536x1151.jpg 1536w, https:\/\/nspj.wroclaw.pl\/new\/wp-content\/uploads\/2025\/07\/Wielka-Sob_2025-600x450.jpg 600w, https:\/\/nspj.wroclaw.pl\/new\/wp-content\/uploads\/2025\/07\/Wielka-Sob_2025-213x160.jpg 213w, https:\/\/nspj.wroclaw.pl\/new\/wp-content\/uploads\/2025\/07\/Wielka-Sob_2025-1441x1080.jpg 1441w, https:\/\/nspj.wroclaw.pl\/new\/wp-content\/uploads\/2025\/07\/Wielka-Sob_2025.jpg 1601w\" sizes=\"auto, (max-width: 1024px) 100vw, 1024px\" \/><\/h3>\n<h3 style=\"text-align: center;\"><span style=\"color: #000000;\">Promocja LSO 2024<br \/>\n<img loading=\"lazy\" decoding=\"async\" class=\"alignnone size-large wp-image-8636\" src=\"https:\/\/nspj.wroclaw.pl\/new\/wp-content\/uploads\/2024\/11\/nggallery_import\/promocja_ministrantow_2024-030-1024x767.jpg\" alt=\"\" width=\"1024\" height=\"767\" srcset=\"https:\/\/nspj.wroclaw.pl\/new\/wp-content\/uploads\/2024\/11\/nggallery_import\/promocja_ministrantow_2024-030-1024x767.jpg 1024w, https:\/\/nspj.wroclaw.pl\/new\/wp-content\/uploads\/2024\/11\/nggallery_import\/promocja_ministrantow_2024-030-300x225.jpg 300w, https:\/\/nspj.wroclaw.pl\/new\/wp-content\/uploads\/2024\/11\/nggallery_import\/promocja_ministrantow_2024-030-768x576.jpg 768w, https:\/\/nspj.wroclaw.pl\/new\/wp-content\/uploads\/2024\/11\/nggallery_import\/promocja_ministrantow_2024-030-600x450.jpg 600w, https:\/\/nspj.wroclaw.pl\/new\/wp-content\/uploads\/2024\/11\/nggallery_import\/promocja_ministrantow_2024-030-213x160.jpg 213w, https:\/\/nspj.wroclaw.pl\/new\/wp-content\/uploads\/2024\/11\/nggallery_import\/promocja_ministrantow_2024-030.jpg 1365w\" sizes=\"auto, (max-width: 1024px) 100vw, 1024px\" \/><br \/>\n<a href=\"https:\/\/nspj.wroclaw.pl\/new\/promocja-ministrantow-2024\/\" target=\"_blank\" rel=\"noopener\"><span style=\"color: #000080;\">wi\u0119cej zdj\u0119\u0107<\/span><\/a><\/span><\/h3>\n<h3 style=\"text-align: center;\"><span style=\"color: #000000;\">Wycieczka LSO z rodzinami do Sanktuarium \u015bw. Jacka w Legnicy<br \/>\n\u2013 miejsce Wydarzenia Eucharystycznego<\/span><span style=\"color: #000000;\"><img loading=\"lazy\" decoding=\"async\" class=\"alignnone size-large wp-image-8640\" src=\"https:\/\/nspj.wroclaw.pl\/new\/wp-content\/uploads\/2024\/11\/wyjazd-LSO-2024-017-1024x769.jpg\" alt=\"\" width=\"1024\" height=\"769\" srcset=\"https:\/\/nspj.wroclaw.pl\/new\/wp-content\/uploads\/2024\/11\/wyjazd-LSO-2024-017-1024x769.jpg 1024w, https:\/\/nspj.wroclaw.pl\/new\/wp-content\/uploads\/2024\/11\/wyjazd-LSO-2024-017-300x225.jpg 300w, https:\/\/nspj.wroclaw.pl\/new\/wp-content\/uploads\/2024\/11\/wyjazd-LSO-2024-017-768x577.jpg 768w, https:\/\/nspj.wroclaw.pl\/new\/wp-content\/uploads\/2024\/11\/wyjazd-LSO-2024-017-600x450.jpg 600w, https:\/\/nspj.wroclaw.pl\/new\/wp-content\/uploads\/2024\/11\/wyjazd-LSO-2024-017-213x160.jpg 213w, https:\/\/nspj.wroclaw.pl\/new\/wp-content\/uploads\/2024\/11\/wyjazd-LSO-2024-017.jpg 1071w\" sizes=\"auto, (max-width: 1024px) 100vw, 1024px\" \/><br \/>\n<span style=\"color: #000080;\"><a style=\"color: #000080;\" href=\"https:\/\/nspj.wroclaw.pl\/new\/wycieczka-lso-z-rodzinami-do-sanktuarium-sw-jacka-w-legnicy-miejsca-wydarzenia-eucharystycznego\/\" target=\"_blank\" rel=\"noopener\">wi\u0119cej zdj\u0119\u0107<\/a><\/span><br \/>\n<\/span><\/h3>\n<h3 style=\"text-align: center;\"><span style=\"color: #000000;\">Wigilia Paschalna 2024<br \/>\n<img loading=\"lazy\" decoding=\"async\" class=\"aligncenter wp-image-7801 size-large\" src=\"https:\/\/nspj.wroclaw.pl\/new\/wp-content\/uploads\/2024\/04\/Wielka-Sobota-2024-60-1024x768.jpg\" alt=\"Wigilia Paschalna 2024\" width=\"1024\" height=\"768\" srcset=\"https:\/\/nspj.wroclaw.pl\/new\/wp-content\/uploads\/2024\/04\/Wielka-Sobota-2024-60-1024x768.jpg 1024w, https:\/\/nspj.wroclaw.pl\/new\/wp-content\/uploads\/2024\/04\/Wielka-Sobota-2024-60-300x225.jpg 300w, https:\/\/nspj.wroclaw.pl\/new\/wp-content\/uploads\/2024\/04\/Wielka-Sobota-2024-60-768x576.jpg 768w, https:\/\/nspj.wroclaw.pl\/new\/wp-content\/uploads\/2024\/04\/Wielka-Sobota-2024-60-1536x1152.jpg 1536w, https:\/\/nspj.wroclaw.pl\/new\/wp-content\/uploads\/2024\/04\/Wielka-Sobota-2024-60-600x450.jpg 600w, https:\/\/nspj.wroclaw.pl\/new\/wp-content\/uploads\/2024\/04\/Wielka-Sobota-2024-60-213x160.jpg 213w, https:\/\/nspj.wroclaw.pl\/new\/wp-content\/uploads\/2024\/04\/Wielka-Sobota-2024-60-1440x1080.jpg 1440w, https:\/\/nspj.wroclaw.pl\/new\/wp-content\/uploads\/2024\/04\/Wielka-Sobota-2024-60.jpg 2048w\" sizes=\"auto, (max-width: 1024px) 100vw, 1024px\" \/><br \/>\n<\/span><span style=\"color: #000000;\">Promocja ministrancka 2023<br \/>\n<img loading=\"lazy\" decoding=\"async\" class=\"alignnone size-large wp-image-7154\" src=\"https:\/\/nspj.wroclaw.pl\/new\/wp-content\/uploads\/2023\/11\/nggallery_import\/1701290812396-1024x768.jpg\" alt=\"\" width=\"1024\" height=\"768\" srcset=\"https:\/\/nspj.wroclaw.pl\/new\/wp-content\/uploads\/2023\/11\/nggallery_import\/1701290812396-1024x768.jpg 1024w, https:\/\/nspj.wroclaw.pl\/new\/wp-content\/uploads\/2023\/11\/nggallery_import\/1701290812396-300x225.jpg 300w, https:\/\/nspj.wroclaw.pl\/new\/wp-content\/uploads\/2023\/11\/nggallery_import\/1701290812396-768x576.jpg 768w, https:\/\/nspj.wroclaw.pl\/new\/wp-content\/uploads\/2023\/11\/nggallery_import\/1701290812396-1536x1152.jpg 1536w, https:\/\/nspj.wroclaw.pl\/new\/wp-content\/uploads\/2023\/11\/nggallery_import\/1701290812396-600x450.jpg 600w, https:\/\/nspj.wroclaw.pl\/new\/wp-content\/uploads\/2023\/11\/nggallery_import\/1701290812396-213x160.jpg 213w, https:\/\/nspj.wroclaw.pl\/new\/wp-content\/uploads\/2023\/11\/nggallery_import\/1701290812396-1440x1080.jpg 1440w, https:\/\/nspj.wroclaw.pl\/new\/wp-content\/uploads\/2023\/11\/nggallery_import\/1701290812396.jpg 1600w\" sizes=\"auto, (max-width: 1024px) 100vw, 1024px\" \/> <\/span><\/h3>\n<h4 style=\"text-align: center;\"><a href=\"https:\/\/nspj.wroclaw.pl\/new\/promocja-lso-2023\/\" target=\"_blank\" rel=\"noopener\"><span style=\"color: #000080;\"><strong>wi\u0119cej zdj\u0119\u0107 z promocji 2023<\/strong><\/span><\/a><\/h4>\n<h3 style=\"text-align: center;\"><span style=\"color: #000000;\"><br \/>\nWycieczka LSO z rodzinami do Krzeszowa 17.06.2023<\/span><img loading=\"lazy\" decoding=\"async\" class=\"size-large wp-image-6321\" src=\"https:\/\/nspj.wroclaw.pl\/new\/wp-content\/uploads\/2023\/06\/rghyjehrtegr-1024x588.jpg\" alt=\"\" width=\"1024\" height=\"588\" srcset=\"https:\/\/nspj.wroclaw.pl\/new\/wp-content\/uploads\/2023\/06\/rghyjehrtegr-1024x588.jpg 1024w, https:\/\/nspj.wroclaw.pl\/new\/wp-content\/uploads\/2023\/06\/rghyjehrtegr-300x172.jpg 300w, https:\/\/nspj.wroclaw.pl\/new\/wp-content\/uploads\/2023\/06\/rghyjehrtegr-768x441.jpg 768w, https:\/\/nspj.wroclaw.pl\/new\/wp-content\/uploads\/2023\/06\/rghyjehrtegr-600x345.jpg 600w, https:\/\/nspj.wroclaw.pl\/new\/wp-content\/uploads\/2023\/06\/rghyjehrtegr-278x160.jpg 278w, https:\/\/nspj.wroclaw.pl\/new\/wp-content\/uploads\/2023\/06\/rghyjehrtegr.jpg 1286w\" sizes=\"auto, (max-width: 1024px) 100vw, 1024px\" \/><\/h3>\n<h4 style=\"text-align: center;\"><a href=\"https:\/\/nspj.wroclaw.pl\/new\/wycieczka-lso-z-rodzinami-do-krzeszowa-i-kolorowych-jeziorek-17-06-2023\/\" target=\"_blank\" rel=\"noopener\"><em><span style=\"color: #000080;\"><strong>Wi\u0119cej zdj\u0119\u0107 z wycieczki<\/strong><\/span><\/em><\/a><\/h4>\n<h3 style=\"text-align: center;\"><span style=\"color: #000000;\">Wigilia Paschalna 2023<\/span><\/h3>\n<p><img loading=\"lazy\" decoding=\"async\" class=\"size-large wp-image-5689 aligncenter\" src=\"https:\/\/nspj.wroclaw.pl\/new\/wp-content\/uploads\/2023\/04\/wigilia-paschalna-2023-1024x768.jpg\" alt=\"\" width=\"1024\" height=\"768\" srcset=\"https:\/\/nspj.wroclaw.pl\/new\/wp-content\/uploads\/2023\/04\/wigilia-paschalna-2023-1024x768.jpg 1024w, https:\/\/nspj.wroclaw.pl\/new\/wp-content\/uploads\/2023\/04\/wigilia-paschalna-2023-300x225.jpg 300w, https:\/\/nspj.wroclaw.pl\/new\/wp-content\/uploads\/2023\/04\/wigilia-paschalna-2023-768x576.jpg 768w, https:\/\/nspj.wroclaw.pl\/new\/wp-content\/uploads\/2023\/04\/wigilia-paschalna-2023-1536x1152.jpg 1536w, https:\/\/nspj.wroclaw.pl\/new\/wp-content\/uploads\/2023\/04\/wigilia-paschalna-2023-600x450.jpg 600w, https:\/\/nspj.wroclaw.pl\/new\/wp-content\/uploads\/2023\/04\/wigilia-paschalna-2023-213x160.jpg 213w, https:\/\/nspj.wroclaw.pl\/new\/wp-content\/uploads\/2023\/04\/wigilia-paschalna-2023-1440x1080.jpg 1440w, https:\/\/nspj.wroclaw.pl\/new\/wp-content\/uploads\/2023\/04\/wigilia-paschalna-2023.jpg 1800w\" sizes=\"auto, (max-width: 1024px) 100vw, 1024px\" \/><\/p>\n<h3 style=\"text-align: center;\"><span style=\"color: #000000;\">Promocja ministrancka 2022<\/span><\/h3>\n<p><img loading=\"lazy\" decoding=\"async\" class=\"aligncenter wp-image-5384 size-large\" src=\"https:\/\/nspj.wroclaw.pl\/new\/wp-content\/uploads\/2023\/04\/IMG_20221120_104625-1024x768.jpg\" alt=\"\" width=\"1024\" height=\"768\" srcset=\"https:\/\/nspj.wroclaw.pl\/new\/wp-content\/uploads\/2023\/04\/IMG_20221120_104625-1024x768.jpg 1024w, https:\/\/nspj.wroclaw.pl\/new\/wp-content\/uploads\/2023\/04\/IMG_20221120_104625-300x225.jpg 300w, https:\/\/nspj.wroclaw.pl\/new\/wp-content\/uploads\/2023\/04\/IMG_20221120_104625-768x576.jpg 768w, https:\/\/nspj.wroclaw.pl\/new\/wp-content\/uploads\/2023\/04\/IMG_20221120_104625-1536x1152.jpg 1536w, https:\/\/nspj.wroclaw.pl\/new\/wp-content\/uploads\/2023\/04\/IMG_20221120_104625-600x450.jpg 600w, https:\/\/nspj.wroclaw.pl\/new\/wp-content\/uploads\/2023\/04\/IMG_20221120_104625-213x160.jpg 213w, https:\/\/nspj.wroclaw.pl\/new\/wp-content\/uploads\/2023\/04\/IMG_20221120_104625-1440x1080.jpg 1440w, https:\/\/nspj.wroclaw.pl\/new\/wp-content\/uploads\/2023\/04\/IMG_20221120_104625.jpg 1600w\" sizes=\"auto, (max-width: 1024px) 100vw, 1024px\" \/><\/p>\n<h3 style=\"text-align: center;\"><span style=\"color: #000000;\">LSO 2022<\/span><\/h3>\n<p><img loading=\"lazy\" decoding=\"async\" class=\"aligncenter wp-image-5362 size-large\" src=\"https:\/\/nspj.wroclaw.pl\/new\/wp-content\/uploads\/2023\/04\/tablo-www-m-1024x687.jpg\" alt=\"\" width=\"1024\" height=\"687\" srcset=\"https:\/\/nspj.wroclaw.pl\/new\/wp-content\/uploads\/2023\/04\/tablo-www-m-1024x687.jpg 1024w, https:\/\/nspj.wroclaw.pl\/new\/wp-content\/uploads\/2023\/04\/tablo-www-m-300x201.jpg 300w, https:\/\/nspj.wroclaw.pl\/new\/wp-content\/uploads\/2023\/04\/tablo-www-m-768x515.jpg 768w, https:\/\/nspj.wroclaw.pl\/new\/wp-content\/uploads\/2023\/04\/tablo-www-m-600x402.jpg 600w, https:\/\/nspj.wroclaw.pl\/new\/wp-content\/uploads\/2023\/04\/tablo-www-m-239x160.jpg 239w, https:\/\/nspj.wroclaw.pl\/new\/wp-content\/uploads\/2023\/04\/tablo-www-m-272x182.jpg 272w, https:\/\/nspj.wroclaw.pl\/new\/wp-content\/uploads\/2023\/04\/tablo-www-m.jpg 1500w\" sizes=\"auto, (max-width: 1024px) 100vw, 1024px\" \/><\/p>\n<h3 style=\"text-align: center;\"><span style=\"color: #000000;\">Promocja ministrancka 2017<\/span><\/h3>\n<h4 style=\"text-align: center;\"><img loading=\"lazy\" decoding=\"async\" class=\"aligncenter wp-image-5366 size-large\" src=\"https:\/\/nspj.wroclaw.pl\/new\/wp-content\/uploads\/2023\/04\/2017-11-26-Promocja-ministrancka-M-1024x768.jpg\" alt=\"\" width=\"1024\" height=\"768\" srcset=\"https:\/\/nspj.wroclaw.pl\/new\/wp-content\/uploads\/2023\/04\/2017-11-26-Promocja-ministrancka-M-1024x768.jpg 1024w, https:\/\/nspj.wroclaw.pl\/new\/wp-content\/uploads\/2023\/04\/2017-11-26-Promocja-ministrancka-M-300x225.jpg 300w, https:\/\/nspj.wroclaw.pl\/new\/wp-content\/uploads\/2023\/04\/2017-11-26-Promocja-ministrancka-M-768x576.jpg 768w, https:\/\/nspj.wroclaw.pl\/new\/wp-content\/uploads\/2023\/04\/2017-11-26-Promocja-ministrancka-M-600x450.jpg 600w, https:\/\/nspj.wroclaw.pl\/new\/wp-content\/uploads\/2023\/04\/2017-11-26-Promocja-ministrancka-M-213x160.jpg 213w, https:\/\/nspj.wroclaw.pl\/new\/wp-content\/uploads\/2023\/04\/2017-11-26-Promocja-ministrancka-M.jpg 1400w\" sizes=\"auto, (max-width: 1024px) 100vw, 1024px\" \/><\/h4>\n<h3 style=\"text-align: center;\"><span style=\"color: #000000;\">LSO2015<\/span><\/h3>\n<p><img loading=\"lazy\" decoding=\"async\" class=\"aligncenter wp-image-5373 size-large\" src=\"https:\/\/nspj.wroclaw.pl\/new\/wp-content\/uploads\/2023\/04\/LSO_2015-1024x747.jpg\" alt=\"\" width=\"1024\" height=\"747\" srcset=\"https:\/\/nspj.wroclaw.pl\/new\/wp-content\/uploads\/2023\/04\/LSO_2015-1024x747.jpg 1024w, https:\/\/nspj.wroclaw.pl\/new\/wp-content\/uploads\/2023\/04\/LSO_2015-300x219.jpg 300w, https:\/\/nspj.wroclaw.pl\/new\/wp-content\/uploads\/2023\/04\/LSO_2015-768x560.jpg 768w, https:\/\/nspj.wroclaw.pl\/new\/wp-content\/uploads\/2023\/04\/LSO_2015-600x438.jpg 600w, https:\/\/nspj.wroclaw.pl\/new\/wp-content\/uploads\/2023\/04\/LSO_2015-219x160.jpg 219w, https:\/\/nspj.wroclaw.pl\/new\/wp-content\/uploads\/2023\/04\/LSO_2015.jpg 1220w\" sizes=\"auto, (max-width: 1024px) 100vw, 1024px\" \/><\/p>\n<h3 style=\"text-align: center;\"><span style=\"color: #000000;\">LSO 2008<\/span><\/h3>\n<h3 style=\"text-align: center;\"><img loading=\"lazy\" decoding=\"async\" class=\"alignnone wp-image-5377 size-large\" src=\"https:\/\/nspj.wroclaw.pl\/new\/wp-content\/uploads\/2023\/04\/LSO_2008m-1024x768.jpg\" alt=\"\" width=\"1024\" height=\"768\" srcset=\"https:\/\/nspj.wroclaw.pl\/new\/wp-content\/uploads\/2023\/04\/LSO_2008m-1024x768.jpg 1024w, https:\/\/nspj.wroclaw.pl\/new\/wp-content\/uploads\/2023\/04\/LSO_2008m-300x225.jpg 300w, https:\/\/nspj.wroclaw.pl\/new\/wp-content\/uploads\/2023\/04\/LSO_2008m-768x576.jpg 768w, https:\/\/nspj.wroclaw.pl\/new\/wp-content\/uploads\/2023\/04\/LSO_2008m-600x450.jpg 600w, https:\/\/nspj.wroclaw.pl\/new\/wp-content\/uploads\/2023\/04\/LSO_2008m-213x160.jpg 213w, https:\/\/nspj.wroclaw.pl\/new\/wp-content\/uploads\/2023\/04\/LSO_2008m.jpg 1400w\" sizes=\"auto, (max-width: 1024px) 100vw, 1024px\" \/><\/h3>\n<h3 style=\"text-align: center;\"><span style=\"color: #000000;\">LSO 2007<\/span><\/h3>\n<p><img loading=\"lazy\" decoding=\"async\" class=\"aligncenter wp-image-5379 size-large\" src=\"https:\/\/nspj.wroclaw.pl\/new\/wp-content\/uploads\/2023\/04\/LSO_2007m-1024x729.jpg\" alt=\"\" width=\"1024\" height=\"729\" srcset=\"https:\/\/nspj.wroclaw.pl\/new\/wp-content\/uploads\/2023\/04\/LSO_2007m-1024x729.jpg 1024w, https:\/\/nspj.wroclaw.pl\/new\/wp-content\/uploads\/2023\/04\/LSO_2007m-300x214.jpg 300w, https:\/\/nspj.wroclaw.pl\/new\/wp-content\/uploads\/2023\/04\/LSO_2007m-768x547.jpg 768w, https:\/\/nspj.wroclaw.pl\/new\/wp-content\/uploads\/2023\/04\/LSO_2007m-600x427.jpg 600w, https:\/\/nspj.wroclaw.pl\/new\/wp-content\/uploads\/2023\/04\/LSO_2007m-225x160.jpg 225w, https:\/\/nspj.wroclaw.pl\/new\/wp-content\/uploads\/2023\/04\/LSO_2007m.jpg 1400w\" sizes=\"auto, (max-width: 1024px) 100vw, 1024px\" \/><\/p>\n<p>&nbsp;<\/p>\n","protected":false},"excerpt":{"rendered":"<p>Liturgiczna S\u0142u\u017cba O\u0142tarza (LSO) przy naszej parafii sk\u0142ada si\u0119 z ministrant\u00f3w, ministrantek, lektor\u00f3w, ceremoniarzy oraz Nadzwyczajnych Szafarzy Komunii \u015awi\u0119tej. S\u0142owo ministrant oznacza s\u0142u\u017cy\u0107, pomaga\u0107 i takie jest nasze zadanie-s\u0142u\u017cy\u0107 Jezusowi przy o\u0142tarzu. LSO w naszej parafii przygotowuje zar\u00f3wno du\u017ce uroczysto\u015bci (np. Triduum Paschalne, \u015awi\u0119ta Bo\u017cego Narodzenia) jak i codzienne liturgie oraz nabo\u017ce\u0144stwa. G\u0142\u00f3wnym zadaniem ministrant\u00f3w&hellip; <br \/> <a class=\"read-more\" href=\"https:\/\/nspj.wroclaw.pl\/new\/grupy-parafialne-2\/lso\/\">Dowiedz si\u0119 wi\u0119cej<\/a><\/p>\n","protected":false},"author":1,"featured_media":0,"parent":887,"menu_order":0,"comment_status":"closed","ping_status":"closed","template":"","meta":{"ngg_post_thumbnail":0,"footnotes":""},"class_list":["post-5359","page","type-page","status-publish","hentry"],"aioseo_notices":[],"_links":{"self":[{"href":"https:\/\/nspj.wroclaw.pl\/new\/wp-json\/wp\/v2\/pages\/5359","targetHints":{"allow":["GET"]}}],"collection":[{"href":"https:\/\/nspj.wroclaw.pl\/new\/wp-json\/wp\/v2\/pages"}],"about":[{"href":"https:\/\/nspj.wroclaw.pl\/new\/wp-json\/wp\/v2\/types\/page"}],"author":[{"embeddable":true,"href":"https:\/\/nspj.wroclaw.pl\/new\/wp-json\/wp\/v2\/users\/1"}],"replies":[{"embeddable":true,"href":"https:\/\/nspj.wroclaw.pl\/new\/wp-json\/wp\/v2\/comments?post=5359"}],"version-history":[{"count":51,"href":"https:\/\/nspj.wroclaw.pl\/new\/wp-json\/wp\/v2\/pages\/5359\/revisions"}],"predecessor-version":[{"id":9773,"href":"https:\/\/nspj.wroclaw.pl\/new\/wp-json\/wp\/v2\/pages\/5359\/revisions\/9773"}],"up":[{"embeddable":true,"href":"https:\/\/nspj.wroclaw.pl\/new\/wp-json\/wp\/v2\/pages\/887"}],"wp:attachment":[{"href":"https:\/\/nspj.wroclaw.pl\/new\/wp-json\/wp\/v2\/media?parent=5359"}],"curies":[{"name":"wp","href":"https:\/\/api.w.org\/{rel}","templated":true}]}}