{"id":4800,"date":"2023-01-29T00:18:42","date_gmt":"2023-01-28T23:18:42","guid":{"rendered":"https:\/\/nspj.wroclaw.pl\/new\/?page_id=4800"},"modified":"2023-02-01T21:39:18","modified_gmt":"2023-02-01T20:39:18","slug":"patniczym-szlakiem-sw-jakuba-do-santiago-de-compostela","status":"publish","type":"page","link":"https:\/\/nspj.wroclaw.pl\/new\/klub-pielgrzymkowo-turystyczny\/patniczym-szlakiem-sw-jakuba-do-santiago-de-compostela\/","title":{"rendered":"P\u0105tniczym szlakiem \u015bw. Jakuba do Santiago de Compostela"},"content":{"rendered":"<p style=\"text-align: left;\"><span style=\"color: #000000;\">W sobot\u0119 28 stycznia 2023 o godz. 19:00 w Auli Domu Parafialnego odby\u0142a si\u0119 prezentacja ze zdj\u0119ciami autorstwa Pani Elizy Wasilewskiej, kt\u00f3ra opowiedzia\u0142a nam o swoich do\u015bwiadczeniach na hiszpa\u0144skim p\u0105tniczym szlaku \u015bw. Jakuba do Santiago de Compostela.<\/span><\/p>\n<p><span style=\"color: #000000;\"><img loading=\"lazy\" decoding=\"async\" class=\"aligncenter size-large wp-image-4801\" src=\"https:\/\/nspj.wroclaw.pl\/new\/wp-content\/uploads\/2023\/01\/IMG_20230128_232608-1024x656.jpg\" alt=\"\" width=\"1024\" height=\"656\" srcset=\"https:\/\/nspj.wroclaw.pl\/new\/wp-content\/uploads\/2023\/01\/IMG_20230128_232608-1024x656.jpg 1024w, https:\/\/nspj.wroclaw.pl\/new\/wp-content\/uploads\/2023\/01\/IMG_20230128_232608-300x192.jpg 300w, https:\/\/nspj.wroclaw.pl\/new\/wp-content\/uploads\/2023\/01\/IMG_20230128_232608-768x492.jpg 768w, https:\/\/nspj.wroclaw.pl\/new\/wp-content\/uploads\/2023\/01\/IMG_20230128_232608-1536x985.jpg 1536w, https:\/\/nspj.wroclaw.pl\/new\/wp-content\/uploads\/2023\/01\/IMG_20230128_232608-2048x1313.jpg 2048w, https:\/\/nspj.wroclaw.pl\/new\/wp-content\/uploads\/2023\/01\/IMG_20230128_232608-600x385.jpg 600w, https:\/\/nspj.wroclaw.pl\/new\/wp-content\/uploads\/2023\/01\/IMG_20230128_232608-250x160.jpg 250w, https:\/\/nspj.wroclaw.pl\/new\/wp-content\/uploads\/2023\/01\/IMG_20230128_232608-1685x1080.jpg 1685w\" sizes=\"auto, (max-width: 1024px) 100vw, 1024px\" \/><\/span><\/p>\n<p style=\"text-align: left;\"><span style=\"color: #000000;\">Na spotkaniu by\u0142o oko\u0142o 30 os\u00f3b. Pani Eliza przedstawi\u0142a zgromadzonym relacj\u0119 ze zdj\u0119ciami ze swoich dw\u00f3ch pielgrzymek do Santiago de Compostela. Pierwsza z nich mia\u0142a miejsce w pa\u017adzierniku 2021 roku i wiod\u0142a tzw. Camino portugalskim. Trasa formalnie licz\u0105ca 123 kilometry w rzeczywisto\u015bci by\u0142a d\u0142u\u017csza.<\/span><\/p>\n<p><span style=\"color: #000000;\"><img loading=\"lazy\" decoding=\"async\" class=\"aligncenter size-large wp-image-4794\" src=\"https:\/\/nspj.wroclaw.pl\/new\/wp-content\/uploads\/2023\/01\/IMG_20230128_232630-1024x661.jpg\" alt=\"\" width=\"1024\" height=\"661\" srcset=\"https:\/\/nspj.wroclaw.pl\/new\/wp-content\/uploads\/2023\/01\/IMG_20230128_232630-1024x661.jpg 1024w, https:\/\/nspj.wroclaw.pl\/new\/wp-content\/uploads\/2023\/01\/IMG_20230128_232630-300x194.jpg 300w, https:\/\/nspj.wroclaw.pl\/new\/wp-content\/uploads\/2023\/01\/IMG_20230128_232630-768x495.jpg 768w, https:\/\/nspj.wroclaw.pl\/new\/wp-content\/uploads\/2023\/01\/IMG_20230128_232630-1536x991.jpg 1536w, https:\/\/nspj.wroclaw.pl\/new\/wp-content\/uploads\/2023\/01\/IMG_20230128_232630-2048x1321.jpg 2048w, https:\/\/nspj.wroclaw.pl\/new\/wp-content\/uploads\/2023\/01\/IMG_20230128_232630-600x387.jpg 600w, https:\/\/nspj.wroclaw.pl\/new\/wp-content\/uploads\/2023\/01\/IMG_20230128_232630-248x160.jpg 248w, https:\/\/nspj.wroclaw.pl\/new\/wp-content\/uploads\/2023\/01\/IMG_20230128_232630-1674x1080.jpg 1674w\" sizes=\"auto, (max-width: 1024px) 100vw, 1024px\" \/><\/span><\/p>\n<p style=\"text-align: left;\"><span style=\"color: #000000;\">W dalszej cz\u0119\u015bci prezentacji Pani Eliza podzieli\u0142a si\u0119 ze s\u0142uchaczami swoimi do\u015bwiadczeniami i prze\u017cyciami zwi\u0105zanymi z jej drug\u0105 pielgrzymk\u0105 do Santiago de Compostela, kt\u00f3ra mia\u0142a miejsce we wrze\u015bniu 2022 roku. Tym razem trasa by\u0142a trudniejsza i do grobu \u015bwi\u0119tego Jakuba prowadzi\u0142 bardziej g\u00f3rzysty szlak &#8211; Camino Primitivo o d\u0142ugo\u015bci ponad 300 kilometr\u00f3w. Pocz\u0105tek tej drogi ma miejsce w Asturii na czele z katedr\u0105 w Oviedo, w kt\u00f3rej znajduje si\u0119 s\u0142ynna &#8222;Chusta z Oviedo&#8221;. Prelegentka przybli\u017cy\u0142a s\u0142uchaczom pochodzenie tej chusty oraz jej wp\u0142yw na walor duchowy pielgrzymowania do Santiago.<\/span><\/p>\n<p><span style=\"color: #000000;\"><img loading=\"lazy\" decoding=\"async\" class=\"aligncenter size-large wp-image-4796\" src=\"https:\/\/nspj.wroclaw.pl\/new\/wp-content\/uploads\/2023\/01\/IMG_20230128_233111-1024x699.jpg\" alt=\"\" width=\"1024\" height=\"699\" srcset=\"https:\/\/nspj.wroclaw.pl\/new\/wp-content\/uploads\/2023\/01\/IMG_20230128_233111-1024x699.jpg 1024w, https:\/\/nspj.wroclaw.pl\/new\/wp-content\/uploads\/2023\/01\/IMG_20230128_233111-300x205.jpg 300w, https:\/\/nspj.wroclaw.pl\/new\/wp-content\/uploads\/2023\/01\/IMG_20230128_233111-768x524.jpg 768w, https:\/\/nspj.wroclaw.pl\/new\/wp-content\/uploads\/2023\/01\/IMG_20230128_233111-1536x1048.jpg 1536w, https:\/\/nspj.wroclaw.pl\/new\/wp-content\/uploads\/2023\/01\/IMG_20230128_233111-2048x1398.jpg 2048w, https:\/\/nspj.wroclaw.pl\/new\/wp-content\/uploads\/2023\/01\/IMG_20230128_233111-600x409.jpg 600w, https:\/\/nspj.wroclaw.pl\/new\/wp-content\/uploads\/2023\/01\/IMG_20230128_233111-234x160.jpg 234w, https:\/\/nspj.wroclaw.pl\/new\/wp-content\/uploads\/2023\/01\/IMG_20230128_233111-1583x1080.jpg 1583w\" sizes=\"auto, (max-width: 1024px) 100vw, 1024px\" \/><\/span><\/p>\n<p style=\"text-align: left;\"><span style=\"color: #000000;\">Po zako\u0144czeniu swojej prezentacji Prelegentka odpowiada\u0142a na liczne pytania, r\u00f3wnie\u017c natury technicznej pielgrzymowania do Santiago de Compostela.<\/span><\/p>\n<p><span style=\"color: #000000;\"><img loading=\"lazy\" decoding=\"async\" class=\"aligncenter size-large wp-image-4806\" src=\"https:\/\/nspj.wroclaw.pl\/new\/wp-content\/uploads\/2023\/01\/IMG_20230128_232904-1024x528.jpg\" alt=\"\" width=\"1024\" height=\"528\" srcset=\"https:\/\/nspj.wroclaw.pl\/new\/wp-content\/uploads\/2023\/01\/IMG_20230128_232904-1024x528.jpg 1024w, https:\/\/nspj.wroclaw.pl\/new\/wp-content\/uploads\/2023\/01\/IMG_20230128_232904-300x155.jpg 300w, https:\/\/nspj.wroclaw.pl\/new\/wp-content\/uploads\/2023\/01\/IMG_20230128_232904-768x396.jpg 768w, https:\/\/nspj.wroclaw.pl\/new\/wp-content\/uploads\/2023\/01\/IMG_20230128_232904-1536x792.jpg 1536w, https:\/\/nspj.wroclaw.pl\/new\/wp-content\/uploads\/2023\/01\/IMG_20230128_232904-2048x1056.jpg 2048w, https:\/\/nspj.wroclaw.pl\/new\/wp-content\/uploads\/2023\/01\/IMG_20230128_232904-600x309.jpg 600w, https:\/\/nspj.wroclaw.pl\/new\/wp-content\/uploads\/2023\/01\/IMG_20230128_232904-280x144.jpg 280w, https:\/\/nspj.wroclaw.pl\/new\/wp-content\/uploads\/2023\/01\/IMG_20230128_232904-1920x990.jpg 1920w\" sizes=\"auto, (max-width: 1024px) 100vw, 1024px\" \/><\/span><\/p>\n<p style=\"text-align: left;\"><span style=\"color: #000000;\">Uczestnicy spotkania mogli r\u00f3wnie\u017c zapozna\u0107 si\u0119 przyniesionymi publikacjami, mapkami i souvenirami dotycz\u0105cymi Camino de Santiago. Ksi\u0105\u017cka &#8222;Duchowa pielgrzymka do Santiago de Compostela&#8221; znajduje si\u0119 na stanie naszej parafialnej biblioteki.<\/span><\/p>\n<p><span style=\"color: #000000;\"><img loading=\"lazy\" decoding=\"async\" class=\"aligncenter size-large wp-image-4807\" src=\"https:\/\/nspj.wroclaw.pl\/new\/wp-content\/uploads\/2023\/01\/IMG20230128185811-1024x768.jpg\" alt=\"\" width=\"1024\" height=\"768\" srcset=\"https:\/\/nspj.wroclaw.pl\/new\/wp-content\/uploads\/2023\/01\/IMG20230128185811-1024x768.jpg 1024w, https:\/\/nspj.wroclaw.pl\/new\/wp-content\/uploads\/2023\/01\/IMG20230128185811-300x225.jpg 300w, https:\/\/nspj.wroclaw.pl\/new\/wp-content\/uploads\/2023\/01\/IMG20230128185811-768x576.jpg 768w, https:\/\/nspj.wroclaw.pl\/new\/wp-content\/uploads\/2023\/01\/IMG20230128185811-1536x1152.jpg 1536w, https:\/\/nspj.wroclaw.pl\/new\/wp-content\/uploads\/2023\/01\/IMG20230128185811-2048x1536.jpg 2048w, https:\/\/nspj.wroclaw.pl\/new\/wp-content\/uploads\/2023\/01\/IMG20230128185811-600x450.jpg 600w, https:\/\/nspj.wroclaw.pl\/new\/wp-content\/uploads\/2023\/01\/IMG20230128185811-213x160.jpg 213w, https:\/\/nspj.wroclaw.pl\/new\/wp-content\/uploads\/2023\/01\/IMG20230128185811-1440x1080.jpg 1440w\" sizes=\"auto, (max-width: 1024px) 100vw, 1024px\" \/><\/span><\/p>\n<p style=\"text-align: left;\"><span style=\"color: #000000;\">Certyfikat przej\u015bcia szlaku \u015bw. Jakuba wydaje si\u0119 wszystkim pielgrzymom, kt\u00f3rzy przeszli do Santiago de Compostela przynajmniej 100 km. Certyfikaty wydaje si\u0119 r\u00f3wnie\u017c osobom, kt\u00f3re pielgrzymowa\u0142y na rowerach lub konno, ale minimalny limit wynosi w takim przypadku 200 km.<\/span><\/p>\n<p><span style=\"color: #000000;\"><img loading=\"lazy\" decoding=\"async\" class=\"aligncenter size-large wp-image-4808\" src=\"https:\/\/nspj.wroclaw.pl\/new\/wp-content\/uploads\/2023\/01\/IMG_20230128_232826-1024x543.jpg\" alt=\"\" width=\"1024\" height=\"543\" srcset=\"https:\/\/nspj.wroclaw.pl\/new\/wp-content\/uploads\/2023\/01\/IMG_20230128_232826-1024x543.jpg 1024w, https:\/\/nspj.wroclaw.pl\/new\/wp-content\/uploads\/2023\/01\/IMG_20230128_232826-300x159.jpg 300w, https:\/\/nspj.wroclaw.pl\/new\/wp-content\/uploads\/2023\/01\/IMG_20230128_232826-768x408.jpg 768w, https:\/\/nspj.wroclaw.pl\/new\/wp-content\/uploads\/2023\/01\/IMG_20230128_232826-1536x815.jpg 1536w, https:\/\/nspj.wroclaw.pl\/new\/wp-content\/uploads\/2023\/01\/IMG_20230128_232826-2048x1087.jpg 2048w, https:\/\/nspj.wroclaw.pl\/new\/wp-content\/uploads\/2023\/01\/IMG_20230128_232826-600x318.jpg 600w, https:\/\/nspj.wroclaw.pl\/new\/wp-content\/uploads\/2023\/01\/IMG_20230128_232826-280x149.jpg 280w, https:\/\/nspj.wroclaw.pl\/new\/wp-content\/uploads\/2023\/01\/IMG_20230128_232826-1920x1019.jpg 1920w\" sizes=\"auto, (max-width: 1024px) 100vw, 1024px\" \/><\/span><\/p>\n<p style=\"text-align: left;\"><span style=\"color: #000000;\">Na sali przygotowane by\u0142y r\u00f3wnie\u017c flagi przywiezione z P\u00f3\u0142wyspu Iberyjskiego: hiszpa\u0144ska, prowincji Galicja (w kt\u00f3rej znajduje si\u0119 Santiago de Compostela) oraz portugalska. W imieniu zgromadzonych Prelegentce Pani Elizie Wasilewskiej podzi\u0119kowa\u0142 wsp\u00f3\u0142prowadz\u0105cy to spotkanie Maciej Oziemb\u0142owski. Mamy nadziej\u0119, \u017ce ta bardzo ciekawa i emocjonalna prezentacja b\u0119dzie zach\u0119t\u0105 dla innych, aby wzorem Pani Elizy p\u00f3j\u015b\u0107 wybranym przez siebie wariantem szlaku \u015bw. Jakuba do Santiago de Compostela.<\/span><\/p>\n<p><span style=\"color: #000000;\"><strong>Prezentacja z tego spotkania w wersji PDF znajduje si\u0119 <span style=\"color: #0000ff;\"><a style=\"color: #0000ff;\" href=\"https:\/\/nspj.wroclaw.pl\/new\/wp-content\/uploads\/2023\/01\/Camino-3.pdf\">pod poni\u017cszym linkiem<\/a>.<\/span><\/strong><\/span><\/p>\n<p><span style=\"color: #000000;\">W tym miejscu znajduje si\u0119 r\u00f3wnie\u017c <span style=\"color: #0000ff;\"><a style=\"color: #0000ff;\" href=\"https:\/\/www.youtube.com\/watch?v=SC_AKbyJFx8\"><strong>zapis wideo<\/strong> z tego spotkania<\/a>.<\/span><\/span><\/p>\n<p><span style=\"color: #000000;\">Organizatorzy sk\u0142adaj\u0105 raz jeszcze serdecznie podzi\u0119kowania Prelegentce za swoje \u015bwiadectwo oraz za mo\u017cliwo\u015b\u0107 umieszczenia prezentacji na stronie parafii.<\/span><\/p>\n","protected":false},"excerpt":{"rendered":"<p>W sobot\u0119 28 stycznia 2023 o godz. 19:00 w Auli Domu Parafialnego odby\u0142a si\u0119 prezentacja ze zdj\u0119ciami autorstwa Pani Elizy Wasilewskiej, kt\u00f3ra opowiedzia\u0142a nam o swoich do\u015bwiadczeniach na hiszpa\u0144skim p\u0105tniczym szlaku \u015bw. Jakuba do Santiago de Compostela. Na spotkaniu by\u0142o oko\u0142o 30 os\u00f3b. Pani Eliza przedstawi\u0142a zgromadzonym relacj\u0119 ze zdj\u0119ciami ze swoich dw\u00f3ch pielgrzymek do&hellip; <br \/> <a class=\"read-more\" href=\"https:\/\/nspj.wroclaw.pl\/new\/klub-pielgrzymkowo-turystyczny\/patniczym-szlakiem-sw-jakuba-do-santiago-de-compostela\/\">Dowiedz si\u0119 wi\u0119cej<\/a><\/p>\n","protected":false},"author":2,"featured_media":0,"parent":4685,"menu_order":0,"comment_status":"closed","ping_status":"closed","template":"","meta":{"ngg_post_thumbnail":0,"footnotes":""},"class_list":["post-4800","page","type-page","status-publish","hentry"],"aioseo_notices":[],"_links":{"self":[{"href":"https:\/\/nspj.wroclaw.pl\/new\/wp-json\/wp\/v2\/pages\/4800","targetHints":{"allow":["GET"]}}],"collection":[{"href":"https:\/\/nspj.wroclaw.pl\/new\/wp-json\/wp\/v2\/pages"}],"about":[{"href":"https:\/\/nspj.wroclaw.pl\/new\/wp-json\/wp\/v2\/types\/page"}],"author":[{"embeddable":true,"href":"https:\/\/nspj.wroclaw.pl\/new\/wp-json\/wp\/v2\/users\/2"}],"replies":[{"embeddable":true,"href":"https:\/\/nspj.wroclaw.pl\/new\/wp-json\/wp\/v2\/comments?post=4800"}],"version-history":[{"count":11,"href":"https:\/\/nspj.wroclaw.pl\/new\/wp-json\/wp\/v2\/pages\/4800\/revisions"}],"predecessor-version":[{"id":4826,"href":"https:\/\/nspj.wroclaw.pl\/new\/wp-json\/wp\/v2\/pages\/4800\/revisions\/4826"}],"up":[{"embeddable":true,"href":"https:\/\/nspj.wroclaw.pl\/new\/wp-json\/wp\/v2\/pages\/4685"}],"wp:attachment":[{"href":"https:\/\/nspj.wroclaw.pl\/new\/wp-json\/wp\/v2\/media?parent=4800"}],"curies":[{"name":"wp","href":"https:\/\/api.w.org\/{rel}","templated":true}]}}