{"id":4685,"date":"2023-01-21T20:38:52","date_gmt":"2023-01-21T19:38:52","guid":{"rendered":"https:\/\/nspj.wroclaw.pl\/new\/?page_id=4685"},"modified":"2023-06-06T12:16:10","modified_gmt":"2023-06-06T10:16:10","slug":"klub-pielgrzymkowo-turystyczny","status":"publish","type":"page","link":"https:\/\/nspj.wroclaw.pl\/new\/klub-pielgrzymkowo-turystyczny\/","title":{"rendered":"Klub Pielgrzymkowo-Turystyczny"},"content":{"rendered":"<p style=\"text-align: center;\"><strong><span style=\"color: #000000;\">Klub Pielgrzymkowo-Turystyczny przy parafii NSPJ Wroc\u0142aw-Paw\u0142owice<\/span><\/strong><\/p>\n<p><img loading=\"lazy\" decoding=\"async\" class=\"aligncenter size-large wp-image-5985\" src=\"https:\/\/nspj.wroclaw.pl\/new\/wp-content\/uploads\/2023\/05\/IMG_20230528_151226-v2-1024x452.jpg\" alt=\"\" width=\"1024\" height=\"452\" srcset=\"https:\/\/nspj.wroclaw.pl\/new\/wp-content\/uploads\/2023\/05\/IMG_20230528_151226-v2-1024x452.jpg 1024w, https:\/\/nspj.wroclaw.pl\/new\/wp-content\/uploads\/2023\/05\/IMG_20230528_151226-v2-300x132.jpg 300w, https:\/\/nspj.wroclaw.pl\/new\/wp-content\/uploads\/2023\/05\/IMG_20230528_151226-v2-768x339.jpg 768w, https:\/\/nspj.wroclaw.pl\/new\/wp-content\/uploads\/2023\/05\/IMG_20230528_151226-v2-1536x678.jpg 1536w, https:\/\/nspj.wroclaw.pl\/new\/wp-content\/uploads\/2023\/05\/IMG_20230528_151226-v2-2048x904.jpg 2048w, https:\/\/nspj.wroclaw.pl\/new\/wp-content\/uploads\/2023\/05\/IMG_20230528_151226-v2-600x265.jpg 600w, https:\/\/nspj.wroclaw.pl\/new\/wp-content\/uploads\/2023\/05\/IMG_20230528_151226-v2-280x124.jpg 280w, https:\/\/nspj.wroclaw.pl\/new\/wp-content\/uploads\/2023\/05\/IMG_20230528_151226-v2-1920x847.jpg 1920w\" sizes=\"auto, (max-width: 1024px) 100vw, 1024px\" \/><\/p>\n<p style=\"text-align: left;\"><span style=\"color: #000000;\">Zapraszamy wszystkich ch\u0119tnych na cykliczne stacjonarne spotkania o r\u00f3\u017cnej tematyce pielgrzymkowo-turystycznej z pokazem zdj\u0119\u0107 oraz na pielgrzymki wyjazdowe. Do tej pory mieli\u015bmy 4 spotkania na Paw\u0142owicach oraz dwukrotnie udali\u015bmy si\u0119 z pielgrzymk\u0105 po wybranych miejscach Dolnego \u015al\u0105ska. Poni\u017cej znajduj\u0105 si\u0119 szczeg\u00f3\u0142y tych wydarze\u0144. <strong>Niebawem og\u0142osimy nasze kolejne aktywno\u015bci!<\/strong><\/span><\/p>\n<p style=\"text-align: center;\"><span style=\"color: #000000;\"><strong>Wszystkich ch\u0119tnych zapraszamy do uczestnictwa w naszych stacjonarnych wydarzeniach i wyjazdowych pielgrzymkach!!!<\/strong><\/span><\/p>\n<p style=\"text-align: left;\"><span style=\"color: #000000;\">Poni\u017cej znajduj\u0105 si\u0119 informacje i linki dotycz\u0105ce dotychczasowych spotka\u0144 i pielgrzymek.<\/span><\/p>\n<p style=\"text-align: left;\"><span style=\"color: #000000;\">W sobot\u0119 28 stycznia 2023 odby\u0142a si\u0119 1. prezentacja ze zdj\u0119ciami autorstwa Pani Elizy Wasilewskiej, kt\u00f3ra opowiedzia\u0142a nam o swoich do\u015bwiadczeniach na <strong>hiszpa\u0144skim p\u0105tniczym szlaku \u015bw. Jakuba do Santiago de Compostela<\/strong>. Wi\u0119cej zdj\u0119\u0107 i materia\u0142\u00f3w z tego spotkania znajduje si\u0119 <a style=\"color: #000000;\" href=\"https:\/\/nspj.wroclaw.pl\/new\/klub-pielgrzymkowo-turystyczny\/patniczym-szlakiem-sw-jakuba-do-santiago-de-compostela\/\">pod poni\u017cszym linkiem<\/a>.<\/span><\/p>\n<p style=\"text-align: left;\"><span style=\"color: #000000;\">W sobot\u0119 4 marca 2023 mia\u0142a miejsce 2. prezentacja dotycz\u0105ca dw\u00f3ch pielgrzymek parafialnych (w 2017 i 2019 roku) na <strong>teren dawnych Kres\u00f3w Po\u0142udniowo-Wschodnich<\/strong> le\u017c\u0105cych obecnie na Ukrainie. Przedstawiona zosta\u0142a tak\u017ce idea akcji &#8222;Mogi\u0142\u0119 Pradziada ocal od zapomnienia&#8221; jak r\u00f3wnie\u017c zaznajomiono s\u0142uchaczy z zakresem pomocy humanitarnej po 24.02.2022 wys\u0142anej potrzebuj\u0105cym na Ukrain\u0119 (zar\u00f3wno blisko z granic\u0105 Polski jak r\u00f3wnie\u017c i do Kijowa). Wi\u0119cej zdj\u0119\u0107 i materia\u0142\u00f3w z tego spotkania znajduje si\u0119 <a style=\"color: #000000;\" href=\"https:\/\/nspj.wroclaw.pl\/new\/klub-pielgrzymkowo-turystyczny\/kresowymi-sladami-przodkow-i-nie-tylko\/\">pod poni\u017cszym linkiem<\/a>.<\/span><\/p>\n<p style=\"text-align: left;\"><span style=\"color: #000000;\">W sobot\u0119 1 kwietnia 2023 roku 3. prezentacja po\u015bwi\u0119cona by\u0142a <strong>wsp\u00f3lnocie ekumenicznej Taize jak r\u00f3wnie\u017c rodzinnej pielgrzymce do tej burgundzkiej miejscowo\u015bci po\u0142o\u017conej we Francji<\/strong>. Pani Marta Pahulicz-Ranosz zapozna\u0142a nas z rysem historyczno-geograficznym tego miejsca i wsp\u00f3lnoty jak r\u00f3wnie\u017c opowiedzia\u0142a o rodzinnej pielgrzymce do Francji. Za jaki\u015b czas przedstawimy sprawozdanie z tego spotkania i by\u0107 mo\u017ce zapis wideo.<\/span><\/p>\n<p style=\"text-align: left;\"><span style=\"color: #000000;\">Pielgrzymka szynobusem <strong>do Barda mia\u0142a miejsce w dniu 15 kwietnia 2023 roku<\/strong>. Pielgrzymowa\u0142o nas 23 osoby, w tym ksi\u0105dz wikariusz Micha\u0142. R\u00f3wnie\u017c z tego wydarzenia za jaki\u015b czas przewidujemy umie\u015bci\u0107 sprawozdanie ze zdj\u0119ciami.<\/span><\/p>\n<p style=\"text-align: left;\"><span style=\"color: #000000;\">Dnia 13 maja 2023 byli\u015bmy \u015bwiadkami kolejnych prezentacji dotycz\u0105cych <strong>Fatimy oraz Portugalii<\/strong>. Pan Tomasz Rajch przedstawi\u0142 nam nie tylko walory pielgrzymkowo-turystyczne tych miejsc, ale r\u00f3wnie\u017c aspekt duchowy objawie\u0144 w Fatimie.<\/span><\/p>\n<p style=\"text-align: left;\"><span style=\"color: #000000;\">W niedziel\u0119 27 maja 2023 roku pojechali\u015bmy z pielgrzymk\u0105 do <strong>Szczytnej<\/strong>, gdzie w kaplicy zamkowej uczestniczyli\u015bmy we Mszy \u015aw. Przeszli\u015bmy potem na poblisk\u0105 <strong>Kalwari\u0119 G\u00f3rsk\u0105<\/strong> gdzie mia\u0142y miejsce rozwa\u017cania wybranych stacji Drogi Krzy\u017cowej. Stamt\u0105d przeszli\u015bmy szlakami turystycznymi do <strong>Polanicy-Zdroju<\/strong>. Na tej pielgrzymce by\u0142o nas 26 os\u00f3b. R\u00f3wnie\u017c z tej pielgrzymki przewidujemy umie\u015bci\u0107 sprawozdanie oraz zdj\u0119cia.<\/span><\/p>\n<p style=\"text-align: left;\"><span style=\"color: #000000;\">Z kolei <a style=\"color: #000000;\" href=\"https:\/\/nspj.wroclaw.pl\/new\/wp-content\/uploads\/2023\/01\/KPT-propozycje-tras.pdf\">pod tym linkiem<\/a> znajduj\u0105 si\u0119 nasze <strong>propozycje tras na terenie Dolnego \u015al\u0105ska oraz Czech<\/strong> (trudno\u015b\u0107 tras: 1 &#8211; \u0142atwa, 2 &#8211; \u015brednia, 3- trudniejsza).<\/span><\/p>\n<p><img loading=\"lazy\" decoding=\"async\" class=\"aligncenter size-large wp-image-4794\" src=\"https:\/\/nspj.wroclaw.pl\/new\/wp-content\/uploads\/2023\/01\/IMG_20230128_232630-1024x661.jpg\" alt=\"\" width=\"1024\" height=\"661\" srcset=\"https:\/\/nspj.wroclaw.pl\/new\/wp-content\/uploads\/2023\/01\/IMG_20230128_232630-1024x661.jpg 1024w, https:\/\/nspj.wroclaw.pl\/new\/wp-content\/uploads\/2023\/01\/IMG_20230128_232630-300x194.jpg 300w, https:\/\/nspj.wroclaw.pl\/new\/wp-content\/uploads\/2023\/01\/IMG_20230128_232630-768x495.jpg 768w, https:\/\/nspj.wroclaw.pl\/new\/wp-content\/uploads\/2023\/01\/IMG_20230128_232630-1536x991.jpg 1536w, https:\/\/nspj.wroclaw.pl\/new\/wp-content\/uploads\/2023\/01\/IMG_20230128_232630-2048x1321.jpg 2048w, https:\/\/nspj.wroclaw.pl\/new\/wp-content\/uploads\/2023\/01\/IMG_20230128_232630-600x387.jpg 600w, https:\/\/nspj.wroclaw.pl\/new\/wp-content\/uploads\/2023\/01\/IMG_20230128_232630-248x160.jpg 248w, https:\/\/nspj.wroclaw.pl\/new\/wp-content\/uploads\/2023\/01\/IMG_20230128_232630-1674x1080.jpg 1674w\" sizes=\"auto, (max-width: 1024px) 100vw, 1024px\" \/><\/p>\n<p><span style=\"color: #000000;\">Zdj\u0119cie z 1. spotkania na temat szlaku \u015bw. Jakuba w dniu 28.01.2023.<\/span><\/p>\n<p><img loading=\"lazy\" decoding=\"async\" class=\"aligncenter size-large wp-image-4796\" src=\"https:\/\/nspj.wroclaw.pl\/new\/wp-content\/uploads\/2023\/01\/IMG_20230128_233111-1024x699.jpg\" alt=\"\" width=\"1024\" height=\"699\" srcset=\"https:\/\/nspj.wroclaw.pl\/new\/wp-content\/uploads\/2023\/01\/IMG_20230128_233111-1024x699.jpg 1024w, https:\/\/nspj.wroclaw.pl\/new\/wp-content\/uploads\/2023\/01\/IMG_20230128_233111-300x205.jpg 300w, https:\/\/nspj.wroclaw.pl\/new\/wp-content\/uploads\/2023\/01\/IMG_20230128_233111-768x524.jpg 768w, https:\/\/nspj.wroclaw.pl\/new\/wp-content\/uploads\/2023\/01\/IMG_20230128_233111-1536x1048.jpg 1536w, https:\/\/nspj.wroclaw.pl\/new\/wp-content\/uploads\/2023\/01\/IMG_20230128_233111-2048x1398.jpg 2048w, https:\/\/nspj.wroclaw.pl\/new\/wp-content\/uploads\/2023\/01\/IMG_20230128_233111-600x409.jpg 600w, https:\/\/nspj.wroclaw.pl\/new\/wp-content\/uploads\/2023\/01\/IMG_20230128_233111-234x160.jpg 234w, https:\/\/nspj.wroclaw.pl\/new\/wp-content\/uploads\/2023\/01\/IMG_20230128_233111-1583x1080.jpg 1583w\" sizes=\"auto, (max-width: 1024px) 100vw, 1024px\" \/><\/p>\n<p style=\"text-align: left;\"><span style=\"color: #000000;\">Zdj\u0119cie z 1. spotkania na temat szlaku \u015bw. Jakuba w dniu 28.01.2023.<\/span><\/p>\n<p><img loading=\"lazy\" decoding=\"async\" class=\"aligncenter size-large wp-image-4795\" src=\"https:\/\/nspj.wroclaw.pl\/new\/wp-content\/uploads\/2023\/01\/IMG_20230128_232749-1024x721.jpg\" alt=\"\" width=\"1024\" height=\"721\" srcset=\"https:\/\/nspj.wroclaw.pl\/new\/wp-content\/uploads\/2023\/01\/IMG_20230128_232749-1024x721.jpg 1024w, https:\/\/nspj.wroclaw.pl\/new\/wp-content\/uploads\/2023\/01\/IMG_20230128_232749-300x211.jpg 300w, https:\/\/nspj.wroclaw.pl\/new\/wp-content\/uploads\/2023\/01\/IMG_20230128_232749-768x540.jpg 768w, https:\/\/nspj.wroclaw.pl\/new\/wp-content\/uploads\/2023\/01\/IMG_20230128_232749-1536x1081.jpg 1536w, https:\/\/nspj.wroclaw.pl\/new\/wp-content\/uploads\/2023\/01\/IMG_20230128_232749-2048x1441.jpg 2048w, https:\/\/nspj.wroclaw.pl\/new\/wp-content\/uploads\/2023\/01\/IMG_20230128_232749-600x422.jpg 600w, https:\/\/nspj.wroclaw.pl\/new\/wp-content\/uploads\/2023\/01\/IMG_20230128_232749-227x160.jpg 227w, https:\/\/nspj.wroclaw.pl\/new\/wp-content\/uploads\/2023\/01\/IMG_20230128_232749-1535x1080.jpg 1535w\" sizes=\"auto, (max-width: 1024px) 100vw, 1024px\" \/><\/p>\n<p style=\"text-align: left;\"><span style=\"color: #000000;\">Zdj\u0119cie z 1. spotkania w dniu 28.01.2023.<\/span><\/p>\n<p><img loading=\"lazy\" decoding=\"async\" class=\"aligncenter size-large wp-image-5984\" src=\"https:\/\/nspj.wroclaw.pl\/new\/wp-content\/uploads\/2023\/05\/IMG20230513192135-1024x768.jpg\" alt=\"\" width=\"1024\" height=\"768\" srcset=\"https:\/\/nspj.wroclaw.pl\/new\/wp-content\/uploads\/2023\/05\/IMG20230513192135-1024x768.jpg 1024w, https:\/\/nspj.wroclaw.pl\/new\/wp-content\/uploads\/2023\/05\/IMG20230513192135-300x225.jpg 300w, https:\/\/nspj.wroclaw.pl\/new\/wp-content\/uploads\/2023\/05\/IMG20230513192135-768x576.jpg 768w, https:\/\/nspj.wroclaw.pl\/new\/wp-content\/uploads\/2023\/05\/IMG20230513192135-1536x1152.jpg 1536w, https:\/\/nspj.wroclaw.pl\/new\/wp-content\/uploads\/2023\/05\/IMG20230513192135-2048x1536.jpg 2048w, https:\/\/nspj.wroclaw.pl\/new\/wp-content\/uploads\/2023\/05\/IMG20230513192135-600x450.jpg 600w, https:\/\/nspj.wroclaw.pl\/new\/wp-content\/uploads\/2023\/05\/IMG20230513192135-213x160.jpg 213w, https:\/\/nspj.wroclaw.pl\/new\/wp-content\/uploads\/2023\/05\/IMG20230513192135-1440x1080.jpg 1440w\" sizes=\"auto, (max-width: 1024px) 100vw, 1024px\" \/><\/p>\n<p><span style=\"color: #000000;\">Zdj\u0119cie z 4. spotkania w dniu 13.05.2023.<\/span><\/p>\n<p><img loading=\"lazy\" decoding=\"async\" class=\"aligncenter size-large wp-image-5986\" src=\"https:\/\/nspj.wroclaw.pl\/new\/wp-content\/uploads\/2023\/05\/IMG20230528123638-1024x768.jpg\" alt=\"\" width=\"1024\" height=\"768\" srcset=\"https:\/\/nspj.wroclaw.pl\/new\/wp-content\/uploads\/2023\/05\/IMG20230528123638-1024x768.jpg 1024w, https:\/\/nspj.wroclaw.pl\/new\/wp-content\/uploads\/2023\/05\/IMG20230528123638-300x225.jpg 300w, https:\/\/nspj.wroclaw.pl\/new\/wp-content\/uploads\/2023\/05\/IMG20230528123638-768x576.jpg 768w, https:\/\/nspj.wroclaw.pl\/new\/wp-content\/uploads\/2023\/05\/IMG20230528123638-1536x1152.jpg 1536w, https:\/\/nspj.wroclaw.pl\/new\/wp-content\/uploads\/2023\/05\/IMG20230528123638-2048x1536.jpg 2048w, https:\/\/nspj.wroclaw.pl\/new\/wp-content\/uploads\/2023\/05\/IMG20230528123638-600x450.jpg 600w, https:\/\/nspj.wroclaw.pl\/new\/wp-content\/uploads\/2023\/05\/IMG20230528123638-213x160.jpg 213w, https:\/\/nspj.wroclaw.pl\/new\/wp-content\/uploads\/2023\/05\/IMG20230528123638-1440x1080.jpg 1440w\" sizes=\"auto, (max-width: 1024px) 100vw, 1024px\" \/><\/p>\n<p><span style=\"color: #000000;\">Zdj\u0119cie z 2. Pielgrzymki: Szczytna, 27.05.2023.<\/span><\/p>\n","protected":false},"excerpt":{"rendered":"<p>Klub Pielgrzymkowo-Turystyczny przy parafii NSPJ Wroc\u0142aw-Paw\u0142owice Zapraszamy wszystkich ch\u0119tnych na cykliczne stacjonarne spotkania o r\u00f3\u017cnej tematyce pielgrzymkowo-turystycznej z pokazem zdj\u0119\u0107 oraz na pielgrzymki wyjazdowe. Do tej pory mieli\u015bmy 4 spotkania na Paw\u0142owicach oraz dwukrotnie udali\u015bmy si\u0119 z pielgrzymk\u0105 po wybranych miejscach Dolnego \u015al\u0105ska. Poni\u017cej znajduj\u0105 si\u0119 szczeg\u00f3\u0142y tych wydarze\u0144. Niebawem og\u0142osimy nasze kolejne aktywno\u015bci! Wszystkich&hellip; <br \/> <a class=\"read-more\" href=\"https:\/\/nspj.wroclaw.pl\/new\/klub-pielgrzymkowo-turystyczny\/\">Dowiedz si\u0119 wi\u0119cej<\/a><\/p>\n","protected":false},"author":1,"featured_media":0,"parent":0,"menu_order":0,"comment_status":"closed","ping_status":"closed","template":"","meta":{"ngg_post_thumbnail":0,"footnotes":""},"class_list":["post-4685","page","type-page","status-publish","hentry"],"aioseo_notices":[],"_links":{"self":[{"href":"https:\/\/nspj.wroclaw.pl\/new\/wp-json\/wp\/v2\/pages\/4685","targetHints":{"allow":["GET"]}}],"collection":[{"href":"https:\/\/nspj.wroclaw.pl\/new\/wp-json\/wp\/v2\/pages"}],"about":[{"href":"https:\/\/nspj.wroclaw.pl\/new\/wp-json\/wp\/v2\/types\/page"}],"author":[{"embeddable":true,"href":"https:\/\/nspj.wroclaw.pl\/new\/wp-json\/wp\/v2\/users\/1"}],"replies":[{"embeddable":true,"href":"https:\/\/nspj.wroclaw.pl\/new\/wp-json\/wp\/v2\/comments?post=4685"}],"version-history":[{"count":24,"href":"https:\/\/nspj.wroclaw.pl\/new\/wp-json\/wp\/v2\/pages\/4685\/revisions"}],"predecessor-version":[{"id":6076,"href":"https:\/\/nspj.wroclaw.pl\/new\/wp-json\/wp\/v2\/pages\/4685\/revisions\/6076"}],"wp:attachment":[{"href":"https:\/\/nspj.wroclaw.pl\/new\/wp-json\/wp\/v2\/media?parent=4685"}],"curies":[{"name":"wp","href":"https:\/\/api.w.org\/{rel}","templated":true}]}}