{"id":2724,"date":"2022-03-06T22:15:55","date_gmt":"2022-03-06T21:15:55","guid":{"rendered":"https:\/\/nspj.wroclaw.pl\/new\/?page_id=2724"},"modified":"2022-07-01T22:34:05","modified_gmt":"2022-07-01T20:34:05","slug":"pomoc-ukrainie","status":"publish","type":"page","link":"https:\/\/nspj.wroclaw.pl\/new\/pomoc-ukrainie\/","title":{"rendered":"Pomoc Ukrainie"},"content":{"rendered":"<p><img loading=\"lazy\" decoding=\"async\" class=\"wp-image-2745 size-full aligncenter\" src=\"https:\/\/nspj.wroclaw.pl\/new\/wp-content\/uploads\/2022\/03\/pomoc-ukraninie-banerr1.jpg\" alt=\"\" width=\"1134\" height=\"189\" srcset=\"https:\/\/nspj.wroclaw.pl\/new\/wp-content\/uploads\/2022\/03\/pomoc-ukraninie-banerr1.jpg 1134w, https:\/\/nspj.wroclaw.pl\/new\/wp-content\/uploads\/2022\/03\/pomoc-ukraninie-banerr1-300x50.jpg 300w, https:\/\/nspj.wroclaw.pl\/new\/wp-content\/uploads\/2022\/03\/pomoc-ukraninie-banerr1-1024x171.jpg 1024w, https:\/\/nspj.wroclaw.pl\/new\/wp-content\/uploads\/2022\/03\/pomoc-ukraninie-banerr1-768x128.jpg 768w\" sizes=\"auto, (max-width: 1134px) 100vw, 1134px\" \/><\/p>\n<p style=\"text-align: center;\"><span style=\"color: #333333;\"><em>Maj\u0105c w sercu ewangeliczne przes\u0142anie dotycz\u0105ce uczynk\u00f3w mi\u0142osierdzia:<\/em><\/span><br \/>\n<span style=\"color: #333333;\"><em>&#8222;niech nie wie lewa twoja r\u0119ka, co czyni prawa&#8221; Mt 6,3<\/em><\/span><br \/>\n<span style=\"color: #333333;\"><em>pragniemy dokumentowa\u0107 jednak niekt\u00f3re nasze wsp\u00f3lnotowe dzia\u0142ania<\/em><\/span><br \/>\n<span style=\"color: #333333;\"><em>wyraz\u00f3w solidarno\u015bci i konkretnej pomocy ogarni\u0119tej wojn\u0105 Ukrainie<\/em><\/span><br \/>\n<span style=\"color: #333333;\"><em>&#8211; szczeg\u00f3lnie tych, w kt\u00f3re mo\u017cna si\u0119 w\u0142\u0105czy\u0107.<\/em><\/span><br \/>\n<strong><span style=\"color: #333333;\"><em>Zapraszamy do zg\u0142aszania podejmowanych inicjatyw!<\/em><\/span><\/strong><\/p>\n<h4 style=\"text-align: center;\"><span style=\"color: #000000;\">&nbsp;<span style=\"color: #000080;\">Dy\u017cury naszych wolontariuszy odbywaj\u0105 si\u0119 w pi\u0105tki po Mszy \u015bw. wieczornej w auli Domu Parafialnego.<\/span><\/span><\/h4>\n<p>&nbsp;<\/p>\n<ul>\n<li><span style=\"color: #000000;\">4 czerwca dostarczono mieszka\u0144com Ukrainy (miejscowo\u015bci: S\u0142ochy\u0144, Laszek Murowanych, Dobromila i Ni\u017cankowic) d\u0142ugotrwa\u0142\u0105 \u017cywno\u015b\u0107 i i chemi\u0119 gospodarcz\u0105 zebran\u0105 w naszej parafii.<br \/>\n<img loading=\"lazy\" decoding=\"async\" class=\"alignnone wp-image-3458\" src=\"https:\/\/nspj.wroclaw.pl\/new\/wp-content\/uploads\/2022\/07\/zbiorka_ukraina.jpg\" alt=\"\" width=\"754\" height=\"225\" srcset=\"https:\/\/nspj.wroclaw.pl\/new\/wp-content\/uploads\/2022\/07\/zbiorka_ukraina.jpg 1005w, https:\/\/nspj.wroclaw.pl\/new\/wp-content\/uploads\/2022\/07\/zbiorka_ukraina-300x90.jpg 300w, https:\/\/nspj.wroclaw.pl\/new\/wp-content\/uploads\/2022\/07\/zbiorka_ukraina-768x229.jpg 768w, https:\/\/nspj.wroclaw.pl\/new\/wp-content\/uploads\/2022\/07\/zbiorka_ukraina-600x179.jpg 600w, https:\/\/nspj.wroclaw.pl\/new\/wp-content\/uploads\/2022\/07\/zbiorka_ukraina-280x84.jpg 280w\" sizes=\"auto, (max-width: 754px) 100vw, 754px\" \/><br \/>\n<\/span><\/li>\n<li><span style=\"color: #000000;\">27 kwietnia w Domu Parafialnym odby\u0142o si\u0119 spotkanie wielkanocne dla uchod\u017ac\u00f3w<br \/>\n<img loading=\"lazy\" decoding=\"async\" class=\"alignnone wp-image-3212\" src=\"https:\/\/nspj.wroclaw.pl\/new\/wp-content\/uploads\/2022\/05\/spotkanie-uk27-4-300x113.jpg\" alt=\"\" width=\"600\" height=\"225\" srcset=\"https:\/\/nspj.wroclaw.pl\/new\/wp-content\/uploads\/2022\/05\/spotkanie-uk27-4-300x113.jpg 300w, https:\/\/nspj.wroclaw.pl\/new\/wp-content\/uploads\/2022\/05\/spotkanie-uk27-4-768x288.jpg 768w, https:\/\/nspj.wroclaw.pl\/new\/wp-content\/uploads\/2022\/05\/spotkanie-uk27-4-600x225.jpg 600w, https:\/\/nspj.wroclaw.pl\/new\/wp-content\/uploads\/2022\/05\/spotkanie-uk27-4-280x105.jpg 280w, https:\/\/nspj.wroclaw.pl\/new\/wp-content\/uploads\/2022\/05\/spotkanie-uk27-4.jpg 800w\" sizes=\"auto, (max-width: 600px) 100vw, 600px\" \/><br \/>\n<\/span><\/li>\n<li style=\"text-align: left;\"><span style=\"color: #000000;\"><strong>10 kwietnia po Mszach \u015awi\u0119tych rozpoczynamy zbi\u00f3rk\u0119 <\/strong>d\u0142ugotrwa\u0142ej \u017cywno\u015bci i&nbsp;chemii gospodarczej i zbi\u00f3rk\u0119 datk\u00f3w do puszek na pomoc materialn\u0105 dla go\u015bci z Ukrainy goszcz\u0105cych na naszym osiedlu oraz potrzebuj\u0105cych mieszka\u0144c\u00f3w S\u0142ochy\u0144 i najbli\u017cszych okolic, Laszek Murowanych, Dobromila i Ni\u017cankowic. Pomoc miejscowym go\u015bciom chcemy przekaza\u0107 w kwietniu, natomiast pozostaj\u0105cym na Ukrainie w pierwszej po\u0142owie maja.<\/span><\/li>\n<li style=\"text-align: left;\"><span style=\"color: #000000;\">W ramach wsp\u00f3\u0142pracy ze Stra\u017c\u0105 Graniczn\u0105 w Przemy\u015blu zorganizowali\u015bmy szybk\u0105 pomoc dla o. Karmelit\u00f3w na Ukrainie. Zosta\u0142y zakupione generatory pr\u0105du i przekazane w tym tygodniu karmelickim transportem humanitarnym do potrzebuj\u0105cych. Dzi\u0119kujemy sponsorom z ch\u00f3ru parafialnego i gronu znajomych naszych wolontariuszy.<\/span><\/li>\n<li style=\"text-align: left;\"><span style=\"color: #000000;\">W dniu 18 marca&nbsp; w ramach parafialnego wolontariatu ruszy\u0142y zaj\u0119cia:<\/span><br \/>\n<span style=\"color: #000000;\"><strong>&#8211; j\u0119zyka polskiego dla uchod\u017ac\u00f3w<\/strong> \u2013 <strong>pi\u0105tek godz.15.30-17.30<\/strong>.<\/span><br \/>\n<span style=\"color: #000000;\">Jeste\u015bmy gotowi wprowadzi\u0107 konsultacje r\u00f3wnie\u017c dla naszych m\u0142odych parafian. Prowadzi je bibliotece domu parafialnego pani Irena (wej\u015bcie po schodach od strony ulicy Malwowej).<\/span><br \/>\n<span style=\"color: #000000;\">&#8211; <strong>spotkania z psychoterapeut\u0105<\/strong> \u2013 <strong>pi\u0105tek godz. 16.30<\/strong><\/span><br \/>\n<span style=\"color: #000000;\">(ch\u0119tnych prosimy o zg\u0142aszanie si\u0119 o podanej godzinie do auli w domu parafialnym). Indywidualne rozmowy w salce m\u0142odzie\u017cowej. Prowadzi Pani El\u017cbieta.<\/span><\/li>\n<li style=\"text-align: left;\"><span style=\"color: #000000;\">15 marca 2022&nbsp; w du\u017cej Sali Domu Parafialnego odby\u0142a si\u0119 ekumeniczna modlitwa Taize o pok\u00f3j. <a style=\"color: #000000;\" href=\"https:\/\/nspj.wroclaw.pl\/new\/ekumeniczna-modlitwa-taize-o-pokoj\/\">(Galeria zdj\u0119\u0107)&nbsp;<\/a><\/span><\/li>\n<li style=\"text-align: left;\"><span style=\"color: #000000;\">Zosta\u0142 utworzony kilkunastoosobowy zesp\u00f3\u0142 wolontariuszy, kt\u00f3rego zadaniem jest pomoc Parafianom oraz przybywaj\u0105cym do nas uchod\u017acom z Ukrainy. <a style=\"color: #000000;\" href=\"https:\/\/nspj.wroclaw.pl\/new\/wolontariat-do-spraw-uchodzcow-z-ukrainy\/\">(wi\u0119cej informacji)<\/a><\/span><\/li>\n<li style=\"text-align: left;\"><span style=\"color: #000000;\">W niedziel\u0119 6.03. &#8211; w p\u00f3\u017anych godzinach wieczornych, w Domu Parafialnym go\u015bci\u0142a 4-osobowa delegacja z Niemiec w ramach Dortmundzko-Wroc\u0142awsko-<wbr>Lwowskiej Fundacji \u015aw. Jadwigi, kt\u00f3ra przywioz\u0142a transport lekarstw. Zosta\u0142y one prze\u0142adowane na inne \u015brodki transportu i pojecha\u0142y do miejsca przeznaczenia, a delegacja Fundacji \u2013 po posi\u0142ku i ma\u0142ym wypoczynku -jeszcze tej samej nocy wr\u00f3ci\u0142a do Niemiec.<\/span><\/li>\n<li style=\"text-align: left;\"><span style=\"color: #000000;\">Od 3 marca w naszej parafii podj\u0119ta zosta\u0142a inicjatywa postu ofiarowanego w intencji pokoju na Ukrainie. Przez 40 dni, ka\u017cdego dnia, jedna z os\u00f3b z naszej parafii, po\u015bci o chlebie i wodzie.<\/span><\/li>\n<li style=\"text-align: left;\"><span style=\"color: #000000;\">Od 26 lutego przed ka\u017cd\u0105 Msz\u0105 \u015awi\u0119t\u0105, odmawiamy R\u00f3\u017caniec w intencji narodu ukrai\u0144skiego i tocz\u0105cej si\u0119 tam wojny.<\/span><\/li>\n<li style=\"text-align: left;\"><span style=\"color: #000000;\">W niedziele 27 lutego oraz w \u015arod\u0119 Popielcow\u0105 2 marca br. przeprowadzono zbi\u00f3rk\u0119 ofiar z inicjatywy Caritas dla do\u015bwiadczonej wojn\u0105 Ukrainy, kt\u00f3ra wynios\u0142a 10.037,00 z\u0142<\/span><\/li>\n<\/ul>\n<h4 style=\"text-align: center;\"><span style=\"color: #000000;\">Dzi\u0119kujemy za pojawiaj\u0105cych si\u0119 ludzi dobrej woli oferuj\u0105cych r\u00f3\u017cnorodn\u0105 pomoc uchod\u017acom:&nbsp; materialn\u0105 i niematerialn\u0105. Serdeczne B\u00f3g zap\u0142a\u0107!<br \/>\n<strong>Zapraszamy do pomocy nowych ch\u0119tnych wolontariuszy do naszego grona.<\/strong><\/span><\/h4>\n<p>&nbsp;<\/p>\n","protected":false},"excerpt":{"rendered":"<p>Maj\u0105c w sercu ewangeliczne przes\u0142anie dotycz\u0105ce uczynk\u00f3w mi\u0142osierdzia: &#8222;niech nie wie lewa twoja r\u0119ka, co czyni prawa&#8221; Mt 6,3 pragniemy dokumentowa\u0107 jednak niekt\u00f3re nasze wsp\u00f3lnotowe dzia\u0142ania wyraz\u00f3w solidarno\u015bci i konkretnej pomocy ogarni\u0119tej wojn\u0105 Ukrainie &#8211; szczeg\u00f3lnie tych, w kt\u00f3re mo\u017cna si\u0119 w\u0142\u0105czy\u0107. Zapraszamy do zg\u0142aszania podejmowanych inicjatyw! &nbsp;Dy\u017cury naszych wolontariuszy odbywaj\u0105 si\u0119 w pi\u0105tki po&hellip; <br \/> <a class=\"read-more\" href=\"https:\/\/nspj.wroclaw.pl\/new\/pomoc-ukrainie\/\">Dowiedz si\u0119 wi\u0119cej<\/a><\/p>\n","protected":false},"author":1,"featured_media":0,"parent":0,"menu_order":0,"comment_status":"closed","ping_status":"closed","template":"","meta":{"ngg_post_thumbnail":0,"footnotes":""},"class_list":["post-2724","page","type-page","status-publish","hentry"],"aioseo_notices":[],"_links":{"self":[{"href":"https:\/\/nspj.wroclaw.pl\/new\/wp-json\/wp\/v2\/pages\/2724","targetHints":{"allow":["GET"]}}],"collection":[{"href":"https:\/\/nspj.wroclaw.pl\/new\/wp-json\/wp\/v2\/pages"}],"about":[{"href":"https:\/\/nspj.wroclaw.pl\/new\/wp-json\/wp\/v2\/types\/page"}],"author":[{"embeddable":true,"href":"https:\/\/nspj.wroclaw.pl\/new\/wp-json\/wp\/v2\/users\/1"}],"replies":[{"embeddable":true,"href":"https:\/\/nspj.wroclaw.pl\/new\/wp-json\/wp\/v2\/comments?post=2724"}],"version-history":[{"count":48,"href":"https:\/\/nspj.wroclaw.pl\/new\/wp-json\/wp\/v2\/pages\/2724\/revisions"}],"predecessor-version":[{"id":3210,"href":"https:\/\/nspj.wroclaw.pl\/new\/wp-json\/wp\/v2\/pages\/2724\/revisions\/3210"}],"wp:attachment":[{"href":"https:\/\/nspj.wroclaw.pl\/new\/wp-json\/wp\/v2\/media?parent=2724"}],"curies":[{"name":"wp","href":"https:\/\/api.w.org\/{rel}","templated":true}]}}