{"id":2660,"date":"2022-03-01T22:10:04","date_gmt":"2022-03-01T21:10:04","guid":{"rendered":"https:\/\/nspj.wroclaw.pl\/new\/?page_id=2660"},"modified":"2023-09-30T22:45:00","modified_gmt":"2023-09-30T20:45:00","slug":"biblioteka-parafialna","status":"publish","type":"page","link":"https:\/\/nspj.wroclaw.pl\/new\/biblioteka-parafialna\/","title":{"rendered":"Biblioteka Parafialna"},"content":{"rendered":"<h4 style=\"text-align: center;\"><span style=\"color: #000000;\">Biblioteka Parafialna mie\u015bci si\u0119 w Domu Parafialnym im. \u015aw. Jana Paw\u0142a II na Paw\u0142owicach.<\/span><br \/>\n<span style=\"color: #000000;\"><strong>Zapraszamy w \u015brody po wieczornej Mszy \u015awi\u0119tej.<\/strong><\/span><\/h4>\n<p><img loading=\"lazy\" decoding=\"async\" class=\"aligncenter wp-image-2655\" src=\"https:\/\/nspj.wroclaw.pl\/new\/wp-content\/uploads\/2022\/03\/IMG_2759-300x225.jpg\" alt=\"\" width=\"450\" height=\"338\" srcset=\"https:\/\/nspj.wroclaw.pl\/new\/wp-content\/uploads\/2022\/03\/IMG_2759-300x225.jpg 300w, https:\/\/nspj.wroclaw.pl\/new\/wp-content\/uploads\/2022\/03\/IMG_2759-1024x768.jpg 1024w, https:\/\/nspj.wroclaw.pl\/new\/wp-content\/uploads\/2022\/03\/IMG_2759-768x576.jpg 768w, https:\/\/nspj.wroclaw.pl\/new\/wp-content\/uploads\/2022\/03\/IMG_2759-1536x1152.jpg 1536w, https:\/\/nspj.wroclaw.pl\/new\/wp-content\/uploads\/2022\/03\/IMG_2759-1440x1080.jpg 1440w, https:\/\/nspj.wroclaw.pl\/new\/wp-content\/uploads\/2022\/03\/IMG_2759.jpg 1632w\" sizes=\"auto, (max-width: 450px) 100vw, 450px\" \/><\/p>\n<p style=\"text-align: left;\"><span style=\"color: #000000;\">Ca\u0142y zas\u00f3b, czyli 2467 wolumin\u00f3w, zosta\u0142 podzielony tematycznie i u\u0142o\u017cony na p\u00f3\u0142kach alfabetycznie. <em>(stan na 01.03.2022)<\/em><\/span><\/p>\n<p style=\"text-align: left;\"><span style=\"color: #000080;\"><strong>I &#8211; Ksi\u0105\u017cki i czasopisma o tematyce religijnej:<\/strong><\/span><\/p>\n<ol style=\"text-align: left;\">\n<li><span style=\"color: #000000;\">Biblia<\/span><\/li>\n<li><span style=\"color: #000000;\">Jezus Chrystus<\/span><\/li>\n<li><span style=\"color: #000000;\">\u015aw. Jan Pawe\u0142 II<\/span><\/li>\n<li><span style=\"color: #000000;\">Matka Bo\u017ca<\/span><\/li>\n<li><span style=\"color: #000000;\">\u015awi\u0119ci, b\u0142ogos\u0142awieni, \u015bwi\u0105tobliwi<\/span><\/li>\n<li><span style=\"color: #000000;\">Sakramenty<\/span><\/li>\n<li><span style=\"color: #000000;\">Katechizmy<\/span><\/li>\n<li><span style=\"color: #000000;\">S\u0142owniki, encyklopedie, albumy<\/span><\/li>\n<li><span style=\"color: #000000;\">R\u00f3\u017cne<\/span><\/li>\n<\/ol>\n<p>&nbsp;<\/p>\n<p style=\"text-align: left;\"><span style=\"color: #000000;\">Z powy\u017cszego katalogu polecam zacnym Czytelnikom, wg mnie, interesuj\u0105ce pozycje:<\/span><\/p>\n<p style=\"text-align: left;\"><span style=\"color: #000000;\"><strong><span style=\"color: #0000ff;\"><a style=\"color: #0000ff;\" href=\"https:\/\/lubimyczytac.pl\/ksiazka\/110610\/zywot-i-bolesna-meka-pana-naszego-jezusa-chrystusa-i-najswietszej-matki-jego-maryi-wraz-z-taj\" target=\"_blank\" rel=\"noopener\"><span style=\"color: #008080;\">Anna Katarzyna Emmerich \u2013 \u201e\u017bYWOT I BOLESNA M\u0118KA PANA NASZEGO JEZUSA CHRYSTUSA\u201d<\/span><\/a><\/span>;&nbsp; \u201eEWANGELIA JANA PAW\u0141A II\u201d; \u201eILUSTROWANY LEKSYKON POLSKICH \u015aWI\u0118TYCH, B\u0141OGOS\u0141AWIONYCH I S\u0141UG BO\u017bYCH z rozwa\u017caniami Jana Paw\u0142a II\u201d; Wofgang Broer \u2013\u201eZ ZAWODU JESTEM PAPIE\u017bEM\u201d; \u201eCUDA LOURDES\u201d; Barbara Lubieniecka- Baraniak \u2013 \u201ePA\u0141AC DLA KR\u00d3LOWEJ\u201d; Ks. Miros\u0142aw Drzewiecki \u2013\u201eCZAS PRZY\u0141APANY 3\u201d; \u201ePISZ\u0118 DO KSI\u0118DZA \u2013 Ks. Miros\u0142aw Drzewiecki odpowiada na listy z sieci\u201d; <a style=\"color: #000000;\" href=\"https:\/\/lubimyczytac.pl\/ksiazka\/141843\/dziennik-duszy\" target=\"_blank\" rel=\"noopener\"><span style=\"color: #008080;\">Jan XXIII \u2013 \u201eDZIENNIK DUSZY<\/span><\/a><span style=\"color: #008080;\">\u201d<\/span>; <\/strong><a style=\"color: #000000;\" href=\"https:\/\/www.wydawnictwofronda.pl\/ksiazki\/religiafilozofiaduchowosc\/chodzi-mi-tylko-o-prawde\" target=\"_blank\" rel=\"noopener\">&nbsp;<\/a><strong><span style=\"color: #008080;\"><a style=\"color: #008080;\" href=\"https:\/\/www.wydawnictwofronda.pl\/ksiazki\/religiafilozofiaduchowosc\/chodzi-mi-tylko-o-prawde\" target=\"_blank\" rel=\"noopener\">Ks. Tadeusz Isakowicz-Zaleski \u2013 \u201eCHODZI MI TYLKO O PRAWD\u0118\u201d<\/a><\/span>; \u201eJOANNA BERETTA MOLLA\u201d \u2013 pe\u0142na biografia w 50. rocznic\u0119 \u015bmierci; \u201eURZ\u0104D W CZASACH TWITTERA\u201d \u2013pos\u0142uga Abpa J\u00f3zefa Kupnego w Archidiecezji Wroc\u0142awskiej; \u201eKATY\u0143SKI KURIER \u2013 KS.STEFAN NIEDZIELAK\u201d; <span style=\"color: #008080;\"><a style=\"color: #008080;\" href=\"https:\/\/lubimyczytac.pl\/ksiazka\/4471190\/jezu-ty-sie-tym-zajmij-o-dolindo-ruotolo-zycie-i-cuda\" target=\"_blank\" rel=\"noopener\">\u201eJEZU, TY SI\u0118 TYM ZAJMIJ! O.DOLINDO RUOTOLO\u201d \u2013 \u017cycie i cuda<\/a><\/span>; \u201ePRYMAS TYSI\u0104CLECIA\u201d; Zbigniew Przybylak \u2013 \u201eS\u0141AWNE PROROCTWA, OBJAWIENIA, PRZEPOWIEDNIE DLA Polski i \u015aWIATA NA XXI WIEK\u201d; Ks. Bp Grzegorz Ry\u015b \u2013 \u201eKO\u015aCI\u00d3\u0141, FRANCISZEK, \u015aWIAT\u201d.<\/strong> Ponadto mamy w zasobach 30 numer\u00f3w (od r. 2007 do 2011) Miesi\u0119cznika Postulacji do Spraw Beatyfikacji i Kanonizacji S\u0142ugi Bo\u017cego Jana Paw\u0142a II pt. \u201eTotus Tuus\u201d, <strong>101 pozycji autorstwa Jana Paw\u0142a II lub na temat Jego \u017cycia i pos\u0142ugi kap\u0142a\u0144skiej,<\/strong> 52 pozycje w postaci s\u0142ownik\u00f3w, encyklopedii i album\u00f3w o tematyce religijnej, np. <strong>9 tom\u00f3w encyklopedii pt. \u201eRELIGIA\u201d.<\/strong><\/span><\/p>\n<p style=\"text-align: left;\"><span style=\"color: #000080;\"><strong>II \u2013 Literatura \u015bwiecka:<\/strong><\/span><\/p>\n<ol style=\"text-align: left;\">\n<li><span style=\"color: #000000;\">Literatura pi\u0119kna klasyczna polska i obca (w tym lektury szkolne)<\/span><\/li>\n<li><span style=\"color: #000000;\">Poezja<\/span><\/li>\n<li><span style=\"color: #000000;\">Beletrystyka<\/span><\/li>\n<li><span style=\"color: #000000;\">Ksi\u0105\u017cki historyczne<\/span><\/li>\n<li><span style=\"color: #000000;\">Ksi\u0105\u017cki o zdrowiu i przyrodzie<\/span><\/li>\n<li><span style=\"color: #000000;\">Ksi\u0105\u017cki o wychowaniu<\/span><\/li>\n<li><span style=\"color: #000000;\">S\u0142owniki, encyklopedie, albumy<\/span><\/li>\n<li><span style=\"color: #000000;\">Pozycje o tematyce r\u00f3\u017cnej<\/span><\/li>\n<\/ol>\n<p style=\"text-align: left;\"><span style=\"color: #000000;\">Poleci\u0142abym kilka ciekawych pozycji z literatury historycznej:<\/span><\/p>\n<p style=\"text-align: left;\"><span style=\"color: #000000;\"><strong><a style=\"color: #000000;\" href=\"https:\/\/lubimyczytac.pl\/ksiazka\/31571\/znad-niemna-przez-sybir-do-ii-korpusu\" target=\"_blank\" rel=\"noopener\"><span style=\"color: #008080;\">Tadeusz Bodnar \u2013 \u201eZNAD NIEMNA, PRZEZ SYBIR DO II KORPUSU<\/span>\u201d<\/a>;&nbsp; Wojciech Ch\u0105dzy\u0144ski \u2013 \u201eTAJEMNICE WROC\u0141AWSKIEJ KATEDRY I OSTROWA TUMSKIEGO\u201d \u2013 fakty i legendy; James Harpur \u2013 \u201eTAJEMNICE MIEJSC \u015aWI\u0118TYCH\u201d; Karolina Lanckoro\u0144ska \u2013 \u201eWSPOMNIENIA WOJENNE\u201d;<span style=\"color: #008080;\"> <a style=\"color: #008080;\" href=\"https:\/\/lubimyczytac.pl\/ksiazka\/206999\/tajne-akta-watykanu-dyplomacja-kosciola-dokumenty-i-tajemnice\" target=\"_blank\" rel=\"noopener\">Matteo Luigi Napolitano \u2013 \u201eTAJNE AKTA WATYKANU \u2013 DYPLOMACJA KO\u015aCIO\u0141A \u2013 DOKUMENTY I TAJEMNICE\u201d<\/a><\/span>, Hanibal Smoke \u2013 \u201eNIEWIDZIALNE MIASTO \u2013 WROC\u0141AW, KT\u00d3RY PRZESTA\u0141 ISTNIE\u0106\/ 1938 \u2013 2000\u201d; <span style=\"color: #008080;\"><a style=\"color: #008080;\" href=\"https:\/\/lubimyczytac.pl\/ksiazka\/169537\/zolnierze-wykleci-niezlomni-bohaterowie\" target=\"_blank\" rel=\"noopener\">Joanna Wieliczka- Szarkowa \u2013 \u201e\u017bO\u0141NIERZE WYKL\u0118CI \u2013 NIEZ\u0141OMNI BOHATEROWIE\u201d<\/a><\/span>; Mariola Pryzwan \u2013 \u201eANNA GERMAN O SOBIE\u201d.<\/strong><\/span><\/p>\n<p style=\"text-align: left;\"><span style=\"color: #000000;\">Z innych ksi\u0105\u017cek polecam: <strong>Yves Boulvin \u2013 \u201eKLUCZ DO ZROZUMIENIA RELACJI RODZICE \u2013 DZIECI\u201d; Ks. Marek Dziewiecki \u2013 \u201eOD URWISA DO BOHATERA. WYCHOWANIE DUCHOWE, MORALNE I RELIGINE CH\u0141OPC\u00d3W\u201d; \u201eZIO\u0141A DLA ZDROWIA I URODY\u201d; Zbigniew T. Nowak \u2013 \u201eNATURALNE KURACJE PRZED\u0141U\u017bAJ\u0104CE \u017bYCIE\u201d.<\/strong><\/span><\/p>\n<p style=\"text-align: left;\"><span style=\"color: #000000;\">Na zako\u0144czenie zapraszam naszych Parafian do odwiedzenia Biblioteki Parafialnej i wybrania sobie ciekawej lektury dla przyjemno\u015bci, pog\u0142\u0119bienia wiedzy oraz wypoczynku. Dzi\u0119ki dobrej ksi\u0105\u017cce mo\u017cna oderwa\u0107 si\u0119 cho\u0107 na chwil\u0119 od trudnej rzeczywisto\u015bci, aby nabra\u0107 do niej w\u0142a\u015bciwego, zdrowego dystansu.<\/span><\/p>\n<p style=\"text-align: left;\"><span style=\"color: #000000;\">Irena Kufli\u0144ska<\/span><\/p>\n<p>&nbsp;<\/p>\n<p style=\"text-align: left;\"><strong><span style=\"color: #000000;\">Zapraszamy do odwiedzenie poni\u017cszego katalogu, w celu wyszukania interesuj\u0105cych pozycji.<\/span><\/strong><br \/>\n<span style=\"color: #000000;\">(Strona jest na bie\u017c\u0105co aktualizowana)<\/span><\/p>\n<p style=\"text-align: left;\"><span style=\"color: #000000;\"><strong><a href=\"https:\/\/nspj.wroclaw.pl\/new\/katalog\/\" target=\"_blank\" rel=\"noopener\"><img loading=\"lazy\" decoding=\"async\" class=\"alignnone wp-image-5118 size-full\" src=\"https:\/\/nspj.wroclaw.pl\/new\/wp-content\/uploads\/2023\/03\/KATALOG_KSIAZEK_02.jpg\" alt=\"\" width=\"1600\" height=\"380\" srcset=\"https:\/\/nspj.wroclaw.pl\/new\/wp-content\/uploads\/2023\/03\/KATALOG_KSIAZEK_02.jpg 1600w, https:\/\/nspj.wroclaw.pl\/new\/wp-content\/uploads\/2023\/03\/KATALOG_KSIAZEK_02-300x71.jpg 300w, https:\/\/nspj.wroclaw.pl\/new\/wp-content\/uploads\/2023\/03\/KATALOG_KSIAZEK_02-1024x243.jpg 1024w, https:\/\/nspj.wroclaw.pl\/new\/wp-content\/uploads\/2023\/03\/KATALOG_KSIAZEK_02-768x182.jpg 768w, https:\/\/nspj.wroclaw.pl\/new\/wp-content\/uploads\/2023\/03\/KATALOG_KSIAZEK_02-1536x365.jpg 1536w, https:\/\/nspj.wroclaw.pl\/new\/wp-content\/uploads\/2023\/03\/KATALOG_KSIAZEK_02-600x143.jpg 600w, https:\/\/nspj.wroclaw.pl\/new\/wp-content\/uploads\/2023\/03\/KATALOG_KSIAZEK_02-280x67.jpg 280w\" sizes=\"auto, (max-width: 1600px) 100vw, 1600px\" \/><\/a><\/strong><\/span><\/p>\n<div class=\"notranslate\" style=\"border-block: initial; border-inline: initial; border-start-start-radius: initial; border-start-end-radius: initial; border-end-start-radius: initial; border-end-end-radius: initial; overflow-inline: initial; overflow-block: initial; overscroll-behavior-inline: initial; overscroll-behavior-block: initial; margin-block: initial; margin-inline: initial; scroll-margin-block: initial; scroll-margin-inline: initial; padding-block: initial; padding-inline: initial; scroll-padding-block: initial; scroll-padding-inline: initial; inset-block: initial; inset-inline: initial; block-size: initial; min-block-size: initial; max-block-size: initial; inline-size: initial; min-inline-size: initial; max-inline-size: initial; background: initial; background-blend-mode: initial; border: initial; border-radius: initial; box-decoration-break: initial; -moz-float-edge: initial; display: initial; position: initial; float: initial; clear: initial; vertical-align: initial; overflow: initial; overflow-anchor: initial; transition: initial; animation: initial; transform: initial; rotate: initial; scale: initial; translate: initial; offset: initial; scroll-behavior: initial; scroll-snap-align: initial; scroll-snap-type: initial; overscroll-behavior: initial; isolation: initial; break-after: initial; break-before: initial; break-inside: initial; resize: initial; perspective: initial; perspective-origin: initial; backface-visibility: initial; transform-box: initial; transform-style: initial; transform-origin: initial; contain: initial; appearance: initial; -moz-orient: initial; will-change: initial; shape-image-threshold: initial; shape-margin: initial; shape-outside: initial; touch-action: initial; -webkit-line-clamp: initial; scrollbar-gutter: initial; columns: initial; column-fill: initial; column-rule: initial; column-span: initial; content: initial; counter-increment: initial; counter-reset: initial; counter-set: initial; opacity: initial; box-shadow: initial; clip: initial; filter: initial; mix-blend-mode: initial; font: initial; font-synthesis: initial; visibility: initial; writing-mode: initial; text-orientation: initial; print-color-adjust: initial; image-rendering: initial; image-orientation: initial; dominant-baseline: initial; text-anchor: initial; color-interpolation: initial; color-interpolation-filters: initial; fill: initial; fill-opacity: initial; fill-rule: initial; shape-rendering: initial; stroke: initial; stroke-width: initial; stroke-linecap: initial; stroke-linejoin: initial; stroke-miterlimit: initial; stroke-opacity: initial; stroke-dasharray: initial; stroke-dashoffset: initial; clip-rule: initial; marker: initial; paint-order: initial; border-collapse: initial; empty-cells: initial; caption-side: initial; border-spacing: initial; color: initial; text-transform: initial; hyphens: initial; -moz-text-size-adjust: initial; text-indent: initial; overflow-wrap: initial; word-break: initial; text-justify: initial; text-align-last: initial; text-align: left; letter-spacing: initial; word-spacing: initial; white-space: initial; text-shadow: initial; text-emphasis: initial; text-emphasis-position: initial; tab-size: initial; line-break: initial; -webkit-text-fill-color: initial; -webkit-text-stroke: initial; ruby-align: initial; ruby-position: initial; text-combine-upright: initial; text-rendering: initial; text-underline-offset: initial; text-underline-position: initial; text-decoration-skip-ink: initial; cursor: initial; pointer-events: initial; -moz-user-input: initial; -moz-user-modify: initial; -moz-user-focus: initial; caret-color: initial; accent-color: initial; color-scheme: initial; scrollbar-color: initial; list-style: initial; quotes: initial; -moz-image-region: initial; margin: initial; scroll-margin: initial; outline: initial; outline-offset: initial; size: initial; padding: initial; scroll-padding: initial; inset: initial; z-index: initial; flex-flow: initial; place-content: initial; place-items: initial; flex: initial; place-self: initial; order: initial; width: initial; min-width: initial; max-width: initial; height: initial; min-height: initial; max-height: initial; box-sizing: initial; object-fit: initial; object-position: initial; grid-area: initial; grid: initial; gap: initial; aspect-ratio: initial; vector-effect: initial; stop-color: initial; stop-opacity: initial; flood-color: initial; flood-opacity: initial; lighting-color: initial; mask-type: initial; clip-path: initial; mask: initial; x: initial; y: initial; cx: initial; cy: initial; rx: initial; ry: initial; r: initial; d: initial; table-layout: initial; text-overflow: initial; text-decoration: initial; ime-mode: initial; scrollbar-width: initial; user-select: initial; -moz-window-dragging: initial; -moz-force-broken-image-icon: initial; -moz-box-align: initial; -moz-box-direction: initial; -moz-box-flex: initial; -moz-box-orient: initial; -moz-box-pack: initial; -moz-box-ordinal-group: initial;\">&nbsp;<\/div>\n","protected":false},"excerpt":{"rendered":"<p>Biblioteka Parafialna mie\u015bci si\u0119 w Domu Parafialnym im. \u015aw. Jana Paw\u0142a II na Paw\u0142owicach. Zapraszamy w \u015brody po wieczornej Mszy \u015awi\u0119tej. Ca\u0142y zas\u00f3b, czyli 2467 wolumin\u00f3w, zosta\u0142 podzielony tematycznie i u\u0142o\u017cony na p\u00f3\u0142kach alfabetycznie. (stan na 01.03.2022) I &#8211; Ksi\u0105\u017cki i czasopisma o tematyce religijnej: Biblia Jezus Chrystus \u015aw. Jan Pawe\u0142 II Matka Bo\u017ca \u015awi\u0119ci,&hellip; <br \/> <a class=\"read-more\" href=\"https:\/\/nspj.wroclaw.pl\/new\/biblioteka-parafialna\/\">Dowiedz si\u0119 wi\u0119cej<\/a><\/p>\n","protected":false},"author":1,"featured_media":0,"parent":0,"menu_order":0,"comment_status":"closed","ping_status":"closed","template":"","meta":{"ngg_post_thumbnail":0,"footnotes":""},"class_list":["post-2660","page","type-page","status-publish","hentry"],"aioseo_notices":[],"_links":{"self":[{"href":"https:\/\/nspj.wroclaw.pl\/new\/wp-json\/wp\/v2\/pages\/2660","targetHints":{"allow":["GET"]}}],"collection":[{"href":"https:\/\/nspj.wroclaw.pl\/new\/wp-json\/wp\/v2\/pages"}],"about":[{"href":"https:\/\/nspj.wroclaw.pl\/new\/wp-json\/wp\/v2\/types\/page"}],"author":[{"embeddable":true,"href":"https:\/\/nspj.wroclaw.pl\/new\/wp-json\/wp\/v2\/users\/1"}],"replies":[{"embeddable":true,"href":"https:\/\/nspj.wroclaw.pl\/new\/wp-json\/wp\/v2\/comments?post=2660"}],"version-history":[{"count":24,"href":"https:\/\/nspj.wroclaw.pl\/new\/wp-json\/wp\/v2\/pages\/2660\/revisions"}],"predecessor-version":[{"id":6747,"href":"https:\/\/nspj.wroclaw.pl\/new\/wp-json\/wp\/v2\/pages\/2660\/revisions\/6747"}],"wp:attachment":[{"href":"https:\/\/nspj.wroclaw.pl\/new\/wp-json\/wp\/v2\/media?parent=2660"}],"curies":[{"name":"wp","href":"https:\/\/api.w.org\/{rel}","templated":true}]}}